{"id":724,"date":"2017-03-21T08:28:11","date_gmt":"2017-03-21T07:28:11","guid":{"rendered":"https:\/\/www.parthages.be\/wordpress\/produit\/handicap-et-sexualite\/"},"modified":"2022-10-18T07:16:13","modified_gmt":"2022-10-18T05:16:13","slug":"handicap-et-sexualite","status":"publish","type":"product","link":"https:\/\/www.parthages.be\/eboutique\/produit\/handicap-et-sexualite\/","title":{"rendered":"Handicap et sexualit\u00e9"},"content":{"rendered":"<p>D\u00e9ni, oubli et reconnaissance. Un groupe de sp\u00e9cialistes a souhait\u00e9 \u00e9tudier de pr\u00e8s la question du handicap et de la sexualit\u00e9. Georges Eid montre l&rsquo;\u00e9volution du discours scientifique dans ce domaine. Denis Vaginay insiste sur l&rsquo;\u00e9quivalence identitaire entre personnes en situation de handicap et les autres. Delphine Siegriest met l&rsquo;accent sur les droits sexuels des femmes en situation de handicap. Fran\u00e7ois Crochon aborde l&rsquo;accompagnement institutionnel, Fran\u00e7oise Vatr\u00e9 l&rsquo;accompagnement p\u00e9dagogique et Wayne Bodkin l&rsquo;accompagnement clinique. Pierre Ancet traite, quant \u00e0 lui, de l&rsquo;\u00e9pineux probl\u00e8me de l&rsquo;accompagnement sexuel. Tandis qu&rsquo;Alain Giami nous propose une vision panoramique de l&rsquo;\u00e9volution de la gestion de la sexualit\u00e9 des personnes en situation de handicap sur plus de 40 ans, avec ses avanc\u00e9es et ses contradictions.<\/p>\n<p>(pr\u00e9sentation de l&rsquo;\u00e9diteur)<\/p>\n<p>EID G.<\/p>\n<p>Chronique sociale<\/p>\n<p>2017-122p.<\/p>\n<p>190gr<\/p>\n<p>ISBN: 978-2-36717-312-2<\/p>\n<p>Cote doc: 2-30-EID-H<\/p>\n<span class=\"et_bloom_bottom_trigger\"><\/span>","protected":false},"excerpt":{"rendered":"<p>D\u00e9ni, oubli et reconnaissance<\/p>\n","protected":false},"featured_media":723,"comment_status":"open","ping_status":"closed","template":"","meta":{"_et_pb_use_builder":"","_et_pb_old_content":"","_et_gb_content_width":"","spay_email":""},"class_list":["post-724","product","type-product","status-publish","has-post-thumbnail","hentry","product_cat-livres","product_tag-accompagnement","product_tag-adulte","product_tag-assistance-sexuelle","product_tag-citoyennete","product_tag-droit","product_tag-enfant","product_tag-personne-handicapee","product_tag-reconnaissance-du-handicap","product_tag-sexualite","product_tag-societe"],"jetpack_sharing_enabled":true,"jetpack_likes_enabled":true,"_links":{"self":[{"href":"https:\/\/www.parthages.be\/eboutique\/wp-json\/wp\/v2\/product\/724","targetHints":{"allow":["GET"]}}],"collection":[{"href":"https:\/\/www.parthages.be\/eboutique\/wp-json\/wp\/v2\/product"}],"about":[{"href":"https:\/\/www.parthages.be\/eboutique\/wp-json\/wp\/v2\/types\/product"}],"replies":[{"embeddable":true,"href":"https:\/\/www.parthages.be\/eboutique\/wp-json\/wp\/v2\/comments?post=724"}],"wp:featuredmedia":[{"embeddable":true,"href":"https:\/\/www.parthages.be\/eboutique\/wp-json\/wp\/v2\/media\/723"}],"wp:attachment":[{"href":"https:\/\/www.parthages.be\/eboutique\/wp-json\/wp\/v2\/media?parent=724"}],"curies":[{"name":"wp","href":"https:\/\/api.w.org\/{rel}","templated":true}]}}