{"id":728,"date":"2017-03-21T08:31:52","date_gmt":"2017-03-21T07:31:52","guid":{"rendered":"https:\/\/www.parthages.be\/wordpress\/produit\/dix-annees-de-sclerose-en-plaques\/"},"modified":"2022-07-26T10:51:46","modified_gmt":"2022-07-26T08:51:46","slug":"dix-annees-de-sclerose-en-plaques","status":"publish","type":"product","link":"https:\/\/www.parthages.be\/eboutique\/produit\/dix-annees-de-sclerose-en-plaques\/","title":{"rendered":"Dix ann\u00e9es de scl\u00e9rose en plaques"},"content":{"rendered":"<p>La Scl\u00e9rose en Plaques comme compagne de vie, ou comment vivre avec cette maladie ni contagieuse, ni mortelle, mais sournoise, insidieuse et impr\u00e9visible.<\/p>\n<p>Vivre en famille parmi les siens conserv\u00e9 une activit\u00e9 professionnelle et garder le contact avec le monde des bien-portants, tout en ayant un pied dans l\u2019univers m\u00e9dical et hospitalier&#8230;.. Une gageure ? Non, plut\u00f4t un programme de vie sans complaisance, ni faux-fuyant, une r\u00e9trospective de nature \u00e0 faire \u00e9voluer les mentalit\u00e9s et faciliter les \u00e9changes entre actifs et handicap\u00e9s.<\/p>\n<p>Un r\u00e9cit puissant parsem\u00e9 de moments de vie intenses, charg\u00e9 d\u2019\u00e9motion, d\u2019amour et d\u2019humour : une bouff\u00e9e d\u2019oxyg\u00e8ne. (Pr\u00e9sentation de l\u2019Editeur)<\/p>\n<p>AUBERT T.<\/p>\n<p>Editions de l&rsquo;Officine<\/p>\n<p>2016-254p.-320gr-<\/p>\n<p>ISBN\u00a0: 978-2-35551-235-3<\/p>\n<p>Cote doc : 1-20-AUB-D<\/p>\n<p><strong><em>Uniquement \u00e0 la location<\/em><\/strong><\/p>\n<span class=\"et_bloom_bottom_trigger\"><\/span>","protected":false},"excerpt":{"rendered":"<p>La Scl\u00e9rose en Plaques comme compagne de vie, ou comment vivre avec cette maladie ni contagieuse, ni mortelle, mais sournoise, insidieuse et impr\u00e9visible.<\/p>\n","protected":false},"featured_media":727,"comment_status":"open","ping_status":"closed","template":"","meta":{"_et_pb_use_builder":"","_et_pb_old_content":"","_et_gb_content_width":"","spay_email":""},"class_list":["post-728","product","type-product","status-publish","has-post-thumbnail","hentry","product_cat-livres","product_tag-changement-de-comportement","product_tag-maladie","product_tag-sclerose-en-plaque","product_tag-souffrance","product_tag-temoignage"],"jetpack_sharing_enabled":true,"jetpack_likes_enabled":true,"_links":{"self":[{"href":"https:\/\/www.parthages.be\/eboutique\/wp-json\/wp\/v2\/product\/728","targetHints":{"allow":["GET"]}}],"collection":[{"href":"https:\/\/www.parthages.be\/eboutique\/wp-json\/wp\/v2\/product"}],"about":[{"href":"https:\/\/www.parthages.be\/eboutique\/wp-json\/wp\/v2\/types\/product"}],"replies":[{"embeddable":true,"href":"https:\/\/www.parthages.be\/eboutique\/wp-json\/wp\/v2\/comments?post=728"}],"wp:featuredmedia":[{"embeddable":true,"href":"https:\/\/www.parthages.be\/eboutique\/wp-json\/wp\/v2\/media\/727"}],"wp:attachment":[{"href":"https:\/\/www.parthages.be\/eboutique\/wp-json\/wp\/v2\/media?parent=728"}],"curies":[{"name":"wp","href":"https:\/\/api.w.org\/{rel}","templated":true}]}}