{"id":730,"date":"2017-04-20T15:06:15","date_gmt":"2017-04-20T13:06:15","guid":{"rendered":"https:\/\/www.parthages.be\/wordpress\/produit\/ameliorer-les-habiletes-sociales-ateliers-pour-enfants-tsa-et-autrested\/"},"modified":"2022-06-03T09:56:36","modified_gmt":"2022-06-03T07:56:36","slug":"ameliorer-les-habiletes-sociales-ateliers-pour-enfants-tsa-et-autrested","status":"publish","type":"product","link":"https:\/\/www.parthages.be\/eboutique\/produit\/ameliorer-les-habiletes-sociales-ateliers-pour-enfants-tsa-et-autrested\/","title":{"rendered":"Am\u00e9liorer les habilet\u00e9s sociales: ateliers pour enfants TSA et autresTED"},"content":{"rendered":"<p>Cet ouvrage propose plus de 100 nouveaux ateliers d&rsquo;entra\u00eenement aux habilet\u00e9s sociales, pr\u00e9sent\u00e9s sous la forme de jeux.<\/p>\n<p>Ces ateliers s&rsquo;adressent aux enfants qui ont d\u00e9j\u00e0 int\u00e9gr\u00e9 les pr\u00e9-requis aux habilet\u00e9s sociales (notamment le regard et le toucher) que nous avons pr\u00e9sent\u00e9s dans le pr\u00e9c\u00e9dent tome.<\/p>\n<p>Chaque atelier est d\u00e9crit avec pr\u00e9cision, avec :<br \/>\n&#8211; sa dur\u00e9e ;<br \/>\n&#8211; le mat\u00e9riel n\u00e9cessaire ;<br \/>\n&#8211; les consignes d\u00e9taill\u00e9es ;<br \/>\n&#8211; le nombre de participants ;<br \/>\n&#8211; les comp\u00e9tences vis\u00e9es ;<br \/>\n&#8211; les points sur lesquels le th\u00e9rapeute doit porter son attention.<\/p>\n<p>De nombreuses photographies de s\u00e9ances vous donneront une id\u00e9e visuelle de la fa\u00e7on dont se mettent en place et se d\u00e9roulent les ateliers. (Pr\u00e9sentation de l&rsquo;\u00e9diteur)<\/p>\n<p>GARIN T.- CASSE A.<\/p>\n<p>Editions De Boeck SUPERIEUR<\/p>\n<p>2016 &#8211; 152 p.-298gr<\/p>\n<p>ISBN\u00a0: 978-2-35327-363-8<\/p>\n<p>Cote doc: 1-70-GAR-A<\/p>\n<span class=\"et_bloom_bottom_trigger\"><\/span>","protected":false},"excerpt":{"rendered":"<p>Cet ouvrage propose plus de 100 nouveaux ateliers d&rsquo;entra\u00eenement aux habilet\u00e9s sociales, pr\u00e9sent\u00e9s sous la forme de jeux.<\/p>\n","protected":false},"featured_media":729,"comment_status":"open","ping_status":"closed","template":"","meta":{"_et_pb_use_builder":"","_et_pb_old_content":"","_et_gb_content_width":"","spay_email":""},"class_list":["post-730","product","type-product","status-publish","has-post-thumbnail","hentry","product_cat-livres","product_tag-apprentissage","product_tag-autisme","product_tag-emotion","product_tag-empathie","product_tag-enfant","product_tag-outil","product_tag-personne-handicapee","product_tag-trouble-de-lattention","product_tag-trouble-du-developpement"],"jetpack_sharing_enabled":true,"jetpack_likes_enabled":true,"_links":{"self":[{"href":"https:\/\/www.parthages.be\/eboutique\/wp-json\/wp\/v2\/product\/730","targetHints":{"allow":["GET"]}}],"collection":[{"href":"https:\/\/www.parthages.be\/eboutique\/wp-json\/wp\/v2\/product"}],"about":[{"href":"https:\/\/www.parthages.be\/eboutique\/wp-json\/wp\/v2\/types\/product"}],"replies":[{"embeddable":true,"href":"https:\/\/www.parthages.be\/eboutique\/wp-json\/wp\/v2\/comments?post=730"}],"wp:featuredmedia":[{"embeddable":true,"href":"https:\/\/www.parthages.be\/eboutique\/wp-json\/wp\/v2\/media\/729"}],"wp:attachment":[{"href":"https:\/\/www.parthages.be\/eboutique\/wp-json\/wp\/v2\/media?parent=730"}],"curies":[{"name":"wp","href":"https:\/\/api.w.org\/{rel}","templated":true}]}}