{"id":738,"date":"2017-04-20T15:10:42","date_gmt":"2017-04-20T13:10:42","guid":{"rendered":"https:\/\/www.parthages.be\/wordpress\/produit\/pas-si-fou-quand-un-village-accueille-le-handicap-psychique\/"},"modified":"2022-05-16T20:42:57","modified_gmt":"2022-05-16T18:42:57","slug":"pas-si-fou-quand-un-village-accueille-le-handicap-psychique","status":"publish","type":"product","link":"https:\/\/www.parthages.be\/eboutique\/produit\/pas-si-fou-quand-un-village-accueille-le-handicap-psychique\/","title":{"rendered":"Pas si fou quand un village accueille le handicap psychique"},"content":{"rendered":"<p>Handicap psychique et emploi ont longtemps \u00e9t\u00e9 consid\u00e9r\u00e9s comme incompatibles : comment des personnes en grande souffrance pourraient-elles \u00e9voluer dans le monde du travail, per\u00e7u comme hostile et inadapt\u00e9 \u00e0 leur maladie ? Si le travail prot\u00e9g\u00e9 a apport\u00e9 une r\u00e9ponse, les \u00e9tablissements sp\u00e9cialis\u00e9s accueillant exclusivement des personnes handicap\u00e9es psychiques restent encore rares.<\/p>\n<p>Depuis le d\u00e9but des ann\u00e9es 1990, l\u2019aventure de l\u2019\u00e9tablissement et service d\u2019aide par le travail (ESAT) de M\u00e9zin dans le Lot-et-Garonne fait donc figure d\u2019heureuse exception. \u00c0 M\u00e9zin, les personnes handicap\u00e9es ont redonn\u00e9 vie au village gr\u00e2ce \u00e0 une dynamique \u00e9conomique vertueuse. R\u00e9sidentes et citoyennes, elles sont aussi pleinement int\u00e9gr\u00e9es. Pour r\u00e9ussir cette insertion sociale et professionnelle, il a fallu l\u2019audace d\u2019un homme p\u00e9tri de convictions, Alain-Paul Perrou. L\u2019enfant du village savait que les M\u00e9zinais accueilleraient ceux qui comptent parmi les plus vuln\u00e9rables de notre soci\u00e9t\u00e9.<\/p>\n<p>Contraintes institutionnelles et \u00e9conomiques, liens avec les soignants, ancrage dans le territoire, engagement des professionnels\u2026 Dans cet entretien, Alain-Paul Perrou raconte la gen\u00e8se et la vie quotidienne de ce projet \u00e0 la fois \u00ab fou \u00bb et plein de bon sens. Un travail d\u2019orf\u00e8vre au service d\u2019une volont\u00e9 tenace : mettre l\u2019\u00e9conomie au service des hommes, jamais l\u2019inverse. (Pr\u00e9sentation de l&rsquo;\u00e9diteur)<\/p>\n<p>DELHON L.<\/p>\n<p>Presses de l&rsquo;EHESP<\/p>\n<p>2016 &#8211; 168 p.-150gr-15\u20ac<\/p>\n<p>ISBN\u00a0: 978-2-8109-0451-8<\/p>\n<p>Cote doc : 2-30-DEL-P<\/p>\n<span class=\"et_bloom_bottom_trigger\"><\/span>","protected":false},"excerpt":{"rendered":"<p>Handicap psychique et emploi ont longtemps \u00e9t\u00e9 consid\u00e9r\u00e9s comme incompatibles : comment des personnes en grande souffrance pourraient-elles \u00e9voluer dans le monde du travail, per\u00e7u comme hostile et inadapt\u00e9 \u00e0 leur maladie ?<\/p>\n","protected":false},"featured_media":737,"comment_status":"open","ping_status":"closed","template":"","meta":{"_et_pb_use_builder":"","_et_pb_old_content":"","_et_gb_content_width":"","spay_email":""},"class_list":["post-738","product","type-product","status-publish","has-post-thumbnail","hentry","product_cat-livres","product_tag-economie","product_tag-emploi","product_tag-handicap-mental","product_tag-identite","product_tag-insertion-professionnelle","product_tag-integration-sociale","product_tag-psychisme","product_tag-travail-social","product_tag-valorisation-des-roles-sociaux"],"jetpack_sharing_enabled":true,"jetpack_likes_enabled":true,"_links":{"self":[{"href":"https:\/\/www.parthages.be\/eboutique\/wp-json\/wp\/v2\/product\/738","targetHints":{"allow":["GET"]}}],"collection":[{"href":"https:\/\/www.parthages.be\/eboutique\/wp-json\/wp\/v2\/product"}],"about":[{"href":"https:\/\/www.parthages.be\/eboutique\/wp-json\/wp\/v2\/types\/product"}],"replies":[{"embeddable":true,"href":"https:\/\/www.parthages.be\/eboutique\/wp-json\/wp\/v2\/comments?post=738"}],"wp:featuredmedia":[{"embeddable":true,"href":"https:\/\/www.parthages.be\/eboutique\/wp-json\/wp\/v2\/media\/737"}],"wp:attachment":[{"href":"https:\/\/www.parthages.be\/eboutique\/wp-json\/wp\/v2\/media?parent=738"}],"curies":[{"name":"wp","href":"https:\/\/api.w.org\/{rel}","templated":true}]}}