{"id":740,"date":"2017-04-26T14:24:03","date_gmt":"2017-04-26T12:24:03","guid":{"rendered":"https:\/\/www.parthages.be\/wordpress\/produit\/l-ethique-medicale-en-questions-105-situations-d-actualite\/"},"modified":"2021-09-03T09:32:07","modified_gmt":"2021-09-03T07:32:07","slug":"l-ethique-medicale-en-questions-105-situations-d-actualite","status":"publish","type":"product","link":"https:\/\/www.parthages.be\/eboutique\/produit\/l-ethique-medicale-en-questions-105-situations-d-actualite\/","title":{"rendered":"L&rsquo;\u00e9thique m\u00e9dicale en questions : 105 situations d&rsquo;actualit\u00e9"},"content":{"rendered":"<p>Cette deuxi\u00e8me \u00e9dition de L&rsquo;\u00c9THIQUE M\u00c9DICALE en questions propose une actualisation des probl\u00e8mes \u00e9thiques, abord\u00e9s sous un nouvel angle, en fonction des progr\u00e8s les plus r\u00e9cents apport\u00e9s par la recherche m\u00e9dicale et les nouvelles technologies, mais aussi des \u00e9volutions juridiques et sociologiques qui ont marqu\u00e9 notre soci\u00e9t\u00e9 ces derni\u00e8res ann\u00e9es. En effet, bien qu&rsquo;elle concerne tous les domaines de la soci\u00e9t\u00e9, l&rsquo;\u00e9thique reste particuli\u00e8rement pr\u00e9sente et essentielle dans la sant\u00e9 : la m\u00e9decine donne naissance aux interrogations les plus d\u00e9licates en rapport avec la vie, la souffrance et la mort. Cet ouvrage, fruit d&rsquo;une pratique m\u00e9dicale de plus de 30 ann\u00e9es pass\u00e9es au plus pr\u00e8s des malades, a pour vocation d&rsquo;exposer clairement, en 105 questions, les principaux probl\u00e8mes \u00e9thiques qui peuvent se poser aux m\u00e9decins dans leur pratique quotidienne (comme des d\u00e9cisions difficiles \u00e0 prendre, concernant par exemple des demandes de fin de vie, de tests g\u00e9n\u00e9tiques&#8230;). Il ne s&rsquo;agit pas l\u00e0 d&rsquo;\u00e9voquer la \u00a0\u00bb morale \u00a0\u00bb mais de mettre en \u00e9vidence de fa\u00e7on factuelle les dilemmes que ces questions impliquent et de reconna\u00eetre que certains restent encore, pour le moment, sans solution. (Pr\u00e9sentation de l&rsquo;\u00e9diteur)<\/p>\n<p>MANTZ J.M.<\/p>\n<p>Editions Lavoisier<\/p>\n<p>2016 &#8211; 254 p.-290gr-32\u20ac<\/p>\n<p>ISBN\u00a0: 978-2-257-20684-8<\/p>\n<p>Cote doc\u00a0: 7-10-MAN-E<\/p>\n<span class=\"et_bloom_bottom_trigger\"><\/span>","protected":false},"excerpt":{"rendered":"<p>Cette deuxi\u00e8me \u00e9dition de L&rsquo;\u00c9THIQUE M\u00c9DICALE en questions propose une actualisation des probl\u00e8mes \u00e9thiques, abord\u00e9s sous un nouvel angle, en fonction des progr\u00e8s les plus r\u00e9cents apport\u00e9s par la recherche m\u00e9dicale et les nouvelles technologies, mais aussi des \u00e9volutions juridiques et sociologiques qui ont marqu\u00e9 notre soci\u00e9t\u00e9 ces derni\u00e8res ann\u00e9es.<\/p>\n","protected":false},"featured_media":1669,"comment_status":"open","ping_status":"closed","template":"","meta":{"_et_pb_use_builder":"","_et_pb_old_content":"","_et_gb_content_width":"","spay_email":""},"class_list":["post-740","product","type-product","status-publish","has-post-thumbnail","hentry","product_cat-livres","product_tag-deontologie","product_tag-ethique","product_tag-fin-de-vie","product_tag-genetique","product_tag-maladie","product_tag-recherche-en-sante","product_tag-recherche-medicale","product_tag-sante"],"jetpack_sharing_enabled":true,"jetpack_likes_enabled":true,"_links":{"self":[{"href":"https:\/\/www.parthages.be\/eboutique\/wp-json\/wp\/v2\/product\/740","targetHints":{"allow":["GET"]}}],"collection":[{"href":"https:\/\/www.parthages.be\/eboutique\/wp-json\/wp\/v2\/product"}],"about":[{"href":"https:\/\/www.parthages.be\/eboutique\/wp-json\/wp\/v2\/types\/product"}],"replies":[{"embeddable":true,"href":"https:\/\/www.parthages.be\/eboutique\/wp-json\/wp\/v2\/comments?post=740"}],"wp:featuredmedia":[{"embeddable":true,"href":"https:\/\/www.parthages.be\/eboutique\/wp-json\/wp\/v2\/media\/1669"}],"wp:attachment":[{"href":"https:\/\/www.parthages.be\/eboutique\/wp-json\/wp\/v2\/media?parent=740"}],"curies":[{"name":"wp","href":"https:\/\/api.w.org\/{rel}","templated":true}]}}