{"id":742,"date":"2017-07-13T10:34:50","date_gmt":"2017-07-13T08:34:50","guid":{"rendered":"https:\/\/www.parthages.be\/wordpress\/produit\/accompagner-le-retablissement-d-une-personne-avec-schizophrenie\/"},"modified":"2022-05-16T20:50:53","modified_gmt":"2022-05-16T18:50:53","slug":"accompagner-le-retablissement-d-une-personne-avec-schizophrenie","status":"publish","type":"product","link":"https:\/\/www.parthages.be\/eboutique\/produit\/accompagner-le-retablissement-d-une-personne-avec-schizophrenie\/","title":{"rendered":"Accompagner le r\u00e9tablissement d&rsquo;une personne avec schizophr\u00e9nie"},"content":{"rendered":"<p>Il n&rsquo;y a pas pire d\u00e9sastre que de perdre l&rsquo;espoir. Il arrive encore trop souvent que des professionnels, des parents ou des personnes schizophr\u00e8nes pensent que le handicap psychique est une fatalit\u00e9 et que l&rsquo;on n&rsquo;y peut rien. Une psychologue a dit un jour : \u00ab Quand on a une schizophr\u00e9nie ou que l&rsquo;on a une psychose on doit consulter \u00e0 vie et on ne peut jamais s&rsquo;en remettre ! \u00bb. Ce genre de pens\u00e9e ne peut en aucun cas favoriser le r\u00e9tablissement d&rsquo;une personne avec schizophr\u00e9nie. Chacun vit son handicap psychique \u00e0 sa mani\u00e8re, d&rsquo;o\u00f9 la n\u00e9cessit\u00e9 de personnaliser les programmes de r\u00e9tablissement. La schizophr\u00e9nie n&rsquo;est pas une fatalit\u00e9. Tout le monde peut progresser et s&rsquo;am\u00e9liorer. Certains progresseront plus vite et\/ou se r\u00e9tabliront compl\u00e8tement, alors que d&rsquo;autres ne se r\u00e9tabliront que partiellement, mais les professionnels, les parents, les personnes vivant avec une schizophr\u00e9nie doivent toujours garder l&rsquo;espoir. Cette \u00e9nergie positive leur fournira une motivation suffisante en vue du r\u00e9tablissement. Les personnes concern\u00e9es par la maladie et leurs proches ainsi que les professionnels du secteur sanitaire ou social trouveront, dans ce guide, des outils techniques et pratiques ainsi qu&rsquo;une th\u00e9orie des stades d&rsquo;\u00e9volution qui m\u00e8nent au r\u00e9tablissement de la personne avec schizophr\u00e9nie. (Pr\u00e9sentation de l&rsquo;\u00e9diteur)<\/p>\n<p>BARRE TROCHERY N.<\/p>\n<p>Chronique sociale<\/p>\n<p>2017 -96 p.-100gr-8\u20ac<\/p>\n<p>ISBN\u00a0: 978-2-36717-391-7<\/p>\n<p>Cote doc : 2-30-BAR-A<\/p>\n<span class=\"et_bloom_bottom_trigger\"><\/span>","protected":false},"excerpt":{"rendered":"<p>Il n&rsquo;y a pas pire d\u00e9sastre que de perdre l&rsquo;espoir. Il arrive encore trop souvent que des professionnels, des parents ou des personnes schizophr\u00e8nes pensent que le handicap psychique est une fatalit\u00e9 et que l&rsquo;on n&rsquo;y peut rien.<\/p>\n","protected":false},"featured_media":741,"comment_status":"open","ping_status":"closed","template":"","meta":{"_et_pb_use_builder":"","_et_pb_old_content":"","_et_gb_content_width":"","spay_email":""},"class_list":["post-742","product","type-product","status-publish","has-post-thumbnail","hentry","product_cat-livres","product_tag-accompagnement","product_tag-outil","product_tag-personne-handicapee","product_tag-psychisme","product_tag-psychose","product_tag-schizophrenie"],"jetpack_sharing_enabled":true,"jetpack_likes_enabled":true,"_links":{"self":[{"href":"https:\/\/www.parthages.be\/eboutique\/wp-json\/wp\/v2\/product\/742","targetHints":{"allow":["GET"]}}],"collection":[{"href":"https:\/\/www.parthages.be\/eboutique\/wp-json\/wp\/v2\/product"}],"about":[{"href":"https:\/\/www.parthages.be\/eboutique\/wp-json\/wp\/v2\/types\/product"}],"replies":[{"embeddable":true,"href":"https:\/\/www.parthages.be\/eboutique\/wp-json\/wp\/v2\/comments?post=742"}],"wp:featuredmedia":[{"embeddable":true,"href":"https:\/\/www.parthages.be\/eboutique\/wp-json\/wp\/v2\/media\/741"}],"wp:attachment":[{"href":"https:\/\/www.parthages.be\/eboutique\/wp-json\/wp\/v2\/media?parent=742"}],"curies":[{"name":"wp","href":"https:\/\/api.w.org\/{rel}","templated":true}]}}