{"id":750,"date":"2017-07-13T10:41:44","date_gmt":"2017-07-13T08:41:44","guid":{"rendered":"https:\/\/www.parthages.be\/wordpress\/produit\/education-inclusive-privilege-ou-droit\/"},"modified":"2017-07-13T10:41:44","modified_gmt":"2017-07-13T08:41:44","slug":"education-inclusive-privilege-ou-droit","status":"publish","type":"product","link":"https:\/\/www.parthages.be\/eboutique\/produit\/education-inclusive-privilege-ou-droit\/","title":{"rendered":"Education inclusive: privil\u00e8ge ou droit ?"},"content":{"rendered":"<p>L\u2019\u00e9ducation inclusive est au c\u0153ur des r\u00e9formes \u00e9ducatives des derni\u00e8res d\u00e9cennies. Mais permet-elle l\u2019inclusion des jeunes adultes handicap\u00e9s ?<\/p>\n<p>L\u2019\u00e9ducation inclusive entend promouvoir des soci\u00e9t\u00e9s inclusives. Comment le syst\u00e8me \u00e9ducatif pr\u00e9pare-t-il les jeunes handicap\u00e9s aux r\u00f4les et aux responsabilit\u00e9s de la condition d\u2019adulte ? Leur permet-il de vivre aussi ind\u00e9pendamment que possible apr\u00e8s le lyc\u00e9e ? Pour r\u00e9pondre \u00e0 ces questions, l\u2019auteur mobilise des travaux internationaux ainsi que les r\u00e9sultats d\u2019une recherche centr\u00e9e sur la transition juv\u00e9nile.<\/p>\n<p>Il montre que l\u2019acc\u00e8s \u00e0 l\u2019enseignement sup\u00e9rieur ou \u00e0 l\u2019emploi n\u2019est pas forc\u00e9ment synonyme d\u2019affiliation sociale et d\u2019ind\u00e9pendance. Il prouve que les conceptions dominantes de l\u2019accessibilit\u00e9 incitent l\u2019\u00e9cole \u00e0 soutenir les \u00e9l\u00e8ves les plus m\u00e9ritants au d\u00e9triment des plus vuln\u00e9rables au risque de faire de l\u2019inclusion un privil\u00e8ge.<\/p>\n<p>Les analyses propos\u00e9es sont enrichies par des pistes de r\u00e9flexion sur les facteurs conditionnant la r\u00e9ussite scolaire des \u00e9l\u00e8ves handicap\u00e9s et leur inclusion sociale et professionnelle.<\/p>\n<p>(Pr\u00e9sentation de l&rsquo;\u00e9diteur)<\/p>\n<p>EBERSOLD S.<\/p>\n<p>PUG<\/p>\n<p>2017 &#8211; 224p.-305gr-19\u20ac<\/p>\n<p>ISBN\u00a0: 978-2-7061-2569-8<\/p>\n<span class=\"et_bloom_bottom_trigger\"><\/span>","protected":false},"excerpt":{"rendered":"<p>L\u2019\u00e9ducation inclusive est au c\u0153ur des r\u00e9formes \u00e9ducatives des derni\u00e8res d\u00e9cennies. Mais permet-elle l\u2019inclusion des jeunes adultes handicap\u00e9s ?<\/p>\n","protected":false},"featured_media":749,"comment_status":"open","ping_status":"closed","template":"","meta":{"_et_pb_use_builder":"","_et_pb_old_content":"","_et_gb_content_width":"","spay_email":""},"class_list":["post-750","product","type-product","status-publish","has-post-thumbnail","hentry","product_cat-livres"],"jetpack_sharing_enabled":true,"jetpack_likes_enabled":true,"_links":{"self":[{"href":"https:\/\/www.parthages.be\/eboutique\/wp-json\/wp\/v2\/product\/750","targetHints":{"allow":["GET"]}}],"collection":[{"href":"https:\/\/www.parthages.be\/eboutique\/wp-json\/wp\/v2\/product"}],"about":[{"href":"https:\/\/www.parthages.be\/eboutique\/wp-json\/wp\/v2\/types\/product"}],"replies":[{"embeddable":true,"href":"https:\/\/www.parthages.be\/eboutique\/wp-json\/wp\/v2\/comments?post=750"}],"wp:featuredmedia":[{"embeddable":true,"href":"https:\/\/www.parthages.be\/eboutique\/wp-json\/wp\/v2\/media\/749"}],"wp:attachment":[{"href":"https:\/\/www.parthages.be\/eboutique\/wp-json\/wp\/v2\/media?parent=750"}],"curies":[{"name":"wp","href":"https:\/\/api.w.org\/{rel}","templated":true}]}}