{"id":752,"date":"2017-08-31T11:07:07","date_gmt":"2017-08-31T09:07:07","guid":{"rendered":"https:\/\/www.parthages.be\/wordpress\/produit\/les-comportements-defis-analyser-comprendre-et-traiter\/"},"modified":"2022-07-26T09:11:05","modified_gmt":"2022-07-26T07:11:05","slug":"les-comportements-defis-analyser-comprendre-et-traiter","status":"publish","type":"product","link":"https:\/\/www.parthages.be\/eboutique\/produit\/les-comportements-defis-analyser-comprendre-et-traiter\/","title":{"rendered":"Les comportements d\u00e9fis: analyser, comprendre et traiter"},"content":{"rendered":"<p>Les comportements-d\u00e9fis (agressivit\u00e9, automutilation, destructions mat\u00e9rielles, hyperactivit\u00e9, conduite sociale inappropri\u00e9e\u2026) sont communs parmi les personnes souffrant de d\u00e9ficience intellectuelle. Or, ils ont des cons\u00e9quences significatives sur la qualit\u00e9 de vie.<\/p>\n<p>Cet ouvrage fournit un \u00e9tat des lieux clair et concis des connaissances sur les comportements- d\u00e9fis, mis \u00e0 jour avec les donn\u00e9es les plus r\u00e9centes en psychologie, psychiatrie, m\u00e9decine et sant\u00e9 publique. De la d\u00e9finition des comportements-d\u00e9fis aux diff\u00e9rents mod\u00e8les qui permettent de les comprendre, de leur \u00e9pid\u00e9miologie \u00e0 leur \u00e9tiologie, de leur pr\u00e9vention \u00e0 leur gestion en situation, il offre une compr\u00e9hension du ph\u00e9nom\u00e8ne \u00e0 la fois globale, profonde et critique.<\/p>\n<p>De plus, ce livre d\u00e9crit les r\u00e9sultats des diff\u00e9rentes approches d&rsquo;intervention et d\u00e9gage les meilleures pratiques en se basant sur les recherches les plus r\u00e9centes et les mieux fond\u00e9es. Il constitue une ressource essentielle pour les professionnels en contact avec des personnes souffrant de d\u00e9ficience intellectuelle dans les domaines de la sant\u00e9, de l&rsquo;\u00e9ducation ou de l&rsquo;aide sociale. (Pr\u00e9sentation de l&rsquo;\u00e9diteur)<\/p>\n<p>EINFELD S.- EMERSON E.-<\/p>\n<p>Editions De Boeck SUPERIEUR<\/p>\n<p>2016 -268 p.-435gr<\/p>\n<p>ISBN\u00a0: 978-2-8073-0251-8<\/p>\n<p>Cote doc: 1-40-EIN-C<\/p>\n<span class=\"et_bloom_bottom_trigger\"><\/span>","protected":false},"excerpt":{"rendered":"<p>Les comportements-d\u00e9fis (agressivit\u00e9, automutilation, destructions mat\u00e9rielles, hyperactivit\u00e9, conduite sociale inappropri\u00e9e\u2026) sont communs parmi les personnes souffrant de d\u00e9ficience intellectuelle.<\/p>\n","protected":false},"featured_media":751,"comment_status":"open","ping_status":"closed","template":"","meta":{"_et_pb_use_builder":"","_et_pb_old_content":"","_et_gb_content_width":"","spay_email":""},"class_list":["post-752","product","type-product","status-publish","has-post-thumbnail","hentry","product_cat-livres","product_tag-approche-comportementale","product_tag-defi","product_tag-deficience-intellectuelle","product_tag-definition","product_tag-epidemiologie","product_tag-personne-handicapee","product_tag-strategie-dintervention","product_tag-trouble-du-comportement"],"jetpack_sharing_enabled":true,"jetpack_likes_enabled":true,"_links":{"self":[{"href":"https:\/\/www.parthages.be\/eboutique\/wp-json\/wp\/v2\/product\/752","targetHints":{"allow":["GET"]}}],"collection":[{"href":"https:\/\/www.parthages.be\/eboutique\/wp-json\/wp\/v2\/product"}],"about":[{"href":"https:\/\/www.parthages.be\/eboutique\/wp-json\/wp\/v2\/types\/product"}],"replies":[{"embeddable":true,"href":"https:\/\/www.parthages.be\/eboutique\/wp-json\/wp\/v2\/comments?post=752"}],"wp:featuredmedia":[{"embeddable":true,"href":"https:\/\/www.parthages.be\/eboutique\/wp-json\/wp\/v2\/media\/751"}],"wp:attachment":[{"href":"https:\/\/www.parthages.be\/eboutique\/wp-json\/wp\/v2\/media?parent=752"}],"curies":[{"name":"wp","href":"https:\/\/api.w.org\/{rel}","templated":true}]}}