{"id":754,"date":"2017-08-31T11:08:54","date_gmt":"2017-08-31T09:08:54","guid":{"rendered":"https:\/\/www.parthages.be\/wordpress\/produit\/le-droit-a-la-sante-des-personnes-handicapees-mentales-et-psychiques\/"},"modified":"2022-04-15T09:49:01","modified_gmt":"2022-04-15T07:49:01","slug":"le-droit-a-la-sante-des-personnes-handicapees-mentales-et-psychiques","status":"publish","type":"product","link":"https:\/\/www.parthages.be\/eboutique\/produit\/le-droit-a-la-sante-des-personnes-handicapees-mentales-et-psychiques\/","title":{"rendered":"Le droit \u00e0 la sant\u00e9 des personnes handicap\u00e9es mentales et psychiques"},"content":{"rendered":"<p>Depuis la r\u00e9cente restructuration globale du syst\u00e8me de sant\u00e9, une r\u00e9forme de l\u2019articulation des actions de sant\u00e9 et de l\u2019accompagnement social s\u2019est impos\u00e9e, entra\u00eenant un basculement de la prise en charge des patients chroniques du secteur sanitaire, notamment psychiatrique, vers le secteur m\u00e9dico-social. Les questions de sant\u00e9, somatiques et psychiques, sont ainsi devenues pr\u00e9gnantes dans les \u00e9tablissements et services destin\u00e9s aux enfants, adolescents, adultes et personnes \u00e2g\u00e9es handicap\u00e9es, qu\u2019il s\u2019agisse d\u2019autisme, de handicaps mentaux et psychiques, de handicaps graves \u00e0 expression multiple ou encore rares. Dans cette nouvelle \u00e9dition, qui r\u00e9unit les contributions fran\u00e7aises et europ\u00e9ennes de p\u00e9diatres, psychiatres, psychologues, param\u00e9dicaux, directeurs, chercheurs et juristes, les auteurs abordent les grandes probl\u00e9matiques populationnelles dans lesquelles les soins somatiques et psychiques ont une place importante (les troubles psychiques, les troubles du spectre autistique, le vieillissement, les \u00e9pilepsies s\u00e9v\u00e8res, les polyhandicaps,?etc.). En pr\u00e9sentant ici des r\u00e9ponses concr\u00e8tes, au sein de dispositifs territoriaux\u00ad ou d\u2019\u00e9tablissements et services sociaux et m\u00e9dico-sociaux (EMP, IME, ESAT, FAM, foyers, MAS, SAMSAH, CAMSP\u00a0? Etc.), ils contribuent ainsi \u00e0 combler le foss\u00e9 entre les droits formels et leur application concr\u00e8te en mati\u00e8re de sant\u00e9. (Pr\u00e9sentation de l&rsquo;\u00e9diteur)<\/p>\n<p>ZRIBI G.- CECCOTTO R.<\/p>\n<p>Presses de l&rsquo;EHESP<\/p>\n<p>2016 &#8211; 266 p.-444gr-25\u20ac<\/p>\n<p>ISBN\u00a0: 978-2-8109-0536-2<\/p>\n<p>Cote doc : 2-30-ZRI-D<\/p>\n<span class=\"et_bloom_bottom_trigger\"><\/span>","protected":false},"excerpt":{"rendered":"<p>Depuis la r\u00e9cente restructuration globale du syst\u00e8me de sant\u00e9, une r\u00e9forme de l\u2019articulation des actions de sant\u00e9 et de l\u2019accompagnement social s\u2019est impos\u00e9e,&#8230;<\/p>\n","protected":false},"featured_media":753,"comment_status":"open","ping_status":"closed","template":"","meta":{"_et_pb_use_builder":"","_et_pb_old_content":"","_et_gb_content_width":"","spay_email":""},"class_list":["post-754","product","type-product","status-publish","has-post-thumbnail","hentry","product_cat-livres","product_tag-droit","product_tag-ethique","product_tag-handicap-mental","product_tag-polyhandicap","product_tag-psychisme","product_tag-sante","product_tag-soins","product_tag-trouble-du-comportement"],"jetpack_sharing_enabled":true,"jetpack_likes_enabled":true,"_links":{"self":[{"href":"https:\/\/www.parthages.be\/eboutique\/wp-json\/wp\/v2\/product\/754","targetHints":{"allow":["GET"]}}],"collection":[{"href":"https:\/\/www.parthages.be\/eboutique\/wp-json\/wp\/v2\/product"}],"about":[{"href":"https:\/\/www.parthages.be\/eboutique\/wp-json\/wp\/v2\/types\/product"}],"replies":[{"embeddable":true,"href":"https:\/\/www.parthages.be\/eboutique\/wp-json\/wp\/v2\/comments?post=754"}],"wp:featuredmedia":[{"embeddable":true,"href":"https:\/\/www.parthages.be\/eboutique\/wp-json\/wp\/v2\/media\/753"}],"wp:attachment":[{"href":"https:\/\/www.parthages.be\/eboutique\/wp-json\/wp\/v2\/media?parent=754"}],"curies":[{"name":"wp","href":"https:\/\/api.w.org\/{rel}","templated":true}]}}