{"id":756,"date":"2017-08-31T11:10:05","date_gmt":"2017-08-31T09:10:05","guid":{"rendered":"https:\/\/www.parthages.be\/wordpress\/produit\/animateur-theatre-theatreur-aupres-des-personnes-en-situation-de-handicap\/"},"modified":"2022-03-23T17:12:18","modified_gmt":"2022-03-23T16:12:18","slug":"animateur-theatre-theatreur-aupres-des-personnes-en-situation-de-handicap","status":"publish","type":"product","link":"https:\/\/www.parthages.be\/eboutique\/produit\/animateur-theatre-theatreur-aupres-des-personnes-en-situation-de-handicap\/","title":{"rendered":"Animateur Th\u00e9\u00e2tre : th\u00e9\u00e2treur aupr\u00e8s des personnes en situation de handicap"},"content":{"rendered":"<p>Dans cet ouvrage, l&rsquo;auteur nous livre son exp\u00e9rience d&rsquo;animateur-m\u00e9diateur th\u00e9\u00e2tre aupr\u00e8s de population en difficult\u00e9 comme des enfants, des adolescents, des adultes ou encore des seniors. Au travers des comptes rendus, des \u00e9changes, des exercices et des jeux, vous aller d\u00e9couvrir comment cr\u00e9er, concevoir et d\u00e9velopper des ateliers ou projets th\u00e9\u00e2tre pour des personnes en situation de handicap.<\/p>\n<p>\u00a0Ce livre s&rsquo;adresse aux animateurs th\u00e9\u00e2tre, \u00e9ducateurs socioculturels, enseignants sp\u00e9cialis\u00e9s et \u00e0 tous ceux qui souhaitent d\u00e9velopper des ateliers th\u00e9\u00e2tre nouvellement nomm\u00e9 par l&rsquo;auteur \u00a0\u00bb th\u00e9\u00e2treurs \u00ab\u00a0. Qu&rsquo;est-ce qu&rsquo;un th\u00e9\u00e2treur ? La r\u00e9ponse dans ce livre. (Pr\u00e9sentation de l&rsquo;\u00e9diteur)<\/p>\n<p>\u00a0<\/p>\n<p>NANCOZ C.<\/p>\n<p>Chronique sociale<\/p>\n<p>2017 -176 p.-251gr-14.90\u20ac<\/p>\n<p>ISBN\u00a0: 978-2-36717-382-5<\/p>\n<span class=\"et_bloom_bottom_trigger\"><\/span>","protected":false},"excerpt":{"rendered":"<p>Dans cet ouvrage, l&rsquo;auteur nous livre son exp\u00e9rience d&rsquo;animateur-m\u00e9diateur th\u00e9\u00e2tre aupr\u00e8s de population en difficult\u00e9 comme des enfants, des adolescents, des adultes ou encore des seniors.<\/p>\n","protected":false},"featured_media":755,"comment_status":"open","ping_status":"closed","template":"","meta":{"_et_pb_use_builder":"","_et_pb_old_content":"","_et_gb_content_width":"","spay_email":""},"class_list":["post-756","product","type-product","status-publish","has-post-thumbnail","hentry","product_cat-livres","product_tag-animation","product_tag-art-therapie","product_tag-atelier","product_tag-outil","product_tag-personne-en-difficulte","product_tag-theatre","product_tag-vie-sociale"],"jetpack_sharing_enabled":true,"jetpack_likes_enabled":true,"_links":{"self":[{"href":"https:\/\/www.parthages.be\/eboutique\/wp-json\/wp\/v2\/product\/756","targetHints":{"allow":["GET"]}}],"collection":[{"href":"https:\/\/www.parthages.be\/eboutique\/wp-json\/wp\/v2\/product"}],"about":[{"href":"https:\/\/www.parthages.be\/eboutique\/wp-json\/wp\/v2\/types\/product"}],"replies":[{"embeddable":true,"href":"https:\/\/www.parthages.be\/eboutique\/wp-json\/wp\/v2\/comments?post=756"}],"wp:featuredmedia":[{"embeddable":true,"href":"https:\/\/www.parthages.be\/eboutique\/wp-json\/wp\/v2\/media\/755"}],"wp:attachment":[{"href":"https:\/\/www.parthages.be\/eboutique\/wp-json\/wp\/v2\/media?parent=756"}],"curies":[{"name":"wp","href":"https:\/\/api.w.org\/{rel}","templated":true}]}}