{"id":76,"date":"2012-09-24T11:37:53","date_gmt":"2012-09-24T09:37:53","guid":{"rendered":"https:\/\/www.parthages.be\/wordpress\/produit\/intervention-comportementale-clinique-se-former-a-l-aba\/"},"modified":"2022-06-03T08:36:11","modified_gmt":"2022-06-03T06:36:11","slug":"intervention-comportementale-clinique-se-former-a-l-aba","status":"publish","type":"product","link":"https:\/\/www.parthages.be\/eboutique\/produit\/intervention-comportementale-clinique-se-former-a-l-aba\/","title":{"rendered":"Intervention comportementale clinique : se former \u00e0 l&rsquo;A.B.A"},"content":{"rendered":"<p>L&rsquo;Intervention Comportementale Clinique a pour objectif de favoriser le d\u00e9veloppement de tout enfant, adolescent ou adulte. Elle trouve une application toute particuli\u00e8re lorsque celui-ci pr\u00e9sente des troubles du d\u00e9veloppement ou est en situation de handicap ou d&rsquo;inadaptation<br \/>\nConsacr\u00e9 essentiellement au mod\u00e8le comportemental, aussi d\u00e9nomm\u00e9 A.B.A. (Applied Behavior Analysis ou Analyse Appliqu\u00e9e du Comportement), cet ouvrage pr\u00e9sente les diff\u00e9rentes d\u00e9marches de l&rsquo;intervention depuis la fixation des priorit\u00e9s et des objectifs, la mise au point du programme d&rsquo;intervention sur base d&rsquo;une hypoth\u00e8se fonctionnelle, jusqu&rsquo;\u00e0 son application, son \u00e9valuation et la communication aux personnes concern\u00e9es ainsi qu&rsquo;\u00e0 la communaut\u00e9 scientifique. Il aborde \u00e9galement deux probl\u00e9matiques actuelles concernant, d&rsquo;une part, la sensibilit\u00e9 sociale de l&rsquo;enfant \u00e0 l&rsquo;attention de l&rsquo;adulte, en particulier s&rsquo;il a de l&rsquo;autisme, et, d&rsquo;autre part, la formation d&rsquo;intervenants cliniciens de qualit\u00e9.<br \/>\nL&rsquo;intervention est \u00abpositive\u00bb puisqu&rsquo;elle se focalise sur les apprentissages assurant \u00e0 la personne une meilleure qualit\u00e9 de vie et sur la \u00abg\u00e9n\u00e9ralisation\u00bb des progr\u00e8s dans tous les milieux de vie (famille, \u00e9cole, travail, loisirs, etc.). Elle est \u00e9galement \u00abclinique\u00bb, en s&rsquo;adaptant aux caract\u00e9ristiques de chaque personne et famille concern\u00e9e.<\/p>\n<p>Cet ouvrage est principalement destin\u00e9 \u00e0 tous les intervenants impliqu\u00e9s dans des structures scolaires, \u00e9ducatives, sociales, m\u00e9dicales et m\u00e9dico-sociales ainsi qu&rsquo;\u00e0 toute personne concern\u00e9e par les enfants, adolescents et adultes ayant des troubles du d\u00e9veloppement. (Pr\u00e9sentation de l\u2019\u00e9diteur)<\/p>\n<p>MAGEROTTE G.- WILLAYE E.<\/p>\n<p>Editions De Boeck Universit\u00e9<\/p>\n<p>2010-339p.-<\/p>\n<p>346gr<\/p>\n<p>ISBN: 978-2-80411-771-9<\/p>\n<p>Cote doc: 1-70-MAG-I<\/p>\n<span class=\"et_bloom_bottom_trigger\"><\/span>","protected":false},"excerpt":{"rendered":"<p>L&rsquo;Intervention Comportementale Clinique a pour objectif de favoriser le d\u00e9veloppement de tout enfant, adolescent ou adulte.<\/p>\n","protected":false},"featured_media":2665,"comment_status":"open","ping_status":"closed","template":"","meta":{"_et_pb_use_builder":"","_et_pb_old_content":"","_et_gb_content_width":"","spay_email":""},"class_list":["post-76","product","type-product","status-publish","has-post-thumbnail","hentry","product_cat-livres","product_tag-a-b-a","product_tag-aba","product_tag-adolescent","product_tag-adulte","product_tag-enfant","product_tag-formation","product_tag-intervention-adaptee","product_tag-methodologie","product_tag-modele-de-comportement","product_tag-personne-handicapee","product_tag-qualite-de-vie","product_tag-trouble-du-developpement"],"jetpack_sharing_enabled":true,"jetpack_likes_enabled":true,"_links":{"self":[{"href":"https:\/\/www.parthages.be\/eboutique\/wp-json\/wp\/v2\/product\/76","targetHints":{"allow":["GET"]}}],"collection":[{"href":"https:\/\/www.parthages.be\/eboutique\/wp-json\/wp\/v2\/product"}],"about":[{"href":"https:\/\/www.parthages.be\/eboutique\/wp-json\/wp\/v2\/types\/product"}],"replies":[{"embeddable":true,"href":"https:\/\/www.parthages.be\/eboutique\/wp-json\/wp\/v2\/comments?post=76"}],"wp:featuredmedia":[{"embeddable":true,"href":"https:\/\/www.parthages.be\/eboutique\/wp-json\/wp\/v2\/media\/2665"}],"wp:attachment":[{"href":"https:\/\/www.parthages.be\/eboutique\/wp-json\/wp\/v2\/media?parent=76"}],"curies":[{"name":"wp","href":"https:\/\/api.w.org\/{rel}","templated":true}]}}