{"id":760,"date":"2017-08-31T11:12:17","date_gmt":"2017-08-31T09:12:17","guid":{"rendered":"https:\/\/www.parthages.be\/wordpress\/produit\/resilience-de-l-atlantique-a-l-himalaya-au-dela-du-handicap\/"},"modified":"2022-03-23T17:33:07","modified_gmt":"2022-03-23T16:33:07","slug":"resilience-de-l-atlantique-a-l-himalaya-au-dela-du-handicap","status":"publish","type":"product","link":"https:\/\/www.parthages.be\/eboutique\/produit\/resilience-de-l-atlantique-a-l-himalaya-au-dela-du-handicap\/","title":{"rendered":"R\u00e9silience de l&rsquo;Atlantique \u00e0 l&rsquo;Himalaya, au-del\u00e0 du handicap"},"content":{"rendered":"<p>Au d\u00e9part, Vincent est un enfant comme les autres : une enfance sans r\u00e9els probl\u00e8mes, une aptitude aux \u00e9tudes, un go\u00fbt prononc\u00e9 pour le sport. Mais \u00e0 18 ans, une premi\u00e8re \u00e9preuve vient enrayer son \u00e9volution. Atteint d\u2019un lymph\u00f4me d\u2019Hodgkin, il consacre son \u00e9nergie \u00e0 vaincre la maladie. Tout en poursuivant des \u00e9tudes d\u2019ing\u00e9nieur, Il se tourne vers la haute montagne et d\u00e9cide de tenter le concours de guide. Tout s\u2019encha\u00eene plut\u00f4t bien jusqu\u2019au jour o\u00f9 il d\u00e9visse d\u2019une paroi et chute de 80 m\u00e8tres ! S\u2019il s\u2019en sort miraculeusement, les d\u00e9g\u00e2ts sont consid\u00e9rables. Coma, r\u00e9\u00e9ducation, Vincent est bris\u00e9. Il lui faudra pr\u00e8s de deux ans d\u2019efforts pour retrouver une vie \u00ab normale \u00bb et assumer son \u00ab statut \u00bb de personne handicap\u00e9e traumatis\u00e9 cr\u00e2nien et une nouvelle position dans la soci\u00e9t\u00e9. Ses r\u00eaves d\u2019altitudes s\u2019envolent \u00e0 jamais. Il reprend ses \u00e9tudes et le v\u00e9lo mais le destin s\u2019acharne : \u00e0 28 ans, une violente chute, t\u00eate la premi\u00e8re sur un plot de b\u00e9ton, le plonge dans un nouvel ab\u00eeme. Sa force mentale hors du commun l\u2019aidera, une fois de plus, \u00e0 s\u2019en sortir. Persuad\u00e9 que son exp\u00e9rience peut servir d\u2019exemple, il se lance le d\u00e9fi \u00ab R\u00e9silience \u00bb dont le but est de rejoindre, seul, le N\u00e9pal \u00e0 V\u00e9lo au d\u00e9part de Brest. En porte-parole de tous ceux qui doivent affronter l\u2019\u00e9preuve du handicap et de la maladie, son aventure se veut un message d\u2019espoir. De l\u2019Europe \u00e0 l\u2019Asie centrale, du Tibet au N\u00e9pal, ce voyage fleuve t\u00e9moigne d\u2019une force et d\u2019une volont\u00e9 de vivre \u00e0 toute \u00e9preuve. Un parcours difficile que Vincent affronte jour apr\u00e8s jour, pour atteindre enfin son but qui, plus qu\u2019un aboutissement, r\u00e9sonne pour lui comme un nouveau d\u00e9part dans la vie\u2026 Vincent Bernard est n\u00e9 en 1980 \u00e0 M\u00e2con. Dipl\u00f4m\u00e9 de L\u2019ENSTA Bretagne, il est ing\u00e9nieur oc\u00e9anographe. Il a fond\u00e9 l\u2019association R\u00e9silience 29 dont le but est de favoriser l\u2019insertion des personnes handicap\u00e9es et des traumatis\u00e9s cr\u00e2niens. (Pr\u00e9sentation de l&rsquo;Editeur).<\/p>\n<p>BERNARD V.<\/p>\n<p>Georama Editions<\/p>\n<p>2013 &#8211; 224p.-305gr-20\u20ac<\/p>\n<p>ISBN\u00a0: 978-2-915002-52-2<\/p>\n<p>Cote doc: 3-20-BER-R<\/p>\n<span class=\"et_bloom_bottom_trigger\"><\/span>","protected":false},"excerpt":{"rendered":"<p>Au d\u00e9part, Vincent est un enfant comme les autres : une enfance sans r\u00e9els probl\u00e8mes, une aptitude aux \u00e9tudes, un go\u00fbt prononc\u00e9 pour le sport. Mais \u00e0 18 ans, une premi\u00e8re \u00e9preuve vient enrayer son \u00e9volution<\/p>\n","protected":false},"featured_media":759,"comment_status":"open","ping_status":"closed","template":"","meta":{"_et_pb_use_builder":"","_et_pb_old_content":"","_et_gb_content_width":"","spay_email":""},"class_list":["post-760","product","type-product","status-publish","has-post-thumbnail","hentry","product_cat-livres","product_tag-annonce-de-la-maladie","product_tag-annonce-du-handicap","product_tag-cancer","product_tag-defi","product_tag-insertion","product_tag-personne-handicapee","product_tag-resilience","product_tag-sport","product_tag-traumatisme"],"jetpack_sharing_enabled":true,"jetpack_likes_enabled":true,"_links":{"self":[{"href":"https:\/\/www.parthages.be\/eboutique\/wp-json\/wp\/v2\/product\/760","targetHints":{"allow":["GET"]}}],"collection":[{"href":"https:\/\/www.parthages.be\/eboutique\/wp-json\/wp\/v2\/product"}],"about":[{"href":"https:\/\/www.parthages.be\/eboutique\/wp-json\/wp\/v2\/types\/product"}],"replies":[{"embeddable":true,"href":"https:\/\/www.parthages.be\/eboutique\/wp-json\/wp\/v2\/comments?post=760"}],"wp:featuredmedia":[{"embeddable":true,"href":"https:\/\/www.parthages.be\/eboutique\/wp-json\/wp\/v2\/media\/759"}],"wp:attachment":[{"href":"https:\/\/www.parthages.be\/eboutique\/wp-json\/wp\/v2\/media?parent=760"}],"curies":[{"name":"wp","href":"https:\/\/api.w.org\/{rel}","templated":true}]}}