{"id":762,"date":"2017-09-12T08:24:04","date_gmt":"2017-09-12T06:24:04","guid":{"rendered":"https:\/\/www.parthages.be\/wordpress\/produit\/l-autisme-main-dans-la-main\/"},"modified":"2022-06-03T08:58:21","modified_gmt":"2022-06-03T06:58:21","slug":"l-autisme-main-dans-la-main","status":"publish","type":"product","link":"https:\/\/www.parthages.be\/eboutique\/produit\/l-autisme-main-dans-la-main\/","title":{"rendered":"L&rsquo;autisme, main dans la main"},"content":{"rendered":"<p>Avant, il y avait moi.<\/p>\n<p>Maintenant, il y a l&rsquo;autisme&#8230; et moi<\/p>\n<p>L\u2019autisme dans une vie, \u00e7a bouleverse bien des \u00e9l\u00e9ments. \u00c7a brouille les cartes, falsifie les donn\u00e9es, change les r\u00e9sultats, retarde des projets. Mais l\u2019autisme, \u00e7a n\u2019\u00e9limine pas le bonheur, bien au contraire, et c\u2019est le message d\u2019espoir que je d\u00e9sire transmettre aux gens.<\/p>\n<p>L\u2019autisme, main dans la main se veut un guide, une multitude de ressources, d\u2019approches et d\u2019outils afin d\u2019aider, soutenir et redorer le blason des parents trop souvent d\u00e9munis face \u00e0 ce d\u00e9fi. Simple, accessible, tant\u00f4t informatif, tant\u00f4t \u00ab tranche de vie \u00bb, cet ouvrage rejoindra ceux qui cherchent des r\u00e9ponses, des pistes ou de l\u2019information. Il s\u2019adresse \u00e0 tous ceux qui, de pr\u00e8s ou de loin, c\u00f4toient cette diff\u00e9rence.<\/p>\n<p>Ce livre est un accomplissement personnel et un pas vers le mieux-\u00eatre. (Pr\u00e9sentation de l&rsquo;\u00e9diteur)<\/p>\n<p>LANGLOIS A.<\/p>\n<p>B\u00e9liveau \u00e9diteur<\/p>\n<p>2016 -190 p.-285gr-<\/p>\n<p>ISBN\u00a0: 978-2-89092-782-7<\/p>\n<p>Cote doc : 1-70-LAN-A<\/p>\n<p><strong><em>Uniquement \u00e0 la location<\/em><\/strong><\/p>\n<span class=\"et_bloom_bottom_trigger\"><\/span>","protected":false},"excerpt":{"rendered":"<p>Avant, il y avait moi.<br \/>\nMaintenant, il y a l&rsquo;autisme&#8230; et moi<\/p>\n","protected":false},"featured_media":761,"comment_status":"open","ping_status":"closed","template":"","meta":{"_et_pb_use_builder":"","_et_pb_old_content":"","_et_gb_content_width":"","spay_email":""},"class_list":["post-762","product","type-product","status-publish","has-post-thumbnail","hentry","product_cat-livres","product_tag-autisme","product_tag-diagnostic","product_tag-information","product_tag-outil","product_tag-prevention","product_tag-relation-daide","product_tag-relation-parent-enfant"],"jetpack_sharing_enabled":true,"jetpack_likes_enabled":true,"_links":{"self":[{"href":"https:\/\/www.parthages.be\/eboutique\/wp-json\/wp\/v2\/product\/762","targetHints":{"allow":["GET"]}}],"collection":[{"href":"https:\/\/www.parthages.be\/eboutique\/wp-json\/wp\/v2\/product"}],"about":[{"href":"https:\/\/www.parthages.be\/eboutique\/wp-json\/wp\/v2\/types\/product"}],"replies":[{"embeddable":true,"href":"https:\/\/www.parthages.be\/eboutique\/wp-json\/wp\/v2\/comments?post=762"}],"wp:featuredmedia":[{"embeddable":true,"href":"https:\/\/www.parthages.be\/eboutique\/wp-json\/wp\/v2\/media\/761"}],"wp:attachment":[{"href":"https:\/\/www.parthages.be\/eboutique\/wp-json\/wp\/v2\/media?parent=762"}],"curies":[{"name":"wp","href":"https:\/\/api.w.org\/{rel}","templated":true}]}}