{"id":766,"date":"2017-12-11T12:17:18","date_gmt":"2017-12-11T11:17:18","guid":{"rendered":"https:\/\/www.parthages.be\/wordpress\/produit\/les-aidants-familiaux-pour-les-nuls\/"},"modified":"2022-03-23T17:28:32","modified_gmt":"2022-03-23T16:28:32","slug":"les-aidants-familiaux-pour-les-nuls","status":"publish","type":"product","link":"https:\/\/www.parthages.be\/eboutique\/produit\/les-aidants-familiaux-pour-les-nuls\/","title":{"rendered":"Les aidants familiaux pour les nuls"},"content":{"rendered":"<p>8,3 millions d&rsquo;aidants familiaux en France, soit plus de 12 % de la population totale, poss\u00e9dant un statut peu reconnu mais primordial, et un nombre qui ne cesse de d&rsquo;accro\u00eetre avec le vieillissement de la population<\/p>\n<p>Un aidant familial, c&rsquo;est une personne &#8211; conjoint, enfant, parent, ami, voisin &#8211; qui soutient une personne \u00e2g\u00e9e, malade, handicap\u00e9e ou en situation de perte d&rsquo;autonomie. En 2016, les \u00ab\u00a0aidants familiaux\u00a0\u00bb repr\u00e9sentent 8,3 millions de personnes. Le plus souvent laiss\u00e9es \u00e0 elles-m\u00eames, ces personnes s&rsquo;\u00e9puisent \u00e0 la t\u00e2che dans une solitude dense et une non-reconnaissance appuy\u00e9e de l&rsquo;ensemble de la soci\u00e9t\u00e9. Leur nombre s&rsquo;accro\u00eet au fil des ann\u00e9es avec le vieillissement de la population.<\/p>\n<p>Cet ouvrage a pour ambition de reconna\u00eetre le travail silencieux de ces millions de personnes, de leur fournir des informations souvent difficiles \u00e0 trouver sur les aides \u00e0 disposition, les soutiens possibles et les bons r\u00e9flexes \u00e0 avoir pour ne pas s&rsquo;oublier, et ainsi pour leur permettre de vivre le mieux possible cette situation.<\/p>\n<p>(Pr\u00e9sentation de l\u2019\u00e9diteur)<\/p>\n<p>AL RUBAEE &#8211; M. RUCH J.<\/p>\n<p>EDITIONS FIRST<\/p>\n<p>2017 \u2013 288p \u2013 11,95\u20ac<\/p>\n<p>270gr<\/p>\n<p>ISBN\u00a0: 978-2-412-02624-3<\/p>\n<p>Cote doc: 5-20-ALR-A<\/p>\n<p>\u00a0<\/p>\n<span class=\"et_bloom_bottom_trigger\"><\/span>","protected":false},"excerpt":{"rendered":"<p>8,3 millions d&rsquo;aidants familiaux en France, soit plus de 12 % de la population totale, poss\u00e9dant un statut peu reconnu mais primordial, et un nombre qui ne cesse de d&rsquo;accro\u00eetre avec le vieillissement de la population<\/p>\n","protected":false},"featured_media":765,"comment_status":"open","ping_status":"closed","template":"","meta":{"_et_pb_use_builder":"","_et_pb_old_content":"","_et_gb_content_width":"","spay_email":""},"class_list":["post-766","product","type-product","status-publish","has-post-thumbnail","hentry","product_cat-livres","product_tag-accident","product_tag-aide-financiere","product_tag-aide-psychologique","product_tag-personne-handicapee","product_tag-temoignage","product_tag-vieillissement"],"jetpack_sharing_enabled":true,"jetpack_likes_enabled":true,"_links":{"self":[{"href":"https:\/\/www.parthages.be\/eboutique\/wp-json\/wp\/v2\/product\/766","targetHints":{"allow":["GET"]}}],"collection":[{"href":"https:\/\/www.parthages.be\/eboutique\/wp-json\/wp\/v2\/product"}],"about":[{"href":"https:\/\/www.parthages.be\/eboutique\/wp-json\/wp\/v2\/types\/product"}],"replies":[{"embeddable":true,"href":"https:\/\/www.parthages.be\/eboutique\/wp-json\/wp\/v2\/comments?post=766"}],"wp:featuredmedia":[{"embeddable":true,"href":"https:\/\/www.parthages.be\/eboutique\/wp-json\/wp\/v2\/media\/765"}],"wp:attachment":[{"href":"https:\/\/www.parthages.be\/eboutique\/wp-json\/wp\/v2\/media?parent=766"}],"curies":[{"name":"wp","href":"https:\/\/api.w.org\/{rel}","templated":true}]}}