{"id":770,"date":"2017-12-11T13:12:39","date_gmt":"2017-12-11T12:12:39","guid":{"rendered":"https:\/\/www.parthages.be\/wordpress\/produit\/mon-extra-grand-frere\/"},"modified":"2022-02-18T10:38:28","modified_gmt":"2022-02-18T09:38:28","slug":"mon-extra-grand-frere","status":"publish","type":"product","link":"https:\/\/www.parthages.be\/eboutique\/produit\/mon-extra-grand-frere\/","title":{"rendered":"Mon Extra grand fr\u00e8re"},"content":{"rendered":"<p>Mon grand fr\u00e8re est un extraterrestre.<\/p>\n<p>Bon ! Il n\u2019a pas d\u2019antennes, mais il vient quand m\u00eame d\u2019une autre plan\u00e8te.<\/p>\n<p>Il parle une dr\u00f4le de langue. On a parfois du mal \u00e0 discuter tous les deux : moi, je ne connais que le terrien&#8230;<\/p>\n<p>Mais en tombant de son \u00e9toile, il est devenu\u2026<\/p>\n<p>Mon Extra grand fr\u00e8re.<\/p>\n<p>Mon Extra grand-fr\u00e8re \u00e9voque avant tout l\u2019amour qui existe entre une petite s\u0153ur et son grand fr\u00e8re, un fr\u00e8re diff\u00e9rent, tomb\u00e9 d\u2019une \u00e9toile. Un extraterrestre dont tous les autres enfants se moquent parce que le handicap les effraie. Et si la petite narratrice ne cache pas la col\u00e8re et la tristesse que lui causent parfois les r\u00e9actions de son fr\u00e8re ou le difficile regard des autres, elle raconte aussi les rires, la complicit\u00e9, sans oublier l\u2019immense tendresse qui les unit.<\/p>\n<p>A travers cet album, Anne Ferrier nous parle avec d\u00e9licatesse de la pi\u00e8ce de puzzle qui manque dans la t\u00eate de l\u2019extra grand fr\u00e8re. Un chant d\u2019amour fraternel o\u00f9 la douceur et la douleur se m\u00ealent sans tomber dans la grandiloquence.<\/p>\n<p>(Pr\u00e9sentation de l&rsquo;\u00e9diteur)<\/p>\n<p>FERRIER A. \u2013 JEAN D. &amp; ZAD<\/p>\n<p>EDITIONS UTOPIQUE<\/p>\n<p>2015 \u2013 40p \u2013 15,90\u20ac<\/p>\n<p>500gr<\/p>\n<p>ISBN\u00a0: 979-10-91081-17-7<\/p>\n<p>Cote doc\u00a0: 11-FER-M<\/p>\n<span class=\"et_bloom_bottom_trigger\"><\/span>","protected":false},"excerpt":{"rendered":"<p>Mon grand fr\u00e8re est un extraterrestre.<\/p>\n<p>Bon ! Il n\u2019a pas d\u2019antennes, mais il vient quand m\u00eame d\u2019une autre plan\u00e8te.<\/p>\n<p>Il parle une dr\u00f4le de langue. On a parfois du mal \u00e0 discuter tous les deux : moi, je ne connais que le terrien&#8230;<\/p>\n","protected":false},"featured_media":769,"comment_status":"open","ping_status":"closed","template":"","meta":{"_et_pb_use_builder":"","_et_pb_old_content":"","_et_gb_content_width":"","spay_email":""},"class_list":["post-770","product","type-product","status-publish","has-post-thumbnail","hentry","product_cat-livres","product_cat-livres-jeunesse","product_tag-autisme","product_tag-difference","product_tag-relation-frere-soeur"],"jetpack_sharing_enabled":true,"jetpack_likes_enabled":true,"_links":{"self":[{"href":"https:\/\/www.parthages.be\/eboutique\/wp-json\/wp\/v2\/product\/770","targetHints":{"allow":["GET"]}}],"collection":[{"href":"https:\/\/www.parthages.be\/eboutique\/wp-json\/wp\/v2\/product"}],"about":[{"href":"https:\/\/www.parthages.be\/eboutique\/wp-json\/wp\/v2\/types\/product"}],"replies":[{"embeddable":true,"href":"https:\/\/www.parthages.be\/eboutique\/wp-json\/wp\/v2\/comments?post=770"}],"wp:featuredmedia":[{"embeddable":true,"href":"https:\/\/www.parthages.be\/eboutique\/wp-json\/wp\/v2\/media\/769"}],"wp:attachment":[{"href":"https:\/\/www.parthages.be\/eboutique\/wp-json\/wp\/v2\/media?parent=770"}],"curies":[{"name":"wp","href":"https:\/\/api.w.org\/{rel}","templated":true}]}}