{"id":772,"date":"2017-12-11T13:14:37","date_gmt":"2017-12-11T12:14:37","guid":{"rendered":"https:\/\/www.parthages.be\/wordpress\/produit\/apprendre-aux-enfants-autistes-a-comprendre-la-pensee-des-autres\/"},"modified":"2024-01-30T12:57:09","modified_gmt":"2024-01-30T11:57:09","slug":"apprendre-aux-enfants-autistes-a-comprendre-la-pensee-des-autres","status":"publish","type":"product","link":"https:\/\/www.parthages.be\/eboutique\/produit\/apprendre-aux-enfants-autistes-a-comprendre-la-pensee-des-autres\/","title":{"rendered":"Apprendre aux enfants autistes \u00e0 comprendre la pens\u00e9e des autres."},"content":{"rendered":"<p>Comment comprendre les autres ? Leurs expressions ? Leurs intentions ? Que se cache-t-il derri\u00e8re nos larmes et nos sourires ? Un enfant avec de l\u2019autisme ne per\u00e7oit pas tous ces comportements et nuances qui semblent naturels \u00e0 la plupart d\u2019entre nous. Or comprendre les interactions sociales permet de comprendre, de se mouvoir et de s\u2019adapter au monde dans lequel on vit. Apprendre aux enfants autistes \u00e0 comprendre la pens\u00e9e des autres est un v\u00e9ritable manuel pratique qui aidera les familles, l\u2019entourage et l\u2019ensemble des professionnels qui prennent soin d\u2019enfants avec autisme \u00e0 les faire progresser, \u00e0 leur permettre de reconna\u00eetre et d\u2019identifier les pens\u00e9es et les sentiments de leurs interlocuteurs, \u00e0 leur donner les cl\u00e9s n\u00e9cessaires pour interagir avec les autres. Ce cahier d\u2019exercices, parfaitement compl\u00e9mentaire \u00e0 l\u2019autre ouvrage du m\u00eame nom, pr\u00e9sente des approches, des strat\u00e9gies et des mesures innovantes et efficaces\u00a0 afin de faciliter la participation des enfants TSA \u00e0 la vie sociale de tous les jours<\/p>\n<p>(Pr\u00e9sentation de l&rsquo;\u00e9diteur)<\/p>\n<p>HOWLIN P. \u00a0HADWIN J.\u00a0 BARON-COHEN S.<\/p>\n<p>EDITIONS DE BOECK SUPERIEUR<\/p>\n<p>2017 &#8211; 160p<\/p>\n<p>484gr<\/p>\n<p>ISBN\u00a0: 978-2-8073-0269-3<\/p>\n<p>Cote doc\u00a0: 1-70-HOW-A<\/p>\n<span class=\"et_bloom_bottom_trigger\"><\/span>","protected":false},"excerpt":{"rendered":"<p>Comment comprendre les autres ? Leurs expressions ? Leurs intentions ? Que se cache-t-il derri\u00e8re nos larmes et nos sourires ? Un enfant avec de l\u2019autisme ne per\u00e7oit pas tous ces comportements et nuances qui semblent naturels \u00e0 la plupart d\u2019entre nous<\/p>\n","protected":false},"featured_media":771,"comment_status":"open","ping_status":"closed","template":"","meta":{"_et_pb_use_builder":"","_et_pb_old_content":"","_et_gb_content_width":"","spay_email":""},"class_list":["post-772","product","type-product","status-publish","has-post-thumbnail","hentry","product_cat-livres","product_tag-autisme","product_tag-communication","product_tag-enfant","product_tag-interaction","product_tag-pedagogie","product_tag-strategie","product_tag-vie-sociale"],"jetpack_sharing_enabled":true,"jetpack_likes_enabled":true,"_links":{"self":[{"href":"https:\/\/www.parthages.be\/eboutique\/wp-json\/wp\/v2\/product\/772","targetHints":{"allow":["GET"]}}],"collection":[{"href":"https:\/\/www.parthages.be\/eboutique\/wp-json\/wp\/v2\/product"}],"about":[{"href":"https:\/\/www.parthages.be\/eboutique\/wp-json\/wp\/v2\/types\/product"}],"replies":[{"embeddable":true,"href":"https:\/\/www.parthages.be\/eboutique\/wp-json\/wp\/v2\/comments?post=772"}],"wp:featuredmedia":[{"embeddable":true,"href":"https:\/\/www.parthages.be\/eboutique\/wp-json\/wp\/v2\/media\/771"}],"wp:attachment":[{"href":"https:\/\/www.parthages.be\/eboutique\/wp-json\/wp\/v2\/media?parent=772"}],"curies":[{"name":"wp","href":"https:\/\/api.w.org\/{rel}","templated":true}]}}