{"id":776,"date":"2017-12-11T13:20:45","date_gmt":"2017-12-11T12:20:45","guid":{"rendered":"https:\/\/www.parthages.be\/wordpress\/produit\/educateur-aupres-d-un-jeune-autiste\/"},"modified":"2022-03-23T17:25:26","modified_gmt":"2022-03-23T16:25:26","slug":"educateur-aupres-d-un-jeune-autiste","status":"publish","type":"product","link":"https:\/\/www.parthages.be\/eboutique\/produit\/educateur-aupres-d-un-jeune-autiste\/","title":{"rendered":"Educateur aupr\u00e8s d un jeune autiste"},"content":{"rendered":"<p>Bien qu\u2019il demeure riche et passionnant, le travail de l\u2019\u00e9ducateur aupr\u00e8s d\u2019un enfant autiste ne va vraiment pas de soi. Le quotidien est bien souvent marqu\u00e9 par l\u2019incertitude, l\u2019embarras, le doute, la peur, le rejet, le ras-le-bol, l\u2019incompr\u00e9hension ou encore la fascination. Les strat\u00e9gies \u00e9ducatives auxquelles l\u2019\u00e9ducateur a habituellement recours semblent n\u2019avoir plus aucun sens et ne produisent donc plus du tout les m\u00eames effets. Dans ce r\u00e9cit, issu de son journal de bord, Claude D\u00e9liot retrace une rencontre avant tout humaine avec S\u00e9bastien. Il montre avec beaucoup d\u2019humilit\u00e9 comment il a \u00e9t\u00e9 amen\u00e9 \u00e0 inventer au jour le jour en se mettant \u00e0 son \u00e9coute pour l\u2019accompagner et l\u2019aider \u00e0 progresser au milieu des autres. Il nous livre les le\u00e7ons quotidiennes de S\u00e9bastien et en tire savoirs et savoir-faire qui questionnent et renouvellent la r\u00e9flexion sur la pratique \u00e9ducative.<\/p>\n<p>(Pr\u00e9sentation de l&rsquo;\u00e9diteur)<\/p>\n<p>D\u00c9LIOT C.<\/p>\n<p>EDITIONS ERES<\/p>\n<p>2017 -242p -15\u20ac<\/p>\n<p>180gr<\/p>\n<p>ISBN\u00a0: 978-2-7492-5606-1<\/p>\n<p>Cote doc: 1-70-DEL-E<\/p>\n<span class=\"et_bloom_bottom_trigger\"><\/span>","protected":false},"excerpt":{"rendered":"<p><strong>Educateur aupr\u00e8s d\u2019un jeune autiste. <\/strong>A l\u2019\u00e9coute des le\u00e7ons quotidiennes de S\u00e9bastien<\/p>\n<p>Bien qu\u2019il demeure riche et passionnant, le travail de l\u2019\u00e9ducateur aupr\u00e8s d\u2019un enfant autiste ne va vraiment pas de soi.<\/p>\n","protected":false},"featured_media":775,"comment_status":"open","ping_status":"closed","template":"","meta":{"_et_pb_use_builder":"","_et_pb_old_content":"","_et_gb_content_width":"","spay_email":""},"class_list":["post-776","product","type-product","status-publish","has-post-thumbnail","hentry","product_cat-livres","product_tag-accompagnement","product_tag-autisme","product_tag-educateur","product_tag-psychanalyse","product_tag-strategie","product_tag-temoignage"],"jetpack_sharing_enabled":true,"jetpack_likes_enabled":true,"_links":{"self":[{"href":"https:\/\/www.parthages.be\/eboutique\/wp-json\/wp\/v2\/product\/776","targetHints":{"allow":["GET"]}}],"collection":[{"href":"https:\/\/www.parthages.be\/eboutique\/wp-json\/wp\/v2\/product"}],"about":[{"href":"https:\/\/www.parthages.be\/eboutique\/wp-json\/wp\/v2\/types\/product"}],"replies":[{"embeddable":true,"href":"https:\/\/www.parthages.be\/eboutique\/wp-json\/wp\/v2\/comments?post=776"}],"wp:featuredmedia":[{"embeddable":true,"href":"https:\/\/www.parthages.be\/eboutique\/wp-json\/wp\/v2\/media\/775"}],"wp:attachment":[{"href":"https:\/\/www.parthages.be\/eboutique\/wp-json\/wp\/v2\/media?parent=776"}],"curies":[{"name":"wp","href":"https:\/\/api.w.org\/{rel}","templated":true}]}}