{"id":782,"date":"2017-12-11T13:26:51","date_gmt":"2017-12-11T12:26:51","guid":{"rendered":"https:\/\/www.parthages.be\/wordpress\/produit\/aide-aux-dys-concretement-que-faire\/"},"modified":"2022-03-23T17:07:52","modified_gmt":"2022-03-23T16:07:52","slug":"aide-aux-dys-concretement-que-faire","status":"publish","type":"product","link":"https:\/\/www.parthages.be\/eboutique\/produit\/aide-aux-dys-concretement-que-faire\/","title":{"rendered":"Aide aux Dys concr\u00e8tement, que faire ?"},"content":{"rendered":"<p>Comment optimiser les chances des enfants Dys? Quels intervenants? Qu&rsquo;attendre d&rsquo;eux?<\/p>\n<p>Un \u00e9clairage vrai sur les troubles DYS et le r\u00f4le des professionnels dans le parcours de soins qui s\u2019adresse :<\/p>\n<p>\u2022 aux enfants, jeunes Dys dont le courage n\u2019a d\u2019\u00e9gal que la pers\u00e9v\u00e9rance et la sp\u00e9cificit\u00e9 ;<\/p>\n<p>\u2022 aux parents \u00e9prouv\u00e9s, mais combatifs dont la pr\u00e9sence est toujours bienveillante et rassurante<\/p>\n<p>\u2022 aux p\u00e9dagogues, professionnels de sant\u00e9 et aidants \u00e0 l\u2019\u00e9coute et au d\u00e9vouement \u00e0 nul autre pareil dont le but est d\u2019aider et de faire progresser \u00e0 travers les m\u00e9andres des difficult\u00e9s \u00e0 surmonter.<\/p>\n<p>Un livre \u00e0 plusieurs voix est construit \u00e0 partir de la r\u00e9alit\u00e9 des exp\u00e9riences, des v\u00e9cus, des cheminements personnels et de la vari\u00e9t\u00e9 des points de vue afin de faire le point sur la d\u00e9tection qui doit pouvoir se faire le plus t\u00f4t possible par des praticiens comp\u00e9tents. Il traite \u00e0 la fois de la nature des troubles dont certains peuvent \u00eatre associ\u00e9s, des prises en charge possibles et les organismes auxquels les parents peuvent s&rsquo;adresser, sans oublier les comp\u00e9tences des divers intervenants et leurs implications dans le processus de soin. Ce livre conseillera donc les parents dans leurs recherches de solutions et d&rsquo;adaptation \u00e0 la pathologie de leur enfant. Il s&rsquo;adresse \u00e9galement \u00e0 toute personne \u00e9tant en contact avec un patient Dys.<\/p>\n<p>(Pr\u00e9sentation de l&rsquo;\u00e9diteur)<\/p>\n<p>CHAUCHE C.<\/p>\n<p>EDITIONS TOM POUSSE<\/p>\n<p>2017 \u2013 176p -15\u20ac<\/p>\n<p>250gr<\/p>\n<p>ISBN\u00a0: 978-2-35345-174-6<\/p>\n<p>Cote doc\u00a0: 2-20-CHA-A<\/p>\n<span class=\"et_bloom_bottom_trigger\"><\/span>","protected":false},"excerpt":{"rendered":"<p>Comment optimiser les chances des enfants Dys? Quels intervenants? Qu&rsquo;attendre d&rsquo;eux?<\/p>\n","protected":false},"featured_media":781,"comment_status":"open","ping_status":"closed","template":"","meta":{"_et_pb_use_builder":"","_et_pb_old_content":"","_et_gb_content_width":"","spay_email":""},"class_list":["post-782","product","type-product","status-publish","has-post-thumbnail","hentry","product_cat-livres","product_tag-accompagnement","product_tag-accompagnement-professionnel","product_tag-dyslexie","product_tag-enfant-handicape","product_tag-outil","product_tag-strategie","product_tag-temoignage","product_tag-trouble-de-lapprentissage","product_tag-trouble-du-langage"],"jetpack_sharing_enabled":true,"jetpack_likes_enabled":true,"_links":{"self":[{"href":"https:\/\/www.parthages.be\/eboutique\/wp-json\/wp\/v2\/product\/782","targetHints":{"allow":["GET"]}}],"collection":[{"href":"https:\/\/www.parthages.be\/eboutique\/wp-json\/wp\/v2\/product"}],"about":[{"href":"https:\/\/www.parthages.be\/eboutique\/wp-json\/wp\/v2\/types\/product"}],"replies":[{"embeddable":true,"href":"https:\/\/www.parthages.be\/eboutique\/wp-json\/wp\/v2\/comments?post=782"}],"wp:featuredmedia":[{"embeddable":true,"href":"https:\/\/www.parthages.be\/eboutique\/wp-json\/wp\/v2\/media\/781"}],"wp:attachment":[{"href":"https:\/\/www.parthages.be\/eboutique\/wp-json\/wp\/v2\/media?parent=782"}],"curies":[{"name":"wp","href":"https:\/\/api.w.org\/{rel}","templated":true}]}}