{"id":792,"date":"2018-04-09T08:49:42","date_gmt":"2018-04-09T06:49:42","guid":{"rendered":"https:\/\/www.parthages.be\/wordpress\/produit\/aller-au-dela-du-handicap-a-l-oeuvre-d-un-destin\/"},"modified":"2018-04-09T08:49:42","modified_gmt":"2018-04-09T06:49:42","slug":"aller-au-dela-du-handicap-a-l-oeuvre-d-un-destin","status":"publish","type":"product","link":"https:\/\/www.parthages.be\/eboutique\/produit\/aller-au-dela-du-handicap-a-l-oeuvre-d-un-destin\/","title":{"rendered":"Aller au-del\u00e0 du handicap &#8211; A l&rsquo;\u0153uvre d&rsquo;un destin"},"content":{"rendered":"<p>Peindre pour s\u2019exprimer, peindre pour cr\u00e9er, peindre pour c\u00e9l\u00e9brer une victoire commune ont toujours \u00e9t\u00e9 les devises de l\u2019artiste-peintre H\u00e9l\u00e8ne HOPPER qui est le personnage principal du livre de Lisa Jabaly.<\/p>\n<p>Depuis son enfance, cette jeune femme n\u2019a jamais \u00e9t\u00e9 comme les autres de par son handicap et sa cr\u00e9ativit\u00e9. La vie \u00e9tant une mise \u00e0 l\u2019\u00e9preuve perp\u00e9tuelle, choisir entre \u00ab \u00eatre \u00bb et \u00ab para\u00eetre \u00bb se pose comme une question existentielle.<\/p>\n<p>Elle esp\u00e8re secr\u00e8tement un monde o\u00f9 chacun change de regard au lieu de changer de trottoir.<\/p>\n<p>Pour H\u00e9l\u00e8ne, cr\u00e9er, c\u2019est se sentir investie d\u2019une mission. Elle souhaite plus que tout r\u00e9aliser son r\u00eave malgr\u00e9 son handicap. Elle est plus que jamais d\u00e9termin\u00e9e \u00e0 renverser les barri\u00e8res du possible et de l\u2019impossible pour faire changer les mentalit\u00e9s.<\/p>\n<p>Nietzsche pensait que l\u2019on pouvait faire de sa vie une \u0153uvre d\u2019art. Et vous, croyez-vous \u00e0 l\u2019esth\u00e9tique de l\u2019existence ?<\/p>\n<p>Ce livre est une qu\u00eate spirituelle et une invitation \u00e0 suivre ses r\u00eaves pour y trouver sa v\u00e9rit\u00e9. Il y a du merveilleux, de l\u2019\u00e9motion, du suspense et surtout une \u00e9norme g\u00e9n\u00e9rosit\u00e9 dans cette histoire universelle qui r\u00e9sonne en chacun de nous.<\/p>\n<p>(Pr\u00e9sentation de l&rsquo;Editeur)<\/p>\n<p>\u00a0<\/p>\n<p>JABALY L.<\/p>\n<p>Editions KAWA<\/p>\n<p>2018\u2013 140p \u2013 23,95\u20ac<\/p>\n<p>225gr<\/p>\n<p>ISBN\u00a0: 978-2-36778-171-6<\/p>\n<p>Cote doc\u00a0: 1-20-JAB-A<\/p>\n<span class=\"et_bloom_bottom_trigger\"><\/span>","protected":false},"excerpt":{"rendered":"<p>Peindre pour s\u2019exprimer, peindre pour cr\u00e9er, peindre pour c\u00e9l\u00e9brer une victoire commune ont toujours \u00e9t\u00e9 les devises de l\u2019artiste-peintre H\u00e9l\u00e8ne HOPPER qui est le personnage principal du livre de Lisa Jabaly.<\/p>\n","protected":false},"featured_media":791,"comment_status":"open","ping_status":"closed","template":"","meta":{"_et_pb_use_builder":"","_et_pb_old_content":"","_et_gb_content_width":"","spay_email":""},"class_list":["post-792","product","type-product","status-publish","has-post-thumbnail","hentry","product_cat-livres","product_tag-accompagnement","product_tag-art","product_tag-difference","product_tag-epanouissement-personnel","product_tag-integration-scolaire","product_tag-personne-handicapee","product_tag-regard","product_tag-temoignage"],"jetpack_sharing_enabled":true,"jetpack_likes_enabled":true,"_links":{"self":[{"href":"https:\/\/www.parthages.be\/eboutique\/wp-json\/wp\/v2\/product\/792","targetHints":{"allow":["GET"]}}],"collection":[{"href":"https:\/\/www.parthages.be\/eboutique\/wp-json\/wp\/v2\/product"}],"about":[{"href":"https:\/\/www.parthages.be\/eboutique\/wp-json\/wp\/v2\/types\/product"}],"replies":[{"embeddable":true,"href":"https:\/\/www.parthages.be\/eboutique\/wp-json\/wp\/v2\/comments?post=792"}],"wp:featuredmedia":[{"embeddable":true,"href":"https:\/\/www.parthages.be\/eboutique\/wp-json\/wp\/v2\/media\/791"}],"wp:attachment":[{"href":"https:\/\/www.parthages.be\/eboutique\/wp-json\/wp\/v2\/media?parent=792"}],"curies":[{"name":"wp","href":"https:\/\/api.w.org\/{rel}","templated":true}]}}