{"id":798,"date":"2018-04-12T11:22:24","date_gmt":"2018-04-12T09:22:24","guid":{"rendered":"https:\/\/www.parthages.be\/wordpress\/produit\/une-journee-dans-la-vie-de-kevin-guide-de-sensibilisation-de-la-deficience-motrice\/"},"modified":"2022-03-25T10:49:43","modified_gmt":"2022-03-25T09:49:43","slug":"une-journee-dans-la-vie-de-kevin-guide-de-sensibilisation-de-la-deficience-motrice","status":"publish","type":"product","link":"https:\/\/www.parthages.be\/eboutique\/produit\/une-journee-dans-la-vie-de-kevin-guide-de-sensibilisation-de-la-deficience-motrice\/","title":{"rendered":"Une journ\u00e9e dans la vie de Kevin. Guide de sensibilisation de la d\u00e9ficience motrice"},"content":{"rendered":"<p>Ce guide aborde la d\u00e9ficience motrice. Le personnage principal, Kevin, se d\u00e9place en fauteuil roulant. \u00c0 l\u2019\u00e9cole, Kevin se pr\u00e9sente. Il s\u2019exprime sur ce qu&rsquo;il aime et ce qu&rsquo;il appr\u00e9cie moins au quotidien quant \u00e0 sa situation d\u2019handicap. Kevin parle de sa famille et de ses activit\u00e9s pr\u00e9f\u00e9r\u00e9es. Parall\u00e8lement, les fiches simples, color\u00e9es et vulgaris\u00e9e permettent \u00e0 l\u2019adulte d\u2019animer cette histoire. (Pr\u00e9sentation de l&rsquo;\u00e9diteur)<\/p>\n<p>LEBEAU C.<\/p>\n<p>Les \u00e9ditions Regard9<\/p>\n<p>2014 &#8211; 45p \u201325\u20ac\u00a0<\/p>\n<p>235gr<\/p>\n<p>ISBN\u00a0: 978-2-924486-01-6<\/p>\n<p>Cote doc\u00a0: 11-LEB-J<\/p>\n<span class=\"et_bloom_bottom_trigger\"><\/span>","protected":false},"excerpt":{"rendered":"<p>Ce guide aborde la d\u00e9ficience motrice. Le personnage principal, Kevin, se d\u00e9place en fauteuil roulant.<\/p>\n","protected":false},"featured_media":797,"comment_status":"open","ping_status":"closed","template":"","meta":{"_et_pb_use_builder":"","_et_pb_old_content":"","_et_gb_content_width":"","spay_email":""},"class_list":["post-798","product","type-product","status-publish","has-post-thumbnail","hentry","product_cat-livres","product_cat-livres-jeunesse","product_tag-acceptation","product_tag-deficience-motrice","product_tag-difference","product_tag-ecole","product_tag-enfant","product_tag-integration-sociale","product_tag-outil","product_tag-personne-handicapee","product_tag-sensibilisation"],"jetpack_sharing_enabled":true,"jetpack_likes_enabled":true,"_links":{"self":[{"href":"https:\/\/www.parthages.be\/eboutique\/wp-json\/wp\/v2\/product\/798","targetHints":{"allow":["GET"]}}],"collection":[{"href":"https:\/\/www.parthages.be\/eboutique\/wp-json\/wp\/v2\/product"}],"about":[{"href":"https:\/\/www.parthages.be\/eboutique\/wp-json\/wp\/v2\/types\/product"}],"replies":[{"embeddable":true,"href":"https:\/\/www.parthages.be\/eboutique\/wp-json\/wp\/v2\/comments?post=798"}],"wp:featuredmedia":[{"embeddable":true,"href":"https:\/\/www.parthages.be\/eboutique\/wp-json\/wp\/v2\/media\/797"}],"wp:attachment":[{"href":"https:\/\/www.parthages.be\/eboutique\/wp-json\/wp\/v2\/media?parent=798"}],"curies":[{"name":"wp","href":"https:\/\/api.w.org\/{rel}","templated":true}]}}