{"id":800,"date":"2018-04-12T11:24:39","date_gmt":"2018-04-12T09:24:39","guid":{"rendered":"https:\/\/www.parthages.be\/wordpress\/produit\/10-questions-sur-le-tdah-chez-l-enfant-et-l-adolescent\/"},"modified":"2022-05-16T20:24:43","modified_gmt":"2022-05-16T18:24:43","slug":"10-questions-sur-le-tdah-chez-l-enfant-et-l-adolescent","status":"publish","type":"product","link":"https:\/\/www.parthages.be\/eboutique\/produit\/10-questions-sur-le-tdah-chez-l-enfant-et-l-adolescent\/","title":{"rendered":"10 questions sur Le TDAH chez l&rsquo;enfant et l&rsquo;adolescent"},"content":{"rendered":"<p><strong>Mieux comprendre pour mieux intervenir<\/strong><\/p>\n<p>Le TDAH, est-ce h\u00e9r\u00e9ditaire??<\/p>\n<p>Y en a-t-il plus qu\u2019avant ?<\/p>\n<p>Quels sont les exercices qui fonctionnent pour entra\u00eener et am\u00e9liorer l\u2019attention ?<\/p>\n<p>Faut-il avoir peur de la m\u00e9dication??<\/p>\n<p>Quelles sont les interventions qui fonctionnent le mieux pour composer avec les difficult\u00e9s??<\/p>\n<p>Ce guide complet, simple et accessible, a \u00e9t\u00e9 con\u00e7u pour offrir des strat\u00e9gies concr\u00e8tes aux intervenants et aux parents des jeunes qui vivent avec un TDAH (trouble du d\u00e9ficit de l\u2019attention avec ou sans hyperactivit\u00e9).<\/p>\n<p>Le neuropsychologue Beno\u00eet Hammarrenger y offre une compr\u00e9hension de ce trouble en r\u00e9pondant de mani\u00e8re sp\u00e9cifique \u00e0 dix questions fr\u00e9quemment pos\u00e9es par les parents, les enseignants et les intervenants. Il propose \u00e9galement des conseils pratiques et des pistes d\u2019intervention \u00e9prouv\u00e9es pour mieux accompagner les jeunes touch\u00e9s et pour les aider \u00e0 surmonter leurs difficult\u00e9s de mani\u00e8re saine et efficace.A travers cet album, Anne Ferrier nous parle avec d\u00e9licatesse de la pi\u00e8ce de puzzle qui manque dans la t\u00eate de l\u2019extra grand fr\u00e8re. Un chant d\u2019amour fraternel o\u00f9 la douceur et la douleur se m\u00ealent sans tomber dans la grandiloquence.<\/p>\n<p>(Pr\u00e9sentation de l&rsquo;\u00e9diteur)<\/p>\n<p>HAMMARRENGER B.<\/p>\n<p>Midi trente Editions<\/p>\n<p>2017 \u2013 136p<\/p>\n<p>265gr<\/p>\n<p>ISBN\u00a0: 978-2-924804-05-6<\/p>\n<p>Cote doc\u00a0: 2-30-HAM-T<\/p>\n<p><strong><em>Uniquement \u00e0 la location<\/em><\/strong><\/p>\n<span class=\"et_bloom_bottom_trigger\"><\/span>","protected":false},"excerpt":{"rendered":"<p>Le TDAH, est-ce h\u00e9r\u00e9ditaire ? Y en a-t-il plus qu\u2019avant ? Quels sont les exercices qui fonctionnent pour entra\u00eener et am\u00e9liorer l\u2019attention ? Faut-il avoir peur de la m\u00e9dication??<\/p>\n","protected":false},"featured_media":799,"comment_status":"open","ping_status":"closed","template":"","meta":{"_et_pb_use_builder":"","_et_pb_old_content":"","_et_gb_content_width":"","spay_email":""},"class_list":["post-800","product","type-product","status-publish","has-post-thumbnail","hentry","product_cat-livres","product_tag-adolescent","product_tag-diagnostic","product_tag-enfant","product_tag-enseignant","product_tag-hyperactivite","product_tag-outil","product_tag-parent","product_tag-personne-handicapee","product_tag-plan-dintervention","product_tag-strategie","product_tag-trouble-de-lattention"],"jetpack_sharing_enabled":true,"jetpack_likes_enabled":true,"_links":{"self":[{"href":"https:\/\/www.parthages.be\/eboutique\/wp-json\/wp\/v2\/product\/800","targetHints":{"allow":["GET"]}}],"collection":[{"href":"https:\/\/www.parthages.be\/eboutique\/wp-json\/wp\/v2\/product"}],"about":[{"href":"https:\/\/www.parthages.be\/eboutique\/wp-json\/wp\/v2\/types\/product"}],"replies":[{"embeddable":true,"href":"https:\/\/www.parthages.be\/eboutique\/wp-json\/wp\/v2\/comments?post=800"}],"wp:featuredmedia":[{"embeddable":true,"href":"https:\/\/www.parthages.be\/eboutique\/wp-json\/wp\/v2\/media\/799"}],"wp:attachment":[{"href":"https:\/\/www.parthages.be\/eboutique\/wp-json\/wp\/v2\/media?parent=800"}],"curies":[{"name":"wp","href":"https:\/\/api.w.org\/{rel}","templated":true}]}}