{"id":806,"date":"2018-04-12T11:29:23","date_gmt":"2018-04-12T09:29:23","guid":{"rendered":"https:\/\/www.parthages.be\/wordpress\/produit\/le-garcon-qui-ne-voulait-plus-de-frere\/"},"modified":"2024-01-15T12:01:00","modified_gmt":"2024-01-15T11:01:00","slug":"le-garcon-qui-ne-voulait-plus-de-frere","status":"publish","type":"product","link":"https:\/\/www.parthages.be\/eboutique\/produit\/le-garcon-qui-ne-voulait-plus-de-frere\/","title":{"rendered":"Le gar\u00e7on qui ne voulait plus de fr\u00e8re"},"content":{"rendered":"<p>Hugo, 13 ans, a un fr\u00e8re a\u00een\u00e9 handicap\u00e9 mental, Sasha, sur lequel il veille en permanence. Mais quand la famille quitte Toulouse, c\u2019est le choc. Sasha a du mal \u00e0 s\u2019adapter \u00e0 son nouvel environnement, \u00e0 son nouvel \u00e9ducateur, et fait fr\u00e9quemment des crises. Exc\u00e9d\u00e9, Hugo cache aux autres ce fr\u00e8re dont il a honte. Jusqu\u2019au jour o\u00f9 Sasha fugue\u2026 Un roman sensible et poignant de Sophie Rigal-Goulard, port\u00e9 par un jeune h\u00e9ros accabl\u00e9 sous le poids des responsabilit\u00e9s familiales et craignant le jugement de ses camarades de classe. Dans une famille construite autour des besoins de Sasha, Hugo tait ses \u00e9motions jusqu\u2019\u00e0 ce qu\u2019un carnet l\u2019aide \u00e0 \u00e9crire l\u2019indicible, \u00e0 retrouver affectivement son fr\u00e8re et \u00e0 assumer la situation. (Pr\u00e9sentation de l&rsquo;\u00e9diteur)<\/p>\n<p>RIGAL-GOULARD S.<\/p>\n<p>Editions Rageot<\/p>\n<p>2017-160p<\/p>\n<p>175gr<\/p>\n<p>ISBN\u00a0: 978-2-7002-5537-9<\/p>\n<p>Cote doc\u00a0: 11-RIG-G<\/p>\n<p><strong><em>uniquement pour la location<\/em><\/strong><\/p>\n<span class=\"et_bloom_bottom_trigger\"><\/span>","protected":false},"excerpt":{"rendered":"<p>Hugo, 13 ans, a un fr\u00e8re a\u00een\u00e9 handicap\u00e9 mental, Sasha, sur lequel il veille en permanence.<\/p>\n","protected":false},"featured_media":805,"comment_status":"open","ping_status":"closed","template":"","meta":{"_et_pb_use_builder":"","_et_pb_old_content":"","_et_gb_content_width":"","spay_email":""},"class_list":["post-806","product","type-product","status-publish","has-post-thumbnail","hentry","product_cat-livres","product_cat-livres-jeunesse","product_tag-adolescence","product_tag-deficience-intellectuelle","product_tag-difference","product_tag-emotion","product_tag-enfant","product_tag-fugue","product_tag-personne-handicapee","product_tag-relation-familiale","product_tag-scolarisation"],"jetpack_sharing_enabled":true,"jetpack_likes_enabled":true,"_links":{"self":[{"href":"https:\/\/www.parthages.be\/eboutique\/wp-json\/wp\/v2\/product\/806","targetHints":{"allow":["GET"]}}],"collection":[{"href":"https:\/\/www.parthages.be\/eboutique\/wp-json\/wp\/v2\/product"}],"about":[{"href":"https:\/\/www.parthages.be\/eboutique\/wp-json\/wp\/v2\/types\/product"}],"replies":[{"embeddable":true,"href":"https:\/\/www.parthages.be\/eboutique\/wp-json\/wp\/v2\/comments?post=806"}],"wp:featuredmedia":[{"embeddable":true,"href":"https:\/\/www.parthages.be\/eboutique\/wp-json\/wp\/v2\/media\/805"}],"wp:attachment":[{"href":"https:\/\/www.parthages.be\/eboutique\/wp-json\/wp\/v2\/media?parent=806"}],"curies":[{"name":"wp","href":"https:\/\/api.w.org\/{rel}","templated":true}]}}