{"id":818,"date":"2018-09-13T12:08:10","date_gmt":"2018-09-13T10:08:10","guid":{"rendered":"https:\/\/www.parthages.be\/wordpress\/produit\/un-detective-tres-tres-tres-special\/"},"modified":"2022-03-25T10:46:28","modified_gmt":"2022-03-25T09:46:28","slug":"un-detective-tres-tres-tres-special","status":"publish","type":"product","link":"https:\/\/www.parthages.be\/eboutique\/produit\/un-detective-tres-tres-tres-special\/","title":{"rendered":"Un d\u00e9tective tr\u00e8s tr\u00e8s tr\u00e8s sp\u00e9cial"},"content":{"rendered":"<p>Gaspard, brillant trisomique de trente ans d\u2019une curiosit\u00e9 insatiable, vit chez ses parents qu\u2019il adore et cumule deux emplois : vendeur dans une boutique de souvenirs made in China le matin et renifleur d\u2019aisselles pour un fabriquant de d\u00e9odorant le soir. Mais suite \u00e0 un tragique accident, ses deux patrons disparaissent et il se retrouve sans emploi du jour au lendemain. Que faire maintenant ? Quel m\u00e9tier exercer ? D\u00e9tective priv\u00e9 ? Pour Gaspard ce serait le m\u00e9tier id\u00e9al. Il r\u00e9ussit d\u2019ailleurs \u00e0 se faire recruter par un cabinet de d\u00e9tective priv\u00e9 pour enqu\u00eater sur la myst\u00e9rieuse mort d\u2019un patient dans un centre d\u2019\u00e9ducation sp\u00e9cialis\u00e9? Son handicap sera pour une fois un atout.<\/p>\n<p>Mais la v\u00e9rit\u00e9 n\u2019est pas toujours celle que l\u2019on croit? (pr\u00e9sentation de l\u2019\u00e9diteur)<\/p>\n<p>PUERTOLAS R.<\/p>\n<p>Editions La Joie de Lire<\/p>\n<p>2017-144p-15,90\u20ac<\/p>\n<p>193gr<\/p>\n<p>ISBN\u00a0: 978-2-88908-380-0<\/p>\n<p>Cote doc\u00a0: 11-PUE-D<\/p>\n<span class=\"et_bloom_bottom_trigger\"><\/span>","protected":false},"excerpt":{"rendered":"<p>Gaspard, brillant trisomique de trente ans d\u2019une curiosit\u00e9 insatiable, vit chez ses parents qu\u2019il adore et cumule deux emplois : vendeur dans une boutique de souvenirs made in China le matin et renifleur d\u2019aisselles pour un fabriquant de d\u00e9odorant le soir.<\/p>\n","protected":false},"featured_media":817,"comment_status":"open","ping_status":"closed","template":"","meta":{"_et_pb_use_builder":"","_et_pb_old_content":"","_et_gb_content_width":"","spay_email":""},"class_list":["post-818","product","type-product","status-publish","has-post-thumbnail","hentry","product_cat-livres","product_cat-livres-jeunesse","product_tag-adolescence","product_tag-difference","product_tag-emotion","product_tag-fugue","product_tag-personne-handicapee","product_tag-recherche-demploi","product_tag-relation-familiale","product_tag-roman","product_tag-scolarisa-tion","product_tag-trisomie-21"],"jetpack_sharing_enabled":true,"jetpack_likes_enabled":true,"_links":{"self":[{"href":"https:\/\/www.parthages.be\/eboutique\/wp-json\/wp\/v2\/product\/818","targetHints":{"allow":["GET"]}}],"collection":[{"href":"https:\/\/www.parthages.be\/eboutique\/wp-json\/wp\/v2\/product"}],"about":[{"href":"https:\/\/www.parthages.be\/eboutique\/wp-json\/wp\/v2\/types\/product"}],"replies":[{"embeddable":true,"href":"https:\/\/www.parthages.be\/eboutique\/wp-json\/wp\/v2\/comments?post=818"}],"wp:featuredmedia":[{"embeddable":true,"href":"https:\/\/www.parthages.be\/eboutique\/wp-json\/wp\/v2\/media\/817"}],"wp:attachment":[{"href":"https:\/\/www.parthages.be\/eboutique\/wp-json\/wp\/v2\/media?parent=818"}],"curies":[{"name":"wp","href":"https:\/\/api.w.org\/{rel}","templated":true}]}}