{"id":820,"date":"2018-09-13T12:12:40","date_gmt":"2018-09-13T10:12:40","guid":{"rendered":"https:\/\/www.parthages.be\/wordpress\/produit\/le-courage-des-lucioles\/"},"modified":"2022-02-18T10:36:27","modified_gmt":"2022-02-18T09:36:27","slug":"le-courage-des-lucioles","status":"publish","type":"product","link":"https:\/\/www.parthages.be\/eboutique\/produit\/le-courage-des-lucioles\/","title":{"rendered":"Le courage des lucioles"},"content":{"rendered":"<p>Psychologue dans le service de r\u00e9animation p\u00e9diatrique d&rsquo;un grand h\u00f4pital, Muriel Derome c\u00f4toie au quotidien des enfants malades, handicap\u00e9s ou accident\u00e9s, ainsi que leurs familles. Elle les \u00e9coute, leur r\u00e9v\u00e8le que leur plus grande libert\u00e9 r\u00e9side dans l&rsquo;acceptation et l&rsquo;expression de la v\u00e9rit\u00e9.<\/p>\n<p>Elle apprend \u00e0 Lili, qui ne peut communiquer qu&rsquo;en clignant des yeux, \u00e0 exprimer son amour \u00e0 l&rsquo;\u00e9l\u00e8ve-infirmier qui la soigne ; accompagne le petit Jules au chevet de sa soeur morte et y noue un \u00e9mouvant dialogue avec lui ; persuade, au coeur d&rsquo;une nuit terrible et belle \u00e0 la fois, les parents de Manon d&rsquo;accepter son d\u00e9c\u00e8s et de favoriser le don d&rsquo;organes ; \u00e9coute avec bonheur Linda, t\u00e9trapl\u00e9gique, qui savoure la vie gr\u00e2ce aux r\u00e9cits des autres&#8230;<\/p>\n<p>Ce texte passionnant fait aussi d\u00e9couvrir l&rsquo;univers de l&rsquo;h\u00f4pital, les conflits entre soignants, leurs doutes, leurs \u00e9motions, les d\u00e9bats \u00e9thiques. Muriel d\u00e9voile ses propres fragilit\u00e9s, raconte avec humour et lucidit\u00e9 ses difficult\u00e9s \u00e0 concilier la vie d\u00e9vorante de l&rsquo;h\u00f4pital avec celle \u00e0 la maison o\u00f9 l&rsquo;attendent des moments de joie ou de crise avec ses enfants.<\/p>\n<p>\u00c0 partir de la souffrance, ce t\u00e9moignage d\u00e9gage une \u00e9nergie de vie sans pareille. Les enfants de l&rsquo;h\u00f4pital acceptent les limites de leur corps, trouvent une incroyable force, et parfois m\u00eame de la joie, en investissant pleinement l&rsquo;instant pr\u00e9sent. Comme des lucioles au plus profond de la nuit, ces h\u00e9ros malgr\u00e9 eux transmettent une petite lumi\u00e8re, qui brillera longtemps dans la m\u00e9moire des lecteurs. (Pr\u00e9sentation de l&rsquo;\u00e9diteur)<\/p>\n<p>\u00a0<\/p>\n<p>DEROME M.<\/p>\n<p>Editions Philippe Rey<\/p>\n<p>2017-318p-20\u20ac<\/p>\n<p>360gr<\/p>\n<p>ISBN\u00a0: 978-2-84876-626-3<\/p>\n<p>Cote doc\u00a0: 9-20-DER-C<\/p>\n<span class=\"et_bloom_bottom_trigger\"><\/span>","protected":false},"excerpt":{"rendered":"<p>Psychologue dans le service de r\u00e9animation p\u00e9diatrique d&rsquo;un grand h\u00f4pital, Muriel Derome c\u00f4toie au quotidien des enfants malades, handicap\u00e9s ou accident\u00e9s, ainsi que leurs familles. Elle les \u00e9coute, leur r\u00e9v\u00e8le que leur plus grande libert\u00e9 r\u00e9side dans l&rsquo;acceptation et l&rsquo;expression de la v\u00e9rit\u00e9.<\/p>\n","protected":false},"featured_media":819,"comment_status":"open","ping_status":"closed","template":"","meta":{"_et_pb_use_builder":"","_et_pb_old_content":"","_et_gb_content_width":"","spay_email":""},"class_list":["post-820","product","type-product","status-publish","has-post-thumbnail","hentry","product_cat-livres","product_cat-livres-jeunesse","product_tag-communication","product_tag-empathie","product_tag-enfant-handicape","product_tag-ethique","product_tag-fin-de-vie","product_tag-hopital","product_tag-psychologie","product_tag-reanimation"],"jetpack_sharing_enabled":true,"jetpack_likes_enabled":true,"_links":{"self":[{"href":"https:\/\/www.parthages.be\/eboutique\/wp-json\/wp\/v2\/product\/820","targetHints":{"allow":["GET"]}}],"collection":[{"href":"https:\/\/www.parthages.be\/eboutique\/wp-json\/wp\/v2\/product"}],"about":[{"href":"https:\/\/www.parthages.be\/eboutique\/wp-json\/wp\/v2\/types\/product"}],"replies":[{"embeddable":true,"href":"https:\/\/www.parthages.be\/eboutique\/wp-json\/wp\/v2\/comments?post=820"}],"wp:featuredmedia":[{"embeddable":true,"href":"https:\/\/www.parthages.be\/eboutique\/wp-json\/wp\/v2\/media\/819"}],"wp:attachment":[{"href":"https:\/\/www.parthages.be\/eboutique\/wp-json\/wp\/v2\/media?parent=820"}],"curies":[{"name":"wp","href":"https:\/\/api.w.org\/{rel}","templated":true}]}}