{"id":824,"date":"2018-09-13T12:16:24","date_gmt":"2018-09-13T10:16:24","guid":{"rendered":"https:\/\/www.parthages.be\/wordpress\/produit\/handicap-le-guide-pratique-2018-france\/"},"modified":"2018-09-13T12:16:24","modified_gmt":"2018-09-13T10:16:24","slug":"handicap-le-guide-pratique-2018-france","status":"publish","type":"product","link":"https:\/\/www.parthages.be\/eboutique\/produit\/handicap-le-guide-pratique-2018-france\/","title":{"rendered":"Handicap le guide pratique 2018 France"},"content":{"rendered":"<p>Un guide vraiment pratique et parfaitement \u00e0 jour pour r\u00e9pondre \u00e0 toutes vos questions :<\/p>\n<p>\u00a0<\/p>\n<p>\u2022 Quel accueil pour mon enfant, mon adolescent en situation de handicap ?<\/p>\n<p>\u2022 Quelles sont les structures d\u2019h\u00e9bergement ?<\/p>\n<p>\u2022 Quel statut pour le travailleur handicap\u00e9 ?<\/p>\n<p>\u2022 Quelles sont les mesures de protection juridique ?<\/p>\n<p>\u2022 Comment b\u00e9n\u00e9ficier des aides fiscales ?<\/p>\n<p>APAJH<\/p>\n<p>Prat Editions<\/p>\n<p>2018-360p-24\u20ac<\/p>\n<p>454gr<\/p>\n<p>ISBN\u00a0978-2-8095-1305-9<\/p>\n<p>Cote doc\u00a0: 6-10-APA-H<\/p>\n<span class=\"et_bloom_bottom_trigger\"><\/span>","protected":false},"excerpt":{"rendered":"<p>Un guide vraiment pratique et parfaitement \u00e0 jour pour r\u00e9pondre \u00e0 toutes vos questions<\/p>\n","protected":false},"featured_media":823,"comment_status":"open","ping_status":"closed","template":"","meta":{"_et_pb_use_builder":"","_et_pb_old_content":"","_et_gb_content_width":"","spay_email":""},"class_list":["post-824","product","type-product","status-publish","has-post-thumbnail","hentry","product_cat-livres","product_tag-aide-financiere","product_tag-emploi","product_tag-france","product_tag-hebergement","product_tag-inclusion","product_tag-outil","product_tag-participation","product_tag-personne-handicapee","product_tag-protection-juridique","product_tag-scolarite"],"jetpack_sharing_enabled":true,"jetpack_likes_enabled":true,"_links":{"self":[{"href":"https:\/\/www.parthages.be\/eboutique\/wp-json\/wp\/v2\/product\/824","targetHints":{"allow":["GET"]}}],"collection":[{"href":"https:\/\/www.parthages.be\/eboutique\/wp-json\/wp\/v2\/product"}],"about":[{"href":"https:\/\/www.parthages.be\/eboutique\/wp-json\/wp\/v2\/types\/product"}],"replies":[{"embeddable":true,"href":"https:\/\/www.parthages.be\/eboutique\/wp-json\/wp\/v2\/comments?post=824"}],"wp:featuredmedia":[{"embeddable":true,"href":"https:\/\/www.parthages.be\/eboutique\/wp-json\/wp\/v2\/media\/823"}],"wp:attachment":[{"href":"https:\/\/www.parthages.be\/eboutique\/wp-json\/wp\/v2\/media?parent=824"}],"curies":[{"name":"wp","href":"https:\/\/api.w.org\/{rel}","templated":true}]}}