{"id":826,"date":"2018-09-13T12:19:14","date_gmt":"2018-09-13T10:19:14","guid":{"rendered":"https:\/\/www.parthages.be\/wordpress\/produit\/carnet-d-un-imposteur\/"},"modified":"2022-06-03T09:48:04","modified_gmt":"2022-06-03T07:48:04","slug":"carnet-d-un-imposteur","status":"publish","type":"product","link":"https:\/\/www.parthages.be\/eboutique\/produit\/carnet-d-un-imposteur\/","title":{"rendered":"Carnet d&rsquo;un imposteur"},"content":{"rendered":"<p>Quand Hugo \u00e9tait petit, enferm\u00e9 dans son autisme, il ne voulait pas \u00eatre un enfant et d\u00e9testait les autres. Aujourd&rsquo;hui le voici adulte. La com\u00e9die est devenue son m\u00e9tier et son \u00e9chappatoire. Derri\u00e8re un masque, il dissimule tous les personnages qu&rsquo;il porte en lui. De son \u00e9criture brute, parsem\u00e9e de flashs foudroyants, Hugo Horiot se raconte, embrassant le drame et le rire : son enfance qui ne passe pas, le p\u00e8re qu&rsquo;il est devenu, \u00e9merveill\u00e9 et maladroit, le th\u00e9\u00e2tre social o\u00f9 il cherche son r\u00f4le, ses amours br\u00e8ves et passionnelles, ses r\u00eaves aux antipodes. Carnet d&rsquo;un imposteur est habit\u00e9 par une puissante rage de vivre o\u00f9 chacun retrouvera l&rsquo;\u00e9cho de sa propre qu\u00eate. (Pr\u00e9sentation de l\u2019Editeur)<\/p>\n<p>HORIOT H.<\/p>\n<p>2016-158p.-15\u20ac<\/p>\n<p>201gr<\/p>\n<p>ISBN\u00a0: 978-2-286137-25-0<\/p>\n<p>Cote doc: 1-70-HOR-C<\/p>\n<span class=\"et_bloom_bottom_trigger\"><\/span>","protected":false},"excerpt":{"rendered":"<p>Quand Hugo \u00e9tait petit, enferm\u00e9 dans son autisme, il ne voulait pas \u00eatre un enfant et d\u00e9testait les autres. Aujourd&rsquo;hui le voici adulte.<\/p>\n","protected":false},"featured_media":825,"comment_status":"open","ping_status":"closed","template":"","meta":{"_et_pb_use_builder":"","_et_pb_old_content":"","_et_gb_content_width":"","spay_email":""},"class_list":["post-826","product","type-product","status-publish","has-post-thumbnail","hentry","product_cat-livres","product_tag-adaptation","product_tag-adulte","product_tag-autisme","product_tag-paternite","product_tag-personne-handicapee"],"jetpack_sharing_enabled":true,"jetpack_likes_enabled":true,"_links":{"self":[{"href":"https:\/\/www.parthages.be\/eboutique\/wp-json\/wp\/v2\/product\/826","targetHints":{"allow":["GET"]}}],"collection":[{"href":"https:\/\/www.parthages.be\/eboutique\/wp-json\/wp\/v2\/product"}],"about":[{"href":"https:\/\/www.parthages.be\/eboutique\/wp-json\/wp\/v2\/types\/product"}],"replies":[{"embeddable":true,"href":"https:\/\/www.parthages.be\/eboutique\/wp-json\/wp\/v2\/comments?post=826"}],"wp:featuredmedia":[{"embeddable":true,"href":"https:\/\/www.parthages.be\/eboutique\/wp-json\/wp\/v2\/media\/825"}],"wp:attachment":[{"href":"https:\/\/www.parthages.be\/eboutique\/wp-json\/wp\/v2\/media?parent=826"}],"curies":[{"name":"wp","href":"https:\/\/api.w.org\/{rel}","templated":true}]}}