{"id":830,"date":"2018-09-13T12:31:10","date_gmt":"2018-09-13T10:31:10","guid":{"rendered":"https:\/\/www.parthages.be\/wordpress\/produit\/soutenir-et-accompagner-l-enfant-malade-maelle-et-la-bete\/"},"modified":"2022-03-23T17:34:09","modified_gmt":"2022-03-23T16:34:09","slug":"soutenir-et-accompagner-l-enfant-malade-maelle-et-la-bete","status":"publish","type":"product","link":"https:\/\/www.parthages.be\/eboutique\/produit\/soutenir-et-accompagner-l-enfant-malade-maelle-et-la-bete\/","title":{"rendered":"Soutenir et accompagner l&rsquo;enfant malade Ma\u00eblle et la b\u00eate"},"content":{"rendered":"<p>Montr\u00e9al, le 18 mars 2015. Le soleil a continu\u00e9 de se lever chaque jour depuis cinq ans et la nuit a toujours fait place \u00e0 la lumi\u00e8re, malgr\u00e9 la peur, la douleur, l\u2019incompr\u00e9hension et le non-sens. Comme on ne sait jamais de quoi demain sera fait dans la vie comme dans la maladie, l\u2019important est de regarder devant, de se frayer un chemin sur la route de l\u2019espoir, surtout lorsqu\u2019on voit rena\u00eetre dans le regard de ses enfants des \u00e9tincelles de candeur qui \u00e9loignent momentan\u00e9ment la maladie. Avoir un enfant malade est une grande le\u00e7on de vie\u2026<\/p>\n<p>\u00a0<\/p>\n<p>Dans un langage vif et vrai, ce livre relate le cheminement d\u2019un enfant malade et celui, plus \u00ab secret \u00bb et int\u00e9rieur, de sa m\u00e8re. Le quotidien de toute la famille \u2014 p\u00e8re, m\u00e8re, fr\u00e8re et s\u0153ur \u2014, entre la maison et l\u2019h\u00f4pital, \u00e9voque avec franchise tous les impacts physiques et psychologiques de la maladie chez l\u2019enfant. Il montre aussi combien la vie doit continuer, toujours.<\/p>\n<p>\u00a0<\/p>\n<p>Ce t\u00e9moignage est appuy\u00e9 par les textes de deux m\u00e9decins, deux textes porteurs d\u2019observations concr\u00e8tes et de r\u00e9flexions concernant l\u2019hospitalisation de l\u2019enfant aux besoins particuliers et l\u2019humanisation des soins dans notre syst\u00e8me de sant\u00e9. (Pr\u00e9sentation de l&rsquo;\u00e9diteur)<\/p>\n<p>\u00a0<\/p>\n<p>KOZMINSKI C.<\/p>\n<p>CHU Sainte-Justine<\/p>\n<p>2015-107p-11\u20ac<\/p>\n<p>140gr<\/p>\n<p>ISBN\u00a0: 978-2-89619-719-4<\/p>\n<p>Cote doc\u00a0: 5-20-KOZ-S<\/p>\n<span class=\"et_bloom_bottom_trigger\"><\/span>","protected":false},"excerpt":{"rendered":"<p>Montr\u00e9al, le 18 mars 2015. Le soleil a continu\u00e9 de se lever chaque jour depuis cinq ans et la nuit a toujours fait place \u00e0 la lumi\u00e8re, malgr\u00e9 la peur, la douleur, l\u2019incompr\u00e9hension et le non-sens.<\/p>\n","protected":false},"featured_media":829,"comment_status":"open","ping_status":"closed","template":"","meta":{"_et_pb_use_builder":"","_et_pb_old_content":"","_et_gb_content_width":"","spay_email":""},"class_list":["post-830","product","type-product","status-publish","has-post-thumbnail","hentry","product_cat-livres","product_tag-autisme","product_tag-developpement-de-lenfant","product_tag-enfant","product_tag-famille","product_tag-fratrie","product_tag-maladie","product_tag-maladie-chronique","product_tag-maladie-neuro-musculaire","product_tag-temoignage"],"jetpack_sharing_enabled":true,"jetpack_likes_enabled":true,"_links":{"self":[{"href":"https:\/\/www.parthages.be\/eboutique\/wp-json\/wp\/v2\/product\/830","targetHints":{"allow":["GET"]}}],"collection":[{"href":"https:\/\/www.parthages.be\/eboutique\/wp-json\/wp\/v2\/product"}],"about":[{"href":"https:\/\/www.parthages.be\/eboutique\/wp-json\/wp\/v2\/types\/product"}],"replies":[{"embeddable":true,"href":"https:\/\/www.parthages.be\/eboutique\/wp-json\/wp\/v2\/comments?post=830"}],"wp:featuredmedia":[{"embeddable":true,"href":"https:\/\/www.parthages.be\/eboutique\/wp-json\/wp\/v2\/media\/829"}],"wp:attachment":[{"href":"https:\/\/www.parthages.be\/eboutique\/wp-json\/wp\/v2\/media?parent=830"}],"curies":[{"name":"wp","href":"https:\/\/api.w.org\/{rel}","templated":true}]}}