{"id":832,"date":"2018-09-13T13:16:58","date_gmt":"2018-09-13T11:16:58","guid":{"rendered":"https:\/\/www.parthages.be\/wordpress\/produit\/aider-son-enfant-autiste\/"},"modified":"2022-03-23T17:08:36","modified_gmt":"2022-03-23T16:08:36","slug":"aider-son-enfant-autiste","status":"publish","type":"product","link":"https:\/\/www.parthages.be\/eboutique\/produit\/aider-son-enfant-autiste\/","title":{"rendered":"Aider son enfant autiste"},"content":{"rendered":"<p>Aujourd&rsquo;hui, 8 000 enfants naissent chaque ann\u00e9e en France avec un trouble du spectre autistique (TSA).<\/p>\n<p>Ne baissez pas les bras face au TSA de votre enfant, apprenez \u00e0 l&rsquo;aider !<\/p>\n<p>Bien comprendre le trouble de votre enfant, c&rsquo;est vous donner les moyens de l&rsquo;encadrer de mani\u00e8re plus efficace.<\/p>\n<p>Cet ouvrage n&rsquo;est pas un ensemble de recettes magiques, mais il vous donnera les cl\u00e9s pour mieux comprendre votre enfant. Simples et concises, ces 50 fiches vous donneront aussi un ensemble de conseils pratiques et d&rsquo;activit\u00e9s \u00e0 mettre en place avec votre enfant pour l&rsquo;aider \u00e0 progresser quotidiennement.<\/p>\n<p>Ce livre a \u00e9t\u00e9 r\u00e9dig\u00e9 par une psychologue, une orthophoniste et un psychomotricien sp\u00e9cialis\u00e9s dans les troubles du neurod\u00e9veloppement.<\/p>\n<p>. (Pr\u00e9sentation de l\u2019\u00e9diteur)<\/p>\n<p>DE HEMPTINNE D.- FALLOURD N.- MADIEU E.<\/p>\n<p>De Boeck sup\u00e9rieur<\/p>\n<p>2017-192p.-12,90\u20ac<\/p>\n<p>254gr<\/p>\n<p>ISBN\u00a0: 978-2-35327-424-6<\/p>\n<p>Cote doc\u00a0: 1-70-HEM-A<\/p>\n<span class=\"et_bloom_bottom_trigger\"><\/span>","protected":false},"excerpt":{"rendered":"<p>Aujourd&rsquo;hui, 8 000 enfants naissent chaque ann\u00e9e en France avec un trouble du spectre autistique (TSA).<\/p>\n","protected":false},"featured_media":831,"comment_status":"open","ping_status":"closed","template":"","meta":{"_et_pb_use_builder":"","_et_pb_old_content":"","_et_gb_content_width":"","spay_email":""},"class_list":["post-832","product","type-product","status-publish","has-post-thumbnail","hentry","product_cat-livres","product_tag-autisme","product_tag-deficience-intellectuelle","product_tag-etiologie","product_tag-maladie-infectieuse","product_tag-neuropsychologie","product_tag-strategie","product_tag-trouble-du-comportement"],"jetpack_sharing_enabled":true,"jetpack_likes_enabled":true,"_links":{"self":[{"href":"https:\/\/www.parthages.be\/eboutique\/wp-json\/wp\/v2\/product\/832","targetHints":{"allow":["GET"]}}],"collection":[{"href":"https:\/\/www.parthages.be\/eboutique\/wp-json\/wp\/v2\/product"}],"about":[{"href":"https:\/\/www.parthages.be\/eboutique\/wp-json\/wp\/v2\/types\/product"}],"replies":[{"embeddable":true,"href":"https:\/\/www.parthages.be\/eboutique\/wp-json\/wp\/v2\/comments?post=832"}],"wp:featuredmedia":[{"embeddable":true,"href":"https:\/\/www.parthages.be\/eboutique\/wp-json\/wp\/v2\/media\/831"}],"wp:attachment":[{"href":"https:\/\/www.parthages.be\/eboutique\/wp-json\/wp\/v2\/media?parent=832"}],"curies":[{"name":"wp","href":"https:\/\/api.w.org\/{rel}","templated":true}]}}