{"id":834,"date":"2018-09-13T13:19:53","date_gmt":"2018-09-13T11:19:53","guid":{"rendered":"https:\/\/www.parthages.be\/wordpress\/produit\/enseignants-et-educateurs-face-au-handicap\/"},"modified":"2022-03-23T17:18:14","modified_gmt":"2022-03-23T16:18:14","slug":"enseignants-et-educateurs-face-au-handicap","status":"publish","type":"product","link":"https:\/\/www.parthages.be\/eboutique\/produit\/enseignants-et-educateurs-face-au-handicap\/","title":{"rendered":"Enseignants et \u00e9ducateurs face au handicap"},"content":{"rendered":"<p>L\u2019\u00c9cole ne peut plus \u00eatre pens\u00e9e comme un territoire qui s\u2019arr\u00eaterait l\u00e0 o\u00f9 commence celui de la fili\u00e8re sp\u00e9cialis\u00e9e, repr\u00e9sent\u00e9e en France par le secteur m\u00e9dico-social. D\u00e9sormais, les acteurs \u00e9ducatifs doivent s\u2019engager dans une logique d\u2019actions o\u00f9 pr\u00e9vaut le projet de l\u2019enfant, un projet sur lequel les capacit\u00e9s d\u2019expertise des uns et des autres se combinent pour travailler dans la continuit\u00e9.<\/p>\n<p>Derri\u00e8re cette volont\u00e9, l\u2019enjeu significatif est celui d\u2019un rapprochement entre deux cultures, celle des professeurs des \u00e9coles d\u2019une part, celle des \u00e9ducateurs sp\u00e9cialis\u00e9s d\u2019autre part.<\/p>\n<p>Ces acteurs \u00e9tant amen\u00e9s \u00e0 coop\u00e9rer pour r\u00e9pondre au droit \u00e0 la scolarisation, cet ouvrage met en lumi\u00e8re une nouvelle forme de dialogue entre eux. C\u2019est \u00e0 cela que s\u2019emploient les auteurs en \u00e9cho tant \u00e0 leurs recherches qu\u2019\u00e0 leurs actions sur le terrain. Leur r\u00e9flexion ouvre des pistes de compr\u00e9hension et d\u2019action visant l\u2019emprunt d\u2019une nouvelle voie, celle qui m\u00e8ne \u00e0 une culture en commun. (Pr\u00e9sentation de l\u2019\u00e9diteur)<\/p>\n<p>AMARE S.- MARTIN-MOUREUX P.<\/p>\n<p>Editions Eres<\/p>\n<p>2017-288p.-23\u20ac<\/p>\n<p>355gr<\/p>\n<p>ISBN\u00a0: 978-2-7492-5465-4<\/p>\n<p>Cote doc\u00a0: 5-20-AMA-E<\/p>\n<span class=\"et_bloom_bottom_trigger\"><\/span>","protected":false},"excerpt":{"rendered":"<p>L\u2019\u00c9cole ne peut plus \u00eatre pens\u00e9e comme un territoire qui s\u2019arr\u00eaterait l\u00e0 o\u00f9 commence celui de la fili\u00e8re sp\u00e9cialis\u00e9e, repr\u00e9sent\u00e9e en France par le secteur m\u00e9dico-social.<\/p>\n","protected":false},"featured_media":833,"comment_status":"open","ping_status":"closed","template":"","meta":{"_et_pb_use_builder":"","_et_pb_old_content":"","_et_gb_content_width":"","spay_email":""},"class_list":["post-834","product","type-product","status-publish","has-post-thumbnail","hentry","product_cat-livres","product_tag-accompagnement","product_tag-cooperation","product_tag-culture","product_tag-ecole","product_tag-educateur","product_tag-education-specialisee","product_tag-enfant-handicape","product_tag-enseignant","product_tag-scola-rite"],"jetpack_sharing_enabled":true,"jetpack_likes_enabled":true,"_links":{"self":[{"href":"https:\/\/www.parthages.be\/eboutique\/wp-json\/wp\/v2\/product\/834","targetHints":{"allow":["GET"]}}],"collection":[{"href":"https:\/\/www.parthages.be\/eboutique\/wp-json\/wp\/v2\/product"}],"about":[{"href":"https:\/\/www.parthages.be\/eboutique\/wp-json\/wp\/v2\/types\/product"}],"replies":[{"embeddable":true,"href":"https:\/\/www.parthages.be\/eboutique\/wp-json\/wp\/v2\/comments?post=834"}],"wp:featuredmedia":[{"embeddable":true,"href":"https:\/\/www.parthages.be\/eboutique\/wp-json\/wp\/v2\/media\/833"}],"wp:attachment":[{"href":"https:\/\/www.parthages.be\/eboutique\/wp-json\/wp\/v2\/media?parent=834"}],"curies":[{"name":"wp","href":"https:\/\/api.w.org\/{rel}","templated":true}]}}