{"id":838,"date":"2018-10-23T10:40:04","date_gmt":"2018-10-23T08:40:04","guid":{"rendered":"https:\/\/www.parthages.be\/wordpress\/produit\/tempete-au-haras\/"},"modified":"2025-04-29T13:34:24","modified_gmt":"2025-04-29T11:34:24","slug":"tempete-au-haras","status":"publish","type":"product","link":"https:\/\/www.parthages.be\/eboutique\/produit\/tempete-au-haras\/","title":{"rendered":"Temp\u00eate au Haras"},"content":{"rendered":"<p>Jean-Philippe n&rsquo;a qu&rsquo;un r\u00eave: devenir jockey. N\u00e9 dans le haras tenu par ses parents, le m\u00eame soir que Belle-Intrigante, il a grandi \u00e0 ses c\u00f4t\u00e9s, et n&rsquo;est jamais aussi heureux qu&rsquo;\u00e0 cheval. Lorsqu&rsquo;elle met au monde une pouliche, Temp\u00eate, il en est certain : elle deviendra un crack! Le crack qu&rsquo;attendent ses parents depuis des ann\u00e9es et qu&rsquo;il montera. Mais un soir d&rsquo;orage vient briser ses espoirs. Temp\u00eate, affol\u00e9e, pi\u00e9tine le dos de Jean-Philippe, qui ne marchera plus. Il devra alors faire de l&rsquo;impossible une r\u00e9alit\u00e9, pour renouer avec son r\u00eave. Emouvant, sensible ce livre s\u2019adresse aux enfants de 8-10 ans<\/p>\n<p>DONNER C. \u2013 MOREAU J.<\/p>\n<p>EDITIONS RUE DE SEVRES<\/p>\n<p>2015 &#8211; 72 p.- 14 \u20ac<\/p>\n<p>418 gr<\/p>\n<p>ISBN\u00a0: 978-2-211-22961-6<\/p>\n<p>Cote doc\u00a0: 11-DON-T<\/p>\n<span class=\"et_bloom_bottom_trigger\"><\/span>","protected":false},"excerpt":{"rendered":"<p>Jean-Philippe n&rsquo;a qu&rsquo;un r\u00eave: devenir jockey. N\u00e9 dans le haras tenu par ses parents, le m\u00eame soir que Belle-Intrigante, il a grandi \u00e0 ses c\u00f4t\u00e9s, et n&rsquo;est jamais aussi heureux qu&rsquo;\u00e0 cheval.<\/p>\n","protected":false},"featured_media":837,"comment_status":"open","ping_status":"closed","template":"","meta":{"_et_pb_use_builder":"","_et_pb_old_content":"","_et_gb_content_width":"","spay_email":""},"class_list":["post-838","product","type-product","status-publish","has-post-thumbnail","hentry","product_cat-livres","product_cat-livres-jeunesse","product_tag-accident-de-sport","product_tag-difference","product_tag-enfant-handicape","product_tag-rela-tion-homme-animal","product_tag-tetraplegie"],"jetpack_sharing_enabled":true,"jetpack_likes_enabled":true,"_links":{"self":[{"href":"https:\/\/www.parthages.be\/eboutique\/wp-json\/wp\/v2\/product\/838","targetHints":{"allow":["GET"]}}],"collection":[{"href":"https:\/\/www.parthages.be\/eboutique\/wp-json\/wp\/v2\/product"}],"about":[{"href":"https:\/\/www.parthages.be\/eboutique\/wp-json\/wp\/v2\/types\/product"}],"replies":[{"embeddable":true,"href":"https:\/\/www.parthages.be\/eboutique\/wp-json\/wp\/v2\/comments?post=838"}],"wp:featuredmedia":[{"embeddable":true,"href":"https:\/\/www.parthages.be\/eboutique\/wp-json\/wp\/v2\/media\/837"}],"wp:attachment":[{"href":"https:\/\/www.parthages.be\/eboutique\/wp-json\/wp\/v2\/media?parent=838"}],"curies":[{"name":"wp","href":"https:\/\/api.w.org\/{rel}","templated":true}]}}