{"id":84,"date":"2012-09-24T11:37:53","date_gmt":"2012-09-24T09:37:53","guid":{"rendered":"https:\/\/www.parthages.be\/wordpress\/produit\/petit-cahier-d-exercices-pour-cultiver-sa-joie-de-vivre\/"},"modified":"2021-08-18T09:40:25","modified_gmt":"2021-08-18T07:40:25","slug":"petit-cahier-d-exercices-pour-cultiver-sa-joie-de-vivre","status":"publish","type":"product","link":"https:\/\/www.parthages.be\/eboutique\/produit\/petit-cahier-d-exercices-pour-cultiver-sa-joie-de-vivre\/","title":{"rendered":"Petit cahier d\u2019exercices pour cultiver sa joie de vivre au quotidien"},"content":{"rendered":"<p>Dans un monde de plus en plus stressant, complexe, incertain, mena\u00e7ant, est-il possible de cultiver sa joie de vivre au quotidien ? Cela a-t-il du sens ? Comment rayonner d&rsquo;enthousiasme alors que tout grisaille sous notre ciel trop souvent plomb\u00e9 par les mauvaises nouvelles des m\u00e9dias ? Peut-on encore \u00eatre porteur d&rsquo;un dynamisme f\u00e9cond tout en \u00e9tant pleinement conscient des r\u00e9alit\u00e9s qui nous entourent ? OUI, et ce petit cahier vous invite \u00e0 l&rsquo;exp\u00e9rimenter. Pour cela, lancez-vous dans la culture de votre jardin int\u00e9rieur ! Vous verrez alors petit \u00e0 petit grandir en vous une vraie joie, celle qui satisfait pleinement l&rsquo;\u00eatre parce qu&rsquo;elle jaillit de l&rsquo;int\u00e9rieur sans d\u00e9pendre des conditions ext\u00e9rieures.<\/p>\n<p>Dans cette \u00e9poque o\u00f9 la consommation vise \u00e0 la consolation sans y parvenir, D\u2019\u0153uvrer \u00e0 sa joie de vivre devient un r\u00e9el enjeu soci\u00e9tal et c&rsquo;est avant tout en soi-m\u00eame que chacun peut cultiver les graines de son propre \u00e9panouissement. Cultiver sa joie de vivre est un art et un travail. Il s&rsquo;agit de labourer ses propres terres, afin de jubiler gr\u00e2ce \u00e0 ce que l&rsquo;on est au lieu d&rsquo;attendre que notre joie \u00e9merge de ce que l&rsquo;on a.<\/p>\n<p>Cultiver notre joie nous permet de devenir ivres sans boire \u00e0 une autre source que la n\u00f4tre, \u00e9veill\u00e9 sans exp\u00e9dient, serein sans calmants, satisfait sans possessions, rayonnant sans drogues. Les exercices propos\u00e9s au fil des pages offrent de belles r\u00e9coltes \u00e0 partir des graines de joie sem\u00e9es chaque jour dans le jardin de notre vie !<\/p>\n<p>VAN STAPPEN A.<\/p>\n<p>Editions JOUVENCE<\/p>\n<p>2010 -64p. 125g -6,90\u20ac<\/p>\n<p>ISBN: 978-2-88911-697-3<\/p>\n<p>Cote doc: 3-10-VAN-P3<\/p>\n<span class=\"et_bloom_bottom_trigger\"><\/span>","protected":false},"excerpt":{"rendered":"<p>Dans un monde de plus en plus stressant, complexe, incertain, mena\u00e7ant, est-il possible de cultiver sa joie de vivre au quotidien ? Cela a-t-il du sens ? Comment rayonner d&rsquo;enthousiasme alors que tout grisaille sous notre ciel trop souvent plomb\u00e9 par les mauvaises nouvelles des m\u00e9dias ?<\/p>\n","protected":false},"featured_media":1581,"comment_status":"open","ping_status":"closed","template":"","meta":{"_et_pb_use_builder":"","_et_pb_old_content":"","_et_gb_content_width":"","spay_email":""},"class_list":["post-84","product","type-product","status-publish","has-post-thumbnail","hentry","product_cat-livres","product_tag-bien-etre","product_tag-epanouissement-personnel","product_tag-outil","product_tag-technique-de-developpement-personnel"],"jetpack_sharing_enabled":true,"jetpack_likes_enabled":true,"_links":{"self":[{"href":"https:\/\/www.parthages.be\/eboutique\/wp-json\/wp\/v2\/product\/84","targetHints":{"allow":["GET"]}}],"collection":[{"href":"https:\/\/www.parthages.be\/eboutique\/wp-json\/wp\/v2\/product"}],"about":[{"href":"https:\/\/www.parthages.be\/eboutique\/wp-json\/wp\/v2\/types\/product"}],"replies":[{"embeddable":true,"href":"https:\/\/www.parthages.be\/eboutique\/wp-json\/wp\/v2\/comments?post=84"}],"wp:featuredmedia":[{"embeddable":true,"href":"https:\/\/www.parthages.be\/eboutique\/wp-json\/wp\/v2\/media\/1581"}],"wp:attachment":[{"href":"https:\/\/www.parthages.be\/eboutique\/wp-json\/wp\/v2\/media?parent=84"}],"curies":[{"name":"wp","href":"https:\/\/api.w.org\/{rel}","templated":true}]}}