{"id":840,"date":"2018-10-23T10:42:31","date_gmt":"2018-10-23T08:42:31","guid":{"rendered":"https:\/\/www.parthages.be\/wordpress\/produit\/le-crocodile-de-ecole\/"},"modified":"2022-03-23T17:53:04","modified_gmt":"2022-03-23T16:53:04","slug":"le-crocodile-de-ecole","status":"publish","type":"product","link":"https:\/\/www.parthages.be\/eboutique\/produit\/le-crocodile-de-ecole\/","title":{"rendered":"Le crocodile de l\u2019\u00e9cole"},"content":{"rendered":"<p>Un album ax\u00e9\u00a0 sur la diff\u00e9rence et l&rsquo;entraide. L&rsquo;arriv\u00e9e d&rsquo;un nouvel \u00e9l\u00e8ve un peu sp\u00e9cial dans une \u00e9cole \u00ab\u00a0normale\u00a0\u00bb. Sur fond d\u2019une trame simple, le livre aborde avec humour la question du vivre ensemble de l\u2019entraide \u00e0 l\u2019\u00e9cole. Les illustrations sont craquantes et emplies de tendresse.<\/p>\n<p>CHRISTINE NAUMANN \u2013VILLEMIN \u2013 MARIANNE BARCILON<\/p>\n<p>EDITIONS KALEIDOSCOPE<\/p>\n<p>2016 &#8211; 40p \u201313\u20ac<\/p>\n<p>378 gr<\/p>\n<p>ISBN: 978-2877-67895-7<\/p>\n<p>Cote doc: 11-NAU-C<\/p>\n<span class=\"et_bloom_bottom_trigger\"><\/span>","protected":false},"excerpt":{"rendered":"<p>Un album ax\u00e9\u00a0 sur la diff\u00e9rence et l&rsquo;entraide.<\/p>\n","protected":false},"featured_media":839,"comment_status":"open","ping_status":"closed","template":"","meta":{"_et_pb_use_builder":"","_et_pb_old_content":"","_et_gb_content_width":"","spay_email":""},"class_list":["post-840","product","type-product","status-publish","has-post-thumbnail","hentry","product_cat-livres","product_cat-livres-jeunesse","product_tag-difference","product_tag-enfant-handicape","product_tag-humour","product_tag-insertion","product_tag-outil-pedagogique","product_tag-scolarisation"],"jetpack_sharing_enabled":true,"jetpack_likes_enabled":true,"_links":{"self":[{"href":"https:\/\/www.parthages.be\/eboutique\/wp-json\/wp\/v2\/product\/840","targetHints":{"allow":["GET"]}}],"collection":[{"href":"https:\/\/www.parthages.be\/eboutique\/wp-json\/wp\/v2\/product"}],"about":[{"href":"https:\/\/www.parthages.be\/eboutique\/wp-json\/wp\/v2\/types\/product"}],"replies":[{"embeddable":true,"href":"https:\/\/www.parthages.be\/eboutique\/wp-json\/wp\/v2\/comments?post=840"}],"wp:featuredmedia":[{"embeddable":true,"href":"https:\/\/www.parthages.be\/eboutique\/wp-json\/wp\/v2\/media\/839"}],"wp:attachment":[{"href":"https:\/\/www.parthages.be\/eboutique\/wp-json\/wp\/v2\/media?parent=840"}],"curies":[{"name":"wp","href":"https:\/\/api.w.org\/{rel}","templated":true}]}}