{"id":842,"date":"2018-10-23T10:44:04","date_gmt":"2018-10-23T08:44:04","guid":{"rendered":"https:\/\/www.parthages.be\/wordpress\/produit\/florette-rentre-ecole\/"},"modified":"2023-01-10T21:04:15","modified_gmt":"2023-01-10T20:04:15","slug":"florette-rentre-ecole","status":"publish","type":"product","link":"https:\/\/www.parthages.be\/eboutique\/produit\/florette-rentre-ecole\/","title":{"rendered":"Florette rentre \u00e0 l\u2019\u00e9cole !"},"content":{"rendered":"<p>Adapt\u00e9 aux petits \u00e9coliers porteurs de trisomie 21 avec en fin d\u2019ouvrage des conseils tr\u00e8s pertinents destin\u00e9s aux parents. \u00a0Album tr\u00e8s tonique et super positif est aussi destin\u00e9 aux enfants de 4 \u00e0 7 ans qui verront ensuite un enfant porteur d\u2019un handicap d\u2019une mani\u00e8re totalement diff\u00e9rente et s\u2019ouvriront \u00e0 l\u2019empathie et \u00e0 la tol\u00e9rance.<\/p>\n<p>QUERCY ALEXIA \u2013 SOLENNE ET THOMAS<\/p>\n<p>EDITIONS PUBLISHROOM<\/p>\n<p>2018 \u2013 45p \u2013 10, 50\u20ac<\/p>\n<p>303gr<\/p>\n<p>ISBN\u00a0: 979-10236-0798-7<\/p>\n<p>Cote doc\u00a0: 11-QUE-F<\/p>\n<span class=\"et_bloom_bottom_trigger\"><\/span>","protected":false},"excerpt":{"rendered":"<p>Adapt\u00e9 aux petits \u00e9coliers porteurs de trisomie 21 avec en fin d\u2019ouvrage des conseils tr\u00e8s pertinents destin\u00e9s aux parents.<\/p>\n","protected":false},"featured_media":841,"comment_status":"open","ping_status":"closed","template":"","meta":{"_et_pb_use_builder":"","_et_pb_old_content":"","_et_gb_content_width":"","spay_email":""},"class_list":["post-842","product","type-product","status-publish","has-post-thumbnail","hentry","product_cat-livres","product_cat-livres-jeunesse","product_tag-en-seignement-ordinaire","product_tag-enfant","product_tag-outil","product_tag-scolarite","product_tag-sensibilisation","product_tag-trisomie-21"],"jetpack_sharing_enabled":true,"jetpack_likes_enabled":true,"_links":{"self":[{"href":"https:\/\/www.parthages.be\/eboutique\/wp-json\/wp\/v2\/product\/842","targetHints":{"allow":["GET"]}}],"collection":[{"href":"https:\/\/www.parthages.be\/eboutique\/wp-json\/wp\/v2\/product"}],"about":[{"href":"https:\/\/www.parthages.be\/eboutique\/wp-json\/wp\/v2\/types\/product"}],"replies":[{"embeddable":true,"href":"https:\/\/www.parthages.be\/eboutique\/wp-json\/wp\/v2\/comments?post=842"}],"wp:featuredmedia":[{"embeddable":true,"href":"https:\/\/www.parthages.be\/eboutique\/wp-json\/wp\/v2\/media\/841"}],"wp:attachment":[{"href":"https:\/\/www.parthages.be\/eboutique\/wp-json\/wp\/v2\/media?parent=842"}],"curies":[{"name":"wp","href":"https:\/\/api.w.org\/{rel}","templated":true}]}}