{"id":844,"date":"2018-10-23T10:47:00","date_gmt":"2018-10-23T08:47:00","guid":{"rendered":"https:\/\/www.parthages.be\/wordpress\/produit\/dans-les-yeux-emma-et-teddy-aborder-autisme-de-facon-ludique-et-pedagogique\/"},"modified":"2022-03-23T17:24:30","modified_gmt":"2022-03-23T16:24:30","slug":"dans-les-yeux-emma-et-teddy-aborder-autisme-de-facon-ludique-et-pedagogique","status":"publish","type":"product","link":"https:\/\/www.parthages.be\/eboutique\/produit\/dans-les-yeux-emma-et-teddy-aborder-autisme-de-facon-ludique-et-pedagogique\/","title":{"rendered":"Dans les yeux d\u2019Emma et Teddy. &#8211; Aborder l\u2019autisme de fa\u00e7on ludique et p\u00e9dagogique"},"content":{"rendered":"<p>Dans les yeux d&rsquo;Emma et Teddy \u00a0\u00bb bande dessin\u00e9e pr\u00e9sente les diff\u00e9rentes facettes de l\u2019autisme. S\u2019adresse aux enfants, parents, \u00e0 la fratrie,\u00a0 elle permet d\u2019expliquer simplement des situations sensibles. Chaque planche correspond \u00e0 une th\u00e9matique (scolarisation, autonomie, socialisation, moyens transport) et v\u00e9hicule un message. Ce livre est divis\u00e9 en deux : une page BD qui raconte une histoire et sa page p\u00e9dagogique qui explique.<\/p>\n<p>MEGHRAOUI Z. LA GRANDE ALICE (ILLUSTRATRICE)<\/p>\n<p>EDITIONS TOM POUSSE<\/p>\n<p>2018-80p-19\u20ac<\/p>\n<p>329gr<\/p>\n<p>ISBN\u00a0: 978-2-35345-187-6<\/p>\n<span class=\"et_bloom_bottom_trigger\"><\/span>","protected":false},"excerpt":{"rendered":"<p>Dans les yeux d&rsquo;Emma et Teddy \u00a0\u00bb bande dessin\u00e9e pr\u00e9sente les diff\u00e9rentes facettes de l\u2019autisme. S\u2019adresse aux enfants, parents, \u00e0 la fratrie,\u00a0 elle permet d\u2019expliquer simplement des situations sensibles.<\/p>\n","protected":false},"featured_media":843,"comment_status":"open","ping_status":"closed","template":"","meta":{"_et_pb_use_builder":"","_et_pb_old_content":"","_et_gb_content_width":"","spay_email":""},"class_list":["post-844","product","type-product","status-publish","has-post-thumbnail","hentry","product_cat-livres","product_tag-autisme","product_tag-comportement","product_tag-difficulte-scolaire","product_tag-enfant-handicape","product_tag-in-sertion","product_tag-outil-pedagogique","product_tag-scolarisation","product_tag-societe"],"jetpack_sharing_enabled":true,"jetpack_likes_enabled":true,"_links":{"self":[{"href":"https:\/\/www.parthages.be\/eboutique\/wp-json\/wp\/v2\/product\/844","targetHints":{"allow":["GET"]}}],"collection":[{"href":"https:\/\/www.parthages.be\/eboutique\/wp-json\/wp\/v2\/product"}],"about":[{"href":"https:\/\/www.parthages.be\/eboutique\/wp-json\/wp\/v2\/types\/product"}],"replies":[{"embeddable":true,"href":"https:\/\/www.parthages.be\/eboutique\/wp-json\/wp\/v2\/comments?post=844"}],"wp:featuredmedia":[{"embeddable":true,"href":"https:\/\/www.parthages.be\/eboutique\/wp-json\/wp\/v2\/media\/843"}],"wp:attachment":[{"href":"https:\/\/www.parthages.be\/eboutique\/wp-json\/wp\/v2\/media?parent=844"}],"curies":[{"name":"wp","href":"https:\/\/api.w.org\/{rel}","templated":true}]}}