{"id":856,"date":"2019-01-28T09:57:04","date_gmt":"2019-01-28T08:57:04","guid":{"rendered":"https:\/\/www.parthages.be\/wordpress\/produit\/parle-avec-les-mains-les-premiers-mots-de-bebe-en-langue-des-signes\/"},"modified":"2022-02-18T10:36:21","modified_gmt":"2022-02-18T09:36:21","slug":"parle-avec-les-mains-les-premiers-mots-de-bebe-en-langue-des-signes","status":"publish","type":"product","link":"https:\/\/www.parthages.be\/eboutique\/produit\/parle-avec-les-mains-les-premiers-mots-de-bebe-en-langue-des-signes\/","title":{"rendered":"Parle avec les mains les premiers mots de b\u00e9b\u00e9 en langue des signes"},"content":{"rendered":"<p>Le premier ouvrage de P\u00e9n\u00e9lope Des mains pour dire je t&rsquo;aime fut une belle surprise et traduit d&rsquo;une mani\u00e8re singuli\u00e8re la po\u00e9sie de la langue des signes. L&rsquo;aventure continue autour d&rsquo;un petit gar\u00e7on et sa maman sourde, autour de la tendresse des premiers \u00e9changes. L&rsquo;enfant reprend \u00e0 son compte les pr\u00e9mices de la langue dans une interlocution avec elle. L&rsquo;objectif et l&rsquo;int\u00e9r\u00eat du livre est de montrer, \u00e0 travers l&rsquo;interaction parent-enfant, l&rsquo;acquisition par ce dernier de la langue des signes sous la forme d&rsquo;un \u00ab\u00a0babil\u00a0\u00bb \u00e0 l&rsquo;image de toute autre langue. C&rsquo;est aussi l&rsquo;histoire d&rsquo;une amiti\u00e9 tiss\u00e9e au fil du temps, l&rsquo;envie de communiquer et de se comprendre entre personnes sourdes et entendantes. Ce bel ouvrage s&rsquo;inscrit donc dans la continuit\u00e9 du partenariat entre P\u00e9n\u00e9lope et l&rsquo;institut national de jeunes sourds, avec des professionnels remarquables qui ont permis au talent et \u00e0 la cr\u00e9ativit\u00e9 de l&rsquo;auteure illustratrice de s&rsquo;exprimer. Elodie Hemery, Directrice de l&rsquo;institut national des jeunes sourds de Paris. (Pr\u00e9sentation de l&rsquo;\u00e9diteur)<\/p>\n<p>\u00a0<\/p>\n<p>PENELOPE<\/p>\n<p>Editions Les grandes Personnes<\/p>\n<p>2018-42p-13.50\u20ac<\/p>\n<p>233gr<\/p>\n<p>ISBN\u00a0: 978-2-236193-514-6<\/p>\n<p>Cote doc\u00a0: 11-PEN-P<\/p>\n<span class=\"et_bloom_bottom_trigger\"><\/span>","protected":false},"excerpt":{"rendered":"<p>Le premier ouvrage de P\u00e9n\u00e9lope Des mains pour dire je t&rsquo;aime fut une belle surprise et traduit d&rsquo;une mani\u00e8re singuli\u00e8re la po\u00e9sie de la langue des signes.<\/p>\n","protected":false},"featured_media":855,"comment_status":"open","ping_status":"closed","template":"","meta":{"_et_pb_use_builder":"","_et_pb_old_content":"","_et_gb_content_width":"","spay_email":""},"class_list":["post-856","product","type-product","status-publish","has-post-thumbnail","hentry","product_cat-livres","product_cat-livres-jeunesse","product_tag-apprentissage","product_tag-enfant","product_tag-interaction","product_tag-langue-des-signes","product_tag-parent","product_tag-relation-parent-enfant","product_tag-sensibilisation","product_tag-surdite"],"jetpack_sharing_enabled":true,"jetpack_likes_enabled":true,"_links":{"self":[{"href":"https:\/\/www.parthages.be\/eboutique\/wp-json\/wp\/v2\/product\/856","targetHints":{"allow":["GET"]}}],"collection":[{"href":"https:\/\/www.parthages.be\/eboutique\/wp-json\/wp\/v2\/product"}],"about":[{"href":"https:\/\/www.parthages.be\/eboutique\/wp-json\/wp\/v2\/types\/product"}],"replies":[{"embeddable":true,"href":"https:\/\/www.parthages.be\/eboutique\/wp-json\/wp\/v2\/comments?post=856"}],"wp:featuredmedia":[{"embeddable":true,"href":"https:\/\/www.parthages.be\/eboutique\/wp-json\/wp\/v2\/media\/855"}],"wp:attachment":[{"href":"https:\/\/www.parthages.be\/eboutique\/wp-json\/wp\/v2\/media?parent=856"}],"curies":[{"name":"wp","href":"https:\/\/api.w.org\/{rel}","templated":true}]}}