{"id":86,"date":"2012-09-24T11:37:53","date_gmt":"2012-09-24T09:37:53","guid":{"rendered":"https:\/\/www.parthages.be\/wordpress\/produit\/traiter-le-parkinson\/"},"modified":"2022-06-07T08:30:18","modified_gmt":"2022-06-07T06:30:18","slug":"traiter-le-parkinson","status":"publish","type":"product","link":"https:\/\/www.parthages.be\/eboutique\/produit\/traiter-le-parkinson\/","title":{"rendered":"Traiter le Parkinson &#8211; Prise en charge globale et multidisciplinaire du patient parkinsonien"},"content":{"rendered":"<p>La prise en charge d&rsquo;un patient parkinsonien est individuelle et gagne \u00e0 \u00eatre globale et pluridisciplinaire car cette affection, qui ne limite plus la dur\u00e9e de vie du patient, a de multiples facettes !<\/p>\n<p>Bien connue pour ses aspects moteurs, la maladie de Parkinson ne poss\u00e8de \u00e0 ce jour aucun traitement curatif. Apr\u00e8s quelques ann\u00e9es, la maladie se complique par l&rsquo;apparition de sympt\u00f4mes non moteurs, de fluctuation de r\u00e9ponse et d&rsquo;une plus grande sensibilit\u00e9 aux effets secondaires des m\u00e9dications sp\u00e9cifiques. \u00c0 ce stade, peuvent \u00e9galement apparaitre des fluctuations de la mobilit\u00e9, des dyskin\u00e9sies (mouvements involontaires), des sympt\u00f4mes axiaux (dysarthrie, dysphagie, trouble de l&rsquo;\u00e9quilibre et\/ou sphinct\u00e9riens, etc.) ainsi que des complications des syst\u00e8mes digestif, urologique, rhumatologique, psychique, neurov\u00e9g\u00e9tatif, etc.<\/p>\n<p>Ces diverses complications engendrent un fardeau de plus en plus p\u00e9nible \u00e0 supporter pour le patient et ses proches. Une situation qui ne peut qu&rsquo;interpeller les soignants et expliquer ais\u00e9ment la n\u00e9cessit\u00e9 d&rsquo;une prise en charge individuelle, globale et multidisciplinaire. Sans oublier les aspects d&rsquo;\u00e9ducation th\u00e9rapeutique. Abordant de mani\u00e8re d\u00e9taill\u00e9e les diff\u00e9rents angles de la maladie de Parkinson et les affectations apparent\u00e9es, Traiter le Parkinson relate l&rsquo;exp\u00e9rience acquise par une structure sp\u00e9cialis\u00e9e aux plans m\u00e9dical et param\u00e9dical, sans oublier les aspects humains et de service. (Pr\u00e9sentation de l\u2019\u00e9diteur)<\/p>\n<p>VANDERHEYDEN J-E.- BOUILLIEZ D-J.<\/p>\n<p>Editions De Boeck Universit\u00e9<\/p>\n<p>2010-458p.<\/p>\n<p>732gr<\/p>\n<p>ISBN\u00a0: 978-2-8041-6259-7<\/p>\n<p>Cote doc: 1-70-VAN-T<\/p>\n<span class=\"et_bloom_bottom_trigger\"><\/span>","protected":false},"excerpt":{"rendered":"<p>La prise en charge d&rsquo;un patient parkinsonien est individuelle et gagne \u00e0 \u00eatre globale et pluridisciplinaire car cette affection, qui ne limite plus la dur\u00e9e de vie du patient, a de multiples facettes !<\/p>\n","protected":false},"featured_media":2726,"comment_status":"open","ping_status":"closed","template":"","meta":{"_et_pb_use_builder":"","_et_pb_old_content":"","_et_gb_content_width":"","spay_email":""},"class_list":["post-86","product","type-product","status-publish","has-post-thumbnail","hentry","product_cat-livres","product_tag-accompagnement-du-patient","product_tag-outil","product_tag-parkinson","product_tag-prise-en-charge","product_tag-relation-soignant-entourage","product_tag-soins"],"jetpack_sharing_enabled":true,"jetpack_likes_enabled":true,"_links":{"self":[{"href":"https:\/\/www.parthages.be\/eboutique\/wp-json\/wp\/v2\/product\/86","targetHints":{"allow":["GET"]}}],"collection":[{"href":"https:\/\/www.parthages.be\/eboutique\/wp-json\/wp\/v2\/product"}],"about":[{"href":"https:\/\/www.parthages.be\/eboutique\/wp-json\/wp\/v2\/types\/product"}],"replies":[{"embeddable":true,"href":"https:\/\/www.parthages.be\/eboutique\/wp-json\/wp\/v2\/comments?post=86"}],"wp:featuredmedia":[{"embeddable":true,"href":"https:\/\/www.parthages.be\/eboutique\/wp-json\/wp\/v2\/media\/2726"}],"wp:attachment":[{"href":"https:\/\/www.parthages.be\/eboutique\/wp-json\/wp\/v2\/media?parent=86"}],"curies":[{"name":"wp","href":"https:\/\/api.w.org\/{rel}","templated":true}]}}