{"id":860,"date":"2019-01-28T10:01:17","date_gmt":"2019-01-28T09:01:17","guid":{"rendered":"https:\/\/www.parthages.be\/wordpress\/produit\/la-parentalite-a-l-epreuve-de-la-maladie-ou-du-handicap-quel-impact-pour-les-enfants\/"},"modified":"2025-04-29T13:34:07","modified_gmt":"2025-04-29T11:34:07","slug":"la-parentalite-a-l-epreuve-de-la-maladie-ou-du-handicap-quel-impact-pour-les-enfants","status":"publish","type":"product","link":"https:\/\/www.parthages.be\/eboutique\/produit\/la-parentalite-a-l-epreuve-de-la-maladie-ou-du-handicap-quel-impact-pour-les-enfants\/","title":{"rendered":"La parentalit\u00e9 \u00e0 l&rsquo;\u00e9preuve de la maladie ou du handicap : quel impact pour les enfants ?"},"content":{"rendered":"<p>Cet ouvrage propose un \u00e9tat des lieux, in\u00e9dit en langue fran\u00e7aise, de la litt\u00e9rature scientifique abordant l&rsquo;impact des pathologies et handicaps parentaux sur le d\u00e9veloppement et le devenir de l&rsquo;enfant. De nombreux enfants grandissent avec un parent atteint d&rsquo;une maladie mentale ou somatique, ou porteur d&rsquo;un handicap. L&rsquo;ouvrage se compose de trois parties : la premi\u00e8re porte sur l&rsquo;impact des pathologies psychiques telles que les troubles psychotiques et bipolaires, la deuxi\u00e8me aborde les maladies somatiques comme le cancer, alors que la troisi\u00e8me explore l&rsquo;impact des handicaps moteurs et sensoriels et de la d\u00e9ficience mentale. L&rsquo;ouvrage formule \u00e9galement des recommandations sur des actions pr\u00e9ventives et de soutien destin\u00e9es aux parents confront\u00e9s \u00e0 une maladie ou handicap et \u00e0 leurs familles. (Pr\u00e9sentation de l&rsquo;\u00e9diteur)<\/p>\n<p>WENDLAND J.-BOUJUT\u00a0 E.- SA\u00cfAS T.<\/p>\n<p>Champ Social editions<\/p>\n<p>2017-190p.<\/p>\n<p>305gr<\/p>\n<p>ISBN: 979-10-346-0026-7<\/p>\n<p>Cote doc: 4-10-WEN-P<\/p>\n<p><strong><em>Uniquement \u00e0 la location<\/em><\/strong><\/p>\n<span class=\"et_bloom_bottom_trigger\"><\/span>","protected":false},"excerpt":{"rendered":"<p>Cet ouvrage propose un \u00e9tat des lieux, in\u00e9dit en langue fran\u00e7aise, de la litt\u00e9rature scientifique abordant l&rsquo;impact des pathologies et handicaps parentaux sur le d\u00e9veloppement et le devenir de l&rsquo;enfant.<\/p>\n","protected":false},"featured_media":2345,"comment_status":"open","ping_status":"closed","template":"","meta":{"_et_pb_use_builder":"","_et_pb_old_content":"","_et_gb_content_width":"","spay_email":""},"class_list":["post-860","product","type-product","status-publish","has-post-thumbnail","hentry","product_cat-livres","product_tag-deficience-motrice","product_tag-develop-pement-de-lenfant","product_tag-enfant","product_tag-handicap-mental","product_tag-maladie-mentale","product_tag-maladie-neurologique","product_tag-parent-handicape","product_tag-parentalite","product_tag-relation-parent-enfant"],"jetpack_sharing_enabled":true,"jetpack_likes_enabled":true,"_links":{"self":[{"href":"https:\/\/www.parthages.be\/eboutique\/wp-json\/wp\/v2\/product\/860","targetHints":{"allow":["GET"]}}],"collection":[{"href":"https:\/\/www.parthages.be\/eboutique\/wp-json\/wp\/v2\/product"}],"about":[{"href":"https:\/\/www.parthages.be\/eboutique\/wp-json\/wp\/v2\/types\/product"}],"replies":[{"embeddable":true,"href":"https:\/\/www.parthages.be\/eboutique\/wp-json\/wp\/v2\/comments?post=860"}],"wp:featuredmedia":[{"embeddable":true,"href":"https:\/\/www.parthages.be\/eboutique\/wp-json\/wp\/v2\/media\/2345"}],"wp:attachment":[{"href":"https:\/\/www.parthages.be\/eboutique\/wp-json\/wp\/v2\/media?parent=860"}],"curies":[{"name":"wp","href":"https:\/\/api.w.org\/{rel}","templated":true}]}}