{"id":862,"date":"2019-01-28T10:04:46","date_gmt":"2019-01-28T09:04:46","guid":{"rendered":"https:\/\/www.parthages.be\/wordpress\/produit\/tante-hulda-et-moi\/"},"modified":"2022-02-18T10:21:37","modified_gmt":"2022-02-18T09:21:37","slug":"tante-hulda-et-moi","status":"publish","type":"product","link":"https:\/\/www.parthages.be\/eboutique\/produit\/tante-hulda-et-moi\/","title":{"rendered":"Tante Hulda et moi"},"content":{"rendered":"<p>Une amiti\u00e9 irr\u00e9sistible entre une tante pas comme les autres et sa ni\u00e8ce diff\u00e9rente\u2026<\/p>\n<p>Tante Hulda n&rsquo;est pas tout \u00e0 fait comme les autres tantes, mais sa ni\u00e8ce Sara l&rsquo;adore. Pour rien au monde, elle ne raterait les visites qu&rsquo;elle lui rend chaque mercredi au centre pour handicap\u00e9s mentaux. Mais le jour o\u00f9 la m\u00e8re de Sara d\u00e9cide d&rsquo;envoyer tante Hulda dans un institut sp\u00e9cialis\u00e9 \u00e0 la campagne, c&rsquo;en est trop.<\/p>\n<p>Road-trip<\/p>\n<p>Sara s&rsquo;enfuit avec sa tante ch\u00e9rie, pour partir retrouver Ilse, l&rsquo;ancienne infirmi\u00e8re du centre, dou\u00e9e pour d\u00e9m\u00ealer toutes les situations. Un p\u00e9riple bien organis\u00e9 qui leur r\u00e9serve des surprises&#8230;.<\/p>\n<p>Amiti\u00e9s d\u00e9cal\u00e9es, road-trip impr\u00e9vu, rencontres improbables. Un roman dr\u00f4le et tendre qui aborde avec sensibilit\u00e9 les th\u00e8mes de la folie et de la normalit\u00e9, de la diff\u00e9rence et du conformisme (pr\u00e9sentation de l&rsquo;\u00e9diteur)<\/p>\n<p>HEINLEIN S.<\/p>\n<p>Editions Bayard jeunesse<\/p>\n<p>2017- 169p.-12.90\u20ac<\/p>\n<p>205gr<\/p>\n<p>ISBN\u00a0: 978-2-7470-4769-2<\/p>\n<p>Cote doc\u00a0: 11-HEI-T<\/p>\n<span class=\"et_bloom_bottom_trigger\"><\/span>","protected":false},"excerpt":{"rendered":"<p>Une amiti\u00e9 irr\u00e9sistible entre une tante pas comme les autres et sa ni\u00e8ce diff\u00e9rente\u2026<\/p>\n","protected":false},"featured_media":861,"comment_status":"open","ping_status":"closed","template":"","meta":{"_et_pb_use_builder":"","_et_pb_old_content":"","_et_gb_content_width":"","spay_email":""},"class_list":["post-862","product","type-product","status-publish","has-post-thumbnail","hentry","product_cat-livres","product_cat-livres-jeunesse","product_tag-deficience-intellectuelle","product_tag-difference","product_tag-humour","product_tag-personne-handicapee","product_tag-tole-rance"],"jetpack_sharing_enabled":true,"jetpack_likes_enabled":true,"_links":{"self":[{"href":"https:\/\/www.parthages.be\/eboutique\/wp-json\/wp\/v2\/product\/862","targetHints":{"allow":["GET"]}}],"collection":[{"href":"https:\/\/www.parthages.be\/eboutique\/wp-json\/wp\/v2\/product"}],"about":[{"href":"https:\/\/www.parthages.be\/eboutique\/wp-json\/wp\/v2\/types\/product"}],"replies":[{"embeddable":true,"href":"https:\/\/www.parthages.be\/eboutique\/wp-json\/wp\/v2\/comments?post=862"}],"wp:featuredmedia":[{"embeddable":true,"href":"https:\/\/www.parthages.be\/eboutique\/wp-json\/wp\/v2\/media\/861"}],"wp:attachment":[{"href":"https:\/\/www.parthages.be\/eboutique\/wp-json\/wp\/v2\/media?parent=862"}],"curies":[{"name":"wp","href":"https:\/\/api.w.org\/{rel}","templated":true}]}}