{"id":864,"date":"2019-01-30T07:55:10","date_gmt":"2019-01-30T06:55:10","guid":{"rendered":"https:\/\/www.parthages.be\/wordpress\/produit\/l-hopital-explique-aux-enfants\/"},"modified":"2022-03-23T17:21:21","modified_gmt":"2022-03-23T16:21:21","slug":"l-hopital-explique-aux-enfants","status":"publish","type":"product","link":"https:\/\/www.parthages.be\/eboutique\/produit\/l-hopital-explique-aux-enfants\/","title":{"rendered":"L&rsquo;H\u00f4pital expliqu\u00e9 aux enfants"},"content":{"rendered":"<p>Un projet du CHU de Li\u00e8ge<\/p>\n<p>Une visite \u00e0 l\u2019h\u00f4pital, m\u00eame pour quelques heures, peut faire un peu peur. Ce petit livre aidera l\u2019enfant \u00e0 faire connaissance avec l\u2019h\u00f4pital et avec les personnes qui vont prendre soin de lui.<\/p>\n<p>Le\u00efla s\u2019est cass\u00e9 le bras lors d\u2019une chute en v\u00e9lo. Mathias doit \u00eatre op\u00e9r\u00e9. Clara rend visite \u00e0 son grand-papa hospitalis\u00e9. Max va chez le dentiste.<\/p>\n<p>\u00c0 travers leur parcours et gr\u00e2ce \u00e0 Hospi, leur mascotte, ce livre permet aux jeunes \u00e0 partir de 8 ans et \u00e0 leurs parents de se familiariser avec l\u2019h\u00f4pital dans tous ses aspects.<\/p>\n<p>Dans ce livre :<\/p>\n<p>\u2013 on d\u00e9couvre les urgences, la p\u00e9diatrie, la salle d\u2019op\u00e9ration, les cuisines, la blanchisserie, la pharmacie,<\/p>\n<p>\u2013 on apprend des trucs pour avoir moins peur des piq\u00fbres ou pour prendre ses m\u00e9dicaments,<\/p>\n<p>\u2013 on d\u00e9couvre les m\u00e9tiers de l\u2019h\u00f4pital et des anecdotes passionnantes sur l\u2019histoire de la m\u00e9decine,<\/p>\n<p>\u2013 on s\u2019amuse avec des mots crois\u00e9s et des jeux,<\/p>\n<p>\u2013 on trouve un glossaire, des r\u00e9f\u00e9rences, une bibliographie, des pistes et des adresses utiles. (Pr\u00e9sentation de l&rsquo;\u00e9diteur)<\/p>\n<p>COSTERMANS D.<\/p>\n<p>Editions Nowfuture<\/p>\n<p>2018- 146p.-10\u20ac<\/p>\n<p>222gr<\/p>\n<p>ISBN\u00a0: 978-2-930940-10-6<\/p>\n<p>Cote doc\u00a0: 10-10-COS-H<\/p>\n<span class=\"et_bloom_bottom_trigger\"><\/span>","protected":false},"excerpt":{"rendered":"<p>Une visite \u00e0 l\u2019h\u00f4pital, m\u00eame pour quelques heures, peut faire un peu peur.<\/p>\n","protected":false},"featured_media":863,"comment_status":"open","ping_status":"closed","template":"","meta":{"_et_pb_use_builder":"","_et_pb_old_content":"","_et_gb_content_width":"","spay_email":""},"class_list":["post-864","product","type-product","status-publish","has-post-thumbnail","hentry","product_cat-livres","product_tag-enfant","product_tag-fonctionnement","product_tag-hopital","product_tag-jeu","product_tag-parent","product_tag-sensibilisatio","product_tag-soins-de-sante","product_tag-souffrance"],"jetpack_sharing_enabled":true,"jetpack_likes_enabled":true,"_links":{"self":[{"href":"https:\/\/www.parthages.be\/eboutique\/wp-json\/wp\/v2\/product\/864","targetHints":{"allow":["GET"]}}],"collection":[{"href":"https:\/\/www.parthages.be\/eboutique\/wp-json\/wp\/v2\/product"}],"about":[{"href":"https:\/\/www.parthages.be\/eboutique\/wp-json\/wp\/v2\/types\/product"}],"replies":[{"embeddable":true,"href":"https:\/\/www.parthages.be\/eboutique\/wp-json\/wp\/v2\/comments?post=864"}],"wp:featuredmedia":[{"embeddable":true,"href":"https:\/\/www.parthages.be\/eboutique\/wp-json\/wp\/v2\/media\/863"}],"wp:attachment":[{"href":"https:\/\/www.parthages.be\/eboutique\/wp-json\/wp\/v2\/media?parent=864"}],"curies":[{"name":"wp","href":"https:\/\/api.w.org\/{rel}","templated":true}]}}