{"id":868,"date":"2019-01-30T08:01:16","date_gmt":"2019-01-30T07:01:16","guid":{"rendered":"https:\/\/www.parthages.be\/wordpress\/produit\/raconte-moi-une-avs-2\/"},"modified":"2022-05-16T21:28:04","modified_gmt":"2022-05-16T19:28:04","slug":"raconte-moi-une-avs-2","status":"publish","type":"product","link":"https:\/\/www.parthages.be\/eboutique\/produit\/raconte-moi-une-avs-2\/","title":{"rendered":"Raconte-moi une AVS"},"content":{"rendered":"<p>\u00ab Raconte-moi une AVS \u00bb est un recueil d\u2019anecdotes et d\u2019exp\u00e9riences v\u00e9cues aupr\u00e8s de lyc\u00e9ens sourds scolaris\u00e9s en classes ordinaires. Elles sont rapport\u00e9es et comment\u00e9es, avec empathie et humour, par l\u2019auxiliaire de vie scolaire qui a accompagn\u00e9 ces \u00e9l\u00e8ves. Outre la description des enjeux sp\u00e9cifiques de l\u2019inclusion scolaire pour ces \u00e9l\u00e8ves, ces courts r\u00e9cits mettent bien en lumi\u00e8re les difficult\u00e9s de la t\u00e2che confi\u00e9e aux AVS, et les situations souvent absurdes, d\u00e9cal\u00e9es, auxquelles ils ou elles sont parfois confront\u00e9es : \u00ab Est-ce un acc\u00e8s de nostalgie anticip\u00e9e, pour le jour o\u00f9 mon contrat ne sera pas renouvel\u00e9 ? Un sentiment d\u2019abandon de la part de tous ces \u00e9l\u00e8ves qui, bac en poche, partent vers d\u2019autres horizons et me laissent sur place ? Une prise de conscience aussi subite qu\u2019aigu\u00eb de la richesse, discr\u00e8te, subtile, mais n\u00e9anmoins bien r\u00e9elle de tout ce que je vivais aupr\u00e8s d\u2019eux ? La certitude que ce qu\u2019ils \u00e9prouvaient au quotidien m\u00e9ritait d\u2019\u00eatre r\u00e9v\u00e9l\u00e9 ? Probablement tout cela \u00e0 la fois. Il m\u2019a sembl\u00e9 soudain urgent, n\u00e9cessaire, imp\u00e9rieux de produire une trace de ces exp\u00e9riences, quelque chose qui m\u2019emp\u00eacherait d\u2019oublier, qui maintiendrait un lien entre eux et moi. Il me fallait aussi des complices avec qui partager ces chroniques, qui d\u00e9couvriraient, qui comprendraient, et qui en parleraient \u00e0 leur tour. \u00bb (Pr\u00e9sentation de l\u2019\u00e9diteur)<\/p>\n<p>BRIENS L.<\/p>\n<p>Tom Pousse<\/p>\n<p>2017-160p.-12\u20ac<\/p>\n<p>212gr<\/p>\n<p>ISBN\u00a0: 978-2-35345-176-0<\/p>\n<span class=\"et_bloom_bottom_trigger\"><\/span>","protected":false},"excerpt":{"rendered":"<p>\u00ab Raconte-moi une AVS \u00bb est un recueil d\u2019anecdotes et d\u2019exp\u00e9riences v\u00e9cues aupr\u00e8s de lyc\u00e9ens sourds scolaris\u00e9s en classes ordinaires.<\/p>\n","protected":false},"featured_media":867,"comment_status":"open","ping_status":"closed","template":"","meta":{"_et_pb_use_builder":"","_et_pb_old_content":"","_et_gb_content_width":"","spay_email":""},"class_list":["post-868","product","type-product","status-publish","has-post-thumbnail","hentry","product_cat-livres","product_tag-accompagnement","product_tag-enfant-handicape","product_tag-enseignement-ordinaire","product_tag-experience","product_tag-humour","product_tag-inclusion","product_tag-pedagogie","product_tag-scolarite","product_tag-surdite"],"jetpack_sharing_enabled":true,"jetpack_likes_enabled":true,"_links":{"self":[{"href":"https:\/\/www.parthages.be\/eboutique\/wp-json\/wp\/v2\/product\/868","targetHints":{"allow":["GET"]}}],"collection":[{"href":"https:\/\/www.parthages.be\/eboutique\/wp-json\/wp\/v2\/product"}],"about":[{"href":"https:\/\/www.parthages.be\/eboutique\/wp-json\/wp\/v2\/types\/product"}],"replies":[{"embeddable":true,"href":"https:\/\/www.parthages.be\/eboutique\/wp-json\/wp\/v2\/comments?post=868"}],"wp:featuredmedia":[{"embeddable":true,"href":"https:\/\/www.parthages.be\/eboutique\/wp-json\/wp\/v2\/media\/867"}],"wp:attachment":[{"href":"https:\/\/www.parthages.be\/eboutique\/wp-json\/wp\/v2\/media?parent=868"}],"curies":[{"name":"wp","href":"https:\/\/api.w.org\/{rel}","templated":true}]}}