{"id":874,"date":"2019-06-11T14:27:00","date_gmt":"2019-06-11T12:27:00","guid":{"rendered":"https:\/\/www.parthages.be\/wordpress\/produit\/usure-dans-l-institution\/"},"modified":"2019-06-11T14:27:00","modified_gmt":"2019-06-11T12:27:00","slug":"usure-dans-l-institution","status":"publish","type":"product","link":"https:\/\/www.parthages.be\/eboutique\/produit\/usure-dans-l-institution\/","title":{"rendered":"Usure dans l&rsquo;institution"},"content":{"rendered":"<p>Les maisons d\u2019accueil sp\u00e9cialis\u00e9es (MAS) et les foyers d\u2019accueil m\u00e9dicalis\u00e9s (FAM), accueillant des personnes handicap\u00e9es, se heurtent \u00e0 la probl\u00e9matique de l\u2019usure (burn-out) du personnel soignant et \u00e9ducatif. La maladie, le suicide sont parfois le seul moyen que trouvent des salari\u00e9s pour manifester leur d\u00e9tresse. Cette difficult\u00e9 majeure du fonctionnement des institutions s\u2019est renforc\u00e9e r\u00e9cemment par l\u2019allongement de la dur\u00e9e de l\u2019activit\u00e9 professionnelle.<\/p>\n<p>La lutte contre l\u2019usure du personnel est intrins\u00e8quement li\u00e9e \u00e0 la qualit\u00e9 du soin et de l\u2019accompagnement des r\u00e9sidents. Comment promouvoir leurs capacit\u00e9s, associer les familles, les partenaires, les autorit\u00e9s administratives et politiques ? Cet ouvrage apporte des solutions concr\u00e8tes (la mobilit\u00e9, l\u2019\u00e9thique, l\u2019architecture, les activit\u00e9s et les ateliers\u2026) qui s\u2019appuient sur un management adapt\u00e9 (projet personnalis\u00e9, projet de vie, co-construction) pour organiser une vie collective de l\u2019institution.<\/p>\n<p>R\u00e9dig\u00e9e par une \u00e9quipe d\u2019auteurs pluridisciplinaire (psychologues du travail, directrice d\u2019\u00e9tablissement, architecte, formateur), cette troisi\u00e8me \u00e9dition fait le point sur l\u2019importance qu\u2019ont pris les MAS et les FAM dans le champ du secteur m\u00e9dico-social depuis la loi du 2 janvier 2002 et sur l\u2019obligation de pr\u00e9vention des risques psycho-sociaux. Ce livre, dense et indispensable pour les personnels soignants et \u00e9ducatifs comme pour les usagers, les familles et les partenaires, apporte un panorama complet du probl\u00e8me de l\u2019usure dans l\u2019institution et offre des perspectives nouvelles aux personnels comme aux usagers. (Pr\u00e9sentation de l&rsquo;auteur)<\/p>\n<p>Brand\u00e9ho D.<\/p>\n<p>Presses de l&rsquo;EHESP<\/p>\n<p>2017- 330p.-25\u20ac<\/p>\n<p>420gr<\/p>\n<p>ISBN\u00a0: 978-2-8109-0583-6<\/p>\n<p>Cote doc\u00a0: 5-30-BRA-U<\/p>\n<span class=\"et_bloom_bottom_trigger\"><\/span>","protected":false},"excerpt":{"rendered":"<p>Les maisons d\u2019accueil sp\u00e9cialis\u00e9es (MAS) et les foyers d\u2019accueil m\u00e9dicalis\u00e9s (FAM), accueillant des personnes handicap\u00e9es, se heurtent \u00e0 la probl\u00e9matique de l\u2019usure (burn-out) du personnel soignant et \u00e9ducatif.<\/p>\n","protected":false},"featured_media":873,"comment_status":"open","ping_status":"closed","template":"","meta":{"_et_pb_use_builder":"","_et_pb_old_content":"","_et_gb_content_width":"","spay_email":""},"class_list":["post-874","product","type-product","status-publish","has-post-thumbnail","hentry","product_cat-livres","product_tag-epuisement-professionnel","product_tag-ethique","product_tag-institution","product_tag-personne-handicapee","product_tag-personnel-de-sante","product_tag-qualite-des-soins","product_tag-relation-soignant-soigne","product_tag-vie-en-communaute","product_tag-vie-quotidienne"],"jetpack_sharing_enabled":true,"jetpack_likes_enabled":true,"_links":{"self":[{"href":"https:\/\/www.parthages.be\/eboutique\/wp-json\/wp\/v2\/product\/874","targetHints":{"allow":["GET"]}}],"collection":[{"href":"https:\/\/www.parthages.be\/eboutique\/wp-json\/wp\/v2\/product"}],"about":[{"href":"https:\/\/www.parthages.be\/eboutique\/wp-json\/wp\/v2\/types\/product"}],"replies":[{"embeddable":true,"href":"https:\/\/www.parthages.be\/eboutique\/wp-json\/wp\/v2\/comments?post=874"}],"wp:featuredmedia":[{"embeddable":true,"href":"https:\/\/www.parthages.be\/eboutique\/wp-json\/wp\/v2\/media\/873"}],"wp:attachment":[{"href":"https:\/\/www.parthages.be\/eboutique\/wp-json\/wp\/v2\/media?parent=874"}],"curies":[{"name":"wp","href":"https:\/\/api.w.org\/{rel}","templated":true}]}}