{"id":878,"date":"2019-06-11T14:38:59","date_gmt":"2019-06-11T12:38:59","guid":{"rendered":"https:\/\/www.parthages.be\/wordpress\/produit\/sexualite-et-handicap-mental-l-ere-de-la-sante-sexuelle\/"},"modified":"2019-06-11T14:38:59","modified_gmt":"2019-06-11T12:38:59","slug":"sexualite-et-handicap-mental-l-ere-de-la-sante-sexuelle","status":"publish","type":"product","link":"https:\/\/www.parthages.be\/eboutique\/produit\/sexualite-et-handicap-mental-l-ere-de-la-sante-sexuelle\/","title":{"rendered":"Sexualit\u00e9 et handicap mental l&rsquo;\u00e8re de la sant\u00e9 sexuelle"},"content":{"rendered":"<p>Le concept de \u00ab sant\u00e9 sexuelle \u00bb d\u00e9velopp\u00e9 par l\u2019Organisation mondiale de la sant\u00e9, qui s\u2019est largement diffus\u00e9 dans le milieu de l\u2019\u00e9ducation sp\u00e9cialis\u00e9e au cours des derni\u00e8res ann\u00e9es, a profond\u00e9ment boulevers\u00e9 le traitement social de la sexualit\u00e9 des personnes d\u00e9sign\u00e9es comme \u00ab handicap\u00e9es mentales \u00bb. Envisag\u00e9e comme favorisant la sant\u00e9, une sexualit\u00e9 \u00e9panouie est d\u00e9sormais reconnue comme un \u00abbesoin\u00bb, voire comme un \u00abdroit\u00bb, pour les personnes dites \u00ab valides \u00bb comme pour celles qui sont consid\u00e9r\u00e9es comme \u00ab handicap\u00e9es mentales \u00bb. Cependant, la vie affective et sexuelle de ces derni\u00e8res, qui s\u2019est longtemps d\u00e9rob\u00e9e \u00e0 l\u2019investigation par les sciences sociales, se heurte encore \u00e0 des obstacles nombreux.<\/p>\n<p>Ce livre est le fruit d\u2019une enqu\u00eate qualitative r\u00e9alis\u00e9e en France et en Suisse aupr\u00e8s de femmes et d\u2019hommes \u00abhandicap\u00e9s mentaux\u00bb, de leurs parents, d\u2019\u00e9ducateurs et d\u2019assistants sexuels. Utilisant le handicap mental et la sexualit\u00e9 comme des r\u00e9v\u00e9lateurs mutuels, il d\u00e9construit l\u2019id\u00e9e re\u00e7ue d\u2019une sexualit\u00e9 qui serait sp\u00e9cifique aux personnes dites \u00ab handicap\u00e9es mentales \u00bb et analyse sa co-construction par ces diff\u00e9rentes cat\u00e9gories d\u2019acteurs. \u00c0 la fois clair et vivant, cet ouvrage int\u00e9ressera tant les chercheurs en sciences sociales que les professionnels de la sant\u00e9 et de l\u2019\u00e9ducation sp\u00e9cialis\u00e9e. (Pr\u00e9sentation de l&rsquo;\u00e9diteur)<\/p>\n<p>NAYAK L.<\/p>\n<p>Editions de l&rsquo;INSHEA<\/p>\n<p>2017-516p-21\u20ac<\/p>\n<p>745gr<\/p>\n<p>ISBN\u00a0: 978-2-8109-0634-5<\/p>\n<p>Cote doc\u00a0: 4-20-NAY-S<\/p>\n<span class=\"et_bloom_bottom_trigger\"><\/span>","protected":false},"excerpt":{"rendered":"<p>Le concept de \u00ab sant\u00e9 sexuelle \u00bb d\u00e9velopp\u00e9 par l\u2019Organisation mondiale de la sant\u00e9, qui s\u2019est largement diffus\u00e9 dans le milieu de l\u2019\u00e9ducation sp\u00e9cialis\u00e9e au cours des derni\u00e8res ann\u00e9es, a profond\u00e9ment boulevers\u00e9 le traitement social de la sexualit\u00e9 des personnes d\u00e9sign\u00e9es comme \u00ab handicap\u00e9es mentales \u00bb.<\/p>\n","protected":false},"featured_media":877,"comment_status":"open","ping_status":"closed","template":"","meta":{"_et_pb_use_builder":"","_et_pb_old_content":"","_et_gb_content_width":"","spay_email":""},"class_list":["post-878","product","type-product","status-publish","has-post-thumbnail","hentry","product_cat-livres","product_tag-assis-tance-sexuelle","product_tag-deviance","product_tag-droit","product_tag-france","product_tag-normalisation","product_tag-personne-handicapee","product_tag-sexualite","product_tag-suisse"],"jetpack_sharing_enabled":true,"jetpack_likes_enabled":true,"_links":{"self":[{"href":"https:\/\/www.parthages.be\/eboutique\/wp-json\/wp\/v2\/product\/878","targetHints":{"allow":["GET"]}}],"collection":[{"href":"https:\/\/www.parthages.be\/eboutique\/wp-json\/wp\/v2\/product"}],"about":[{"href":"https:\/\/www.parthages.be\/eboutique\/wp-json\/wp\/v2\/types\/product"}],"replies":[{"embeddable":true,"href":"https:\/\/www.parthages.be\/eboutique\/wp-json\/wp\/v2\/comments?post=878"}],"wp:featuredmedia":[{"embeddable":true,"href":"https:\/\/www.parthages.be\/eboutique\/wp-json\/wp\/v2\/media\/877"}],"wp:attachment":[{"href":"https:\/\/www.parthages.be\/eboutique\/wp-json\/wp\/v2\/media?parent=878"}],"curies":[{"name":"wp","href":"https:\/\/api.w.org\/{rel}","templated":true}]}}