{"id":88,"date":"2012-09-24T11:37:53","date_gmt":"2012-09-24T09:37:53","guid":{"rendered":"https:\/\/www.parthages.be\/wordpress\/produit\/liens-fraternels-et-handicap-de-l-enfance-a-l-age-adulte-souffrances-et-ressources\/"},"modified":"2022-03-23T17:30:26","modified_gmt":"2022-03-23T16:30:26","slug":"liens-fraternels-et-handicap-de-l-enfance-a-l-age-adulte-souffrances-et-ressources","status":"publish","type":"product","link":"https:\/\/www.parthages.be\/eboutique\/produit\/liens-fraternels-et-handicap-de-l-enfance-a-l-age-adulte-souffrances-et-ressources\/","title":{"rendered":"Liens fraternels et handicap. De l&rsquo;enfance \u00e0 l&rsquo;\u00e2ge adulte, souffrances et ressources"},"content":{"rendered":"<p>Qu&rsquo;un enfant de la famille soit atteint d&rsquo;un handicap a des cons\u00e9quences variables sur le p\u00e8re, la m\u00e8re, les enfants, le couple et la fratrie. Tout au long de sa vie, chacun des enfants, seul et en groupe, travaille psychiquement cette r\u00e9alit\u00e9. Chaque membre de la famille suit un cheminement singulier avec ses temporalit\u00e9s et ses modalit\u00e9s propres qu&rsquo;aucune norme ne peut d\u00e9finir \u00e0 l&rsquo;avance. Les fr\u00e8res et s\u0153urs d&rsquo;un enfant handicap\u00e9 ne d\u00e9veloppent pas de psychopathologies plus lourdes que la population tout-venant ; toutefois, prendre soin du lien fraternel a des effets positifs sur toute la famille.<\/p>\n<p>Cet ouvrage aidera familles, institutions et professionnels \u00e0 mieux saisir ce qui se passe dans la fratrie afin que chacun des enfants, y compris celui qui est handicap\u00e9, puisse b\u00e9n\u00e9ficier des fonctions positives de ce lien et que le handicap n&rsquo;entrave pas le d\u00e9ploiement de la richesse de ce qui s&rsquo;y joue et \u00e9volue avec le temps. (Pr\u00e9sentation de l\u2019\u00e9diteur)<\/p>\n<p>SCELLES R.<\/p>\n<p>2010-288p-28\u20ac<\/p>\n<p>375gr<\/p>\n<p>ISBN\u00a0: 978-2-7492-1266-1<\/p>\n<p>Cote doc\u00a0: 4-10-SCE-L<\/p>\n<span class=\"et_bloom_bottom_trigger\"><\/span>","protected":false},"excerpt":{"rendered":"<p>Qu&rsquo;un enfant de la famille soit atteint d&rsquo;un handicap a des cons\u00e9quences variables sur le p\u00e8re, la m\u00e8re, les enfants, le couple et la fratrie.<\/p>\n","protected":false},"featured_media":87,"comment_status":"open","ping_status":"closed","template":"","meta":{"_et_pb_use_builder":"","_et_pb_old_content":"","_et_gb_content_width":"","spay_email":""},"class_list":["post-88","product","type-product","status-publish","has-post-thumbnail","hentry","product_cat-livres","product_tag-acceptation","product_tag-fratrie","product_tag-identite","product_tag-personne-handicapee","product_tag-relation-fraternelle","product_tag-relation-parent-enfant","product_tag-therapie-familiale"],"jetpack_sharing_enabled":true,"jetpack_likes_enabled":true,"_links":{"self":[{"href":"https:\/\/www.parthages.be\/eboutique\/wp-json\/wp\/v2\/product\/88","targetHints":{"allow":["GET"]}}],"collection":[{"href":"https:\/\/www.parthages.be\/eboutique\/wp-json\/wp\/v2\/product"}],"about":[{"href":"https:\/\/www.parthages.be\/eboutique\/wp-json\/wp\/v2\/types\/product"}],"replies":[{"embeddable":true,"href":"https:\/\/www.parthages.be\/eboutique\/wp-json\/wp\/v2\/comments?post=88"}],"wp:featuredmedia":[{"embeddable":true,"href":"https:\/\/www.parthages.be\/eboutique\/wp-json\/wp\/v2\/media\/87"}],"wp:attachment":[{"href":"https:\/\/www.parthages.be\/eboutique\/wp-json\/wp\/v2\/media?parent=88"}],"curies":[{"name":"wp","href":"https:\/\/api.w.org\/{rel}","templated":true}]}}