{"id":880,"date":"2019-06-11T14:45:39","date_gmt":"2019-06-11T12:45:39","guid":{"rendered":"https:\/\/www.parthages.be\/wordpress\/produit\/handicap-et-mort\/"},"modified":"2025-04-29T13:34:24","modified_gmt":"2025-04-29T11:34:24","slug":"handicap-et-mort","status":"publish","type":"product","link":"https:\/\/www.parthages.be\/eboutique\/produit\/handicap-et-mort\/","title":{"rendered":"Handicap et mort"},"content":{"rendered":"<p>Handicap et mort, ce th\u00e8me est encore, \u00e0 double titre, tabou. Pourtant cette question est essentielle, fondamentale. Chaque soignant y est confront\u00e9, notamment dans les situations de handicap lourd, de maladie \u00e9volutive, d\u00e9g\u00e9n\u00e9rative, dans le travail aupr\u00e8s des sujets en fin de vie, mais aussi partout dans le quotidien des pratiques.<\/p>\n<p>La question de la mort est envisag\u00e9e \u00e0 tous les \u00e2ges de la vie, et dans des contextes divers. Depuis le deuil p\u00e9rinatal jusqu\u2019\u00e0 la fin de vie des sujets vieillissants. Depuis la \u00ab condamnation \u00e0 mort \u00bb que repr\u00e9sentent certains handicaps, certaines maladies g\u00e9n\u00e9tiques, jusqu\u2019aux handicaps provoqu\u00e9s par des actes suicidaires. Les auteurs parlent de l\u2019approche individuelle, institutionnelle, familiale, groupale, soci\u00e9tale de la mort. Ils rendent compte de la mani\u00e8re dont le sujet en situation de handicap et son entourage \u2013 familial, fraternel, institutionnel \u2013 sont convoqu\u00e9s par la question de la mort, r\u00e9elle, imagin\u00e9e ou fantasm\u00e9e. (Pr\u00e9sentation de l\u2019\u00e9diteur)<\/p>\n<p>CICCONE A.<\/p>\n<p>Editions Eres<\/p>\n<p>2018-256p-25\u20ac<\/p>\n<p>315gr<\/p>\n<p>ISBN\u00a0: 978-2-7492-6228-4<\/p>\n<p>Cote doc\u00a0: 9-20-CIC-H<\/p>\n<span class=\"et_bloom_bottom_trigger\"><\/span>","protected":false},"excerpt":{"rendered":"<p>Handicap et mort, ce th\u00e8me est encore, \u00e0 double titre, tabou. Pourtant cette question est essentielle, fondamentale.<\/p>\n","protected":false},"featured_media":879,"comment_status":"open","ping_status":"closed","template":"","meta":{"_et_pb_use_builder":"","_et_pb_old_content":"","_et_gb_content_width":"","spay_email":""},"class_list":["post-880","product","type-product","status-publish","has-post-thumbnail","hentry","product_cat-livres","product_tag-accompagnement-du-mourant","product_tag-annonce-de-la-mort","product_tag-deuil","product_tag-famille","product_tag-institution","product_tag-mort","product_tag-personne-handicapee","product_tag-relation-soignant-entourage"],"jetpack_sharing_enabled":true,"jetpack_likes_enabled":true,"_links":{"self":[{"href":"https:\/\/www.parthages.be\/eboutique\/wp-json\/wp\/v2\/product\/880","targetHints":{"allow":["GET"]}}],"collection":[{"href":"https:\/\/www.parthages.be\/eboutique\/wp-json\/wp\/v2\/product"}],"about":[{"href":"https:\/\/www.parthages.be\/eboutique\/wp-json\/wp\/v2\/types\/product"}],"replies":[{"embeddable":true,"href":"https:\/\/www.parthages.be\/eboutique\/wp-json\/wp\/v2\/comments?post=880"}],"wp:featuredmedia":[{"embeddable":true,"href":"https:\/\/www.parthages.be\/eboutique\/wp-json\/wp\/v2\/media\/879"}],"wp:attachment":[{"href":"https:\/\/www.parthages.be\/eboutique\/wp-json\/wp\/v2\/media?parent=880"}],"curies":[{"name":"wp","href":"https:\/\/api.w.org\/{rel}","templated":true}]}}