{"id":882,"date":"2019-06-11T14:48:23","date_gmt":"2019-06-11T12:48:23","guid":{"rendered":"https:\/\/www.parthages.be\/wordpress\/produit\/vivre-avec-des-troubles-psychiques-et-devenir-adulte\/"},"modified":"2022-02-18T10:21:36","modified_gmt":"2022-02-18T09:21:36","slug":"vivre-avec-des-troubles-psychiques-et-devenir-adulte","status":"publish","type":"product","link":"https:\/\/www.parthages.be\/eboutique\/produit\/vivre-avec-des-troubles-psychiques-et-devenir-adulte\/","title":{"rendered":"Vivre avec des troubles psychiques et devenir adulte"},"content":{"rendered":"<p>L\u2019objectif de cet ouvrage est de comprendre les difficult\u00e9s sp\u00e9cifiques que des jeunes adultes atteints de troubles psychiques, sortant d\u2019institution ou au terme d\u2019une prise en charge dans le secteur infanto- juv\u00e9nile, pourraient rencontrer dans leur processus d\u2019autonomisation et d\u2019insertion sociale. Il s\u2019agit de d\u00e9crire et d\u2019analyser les probl\u00e8mes particuliers de suivi sanitaire (qui peut ne pas \u00eatre pratiqu\u00e9 ou peu) et de prise en charge m\u00e9dico-sociale (trouver une place dans un dispositif, changer de place, mettre en place une formation ou un accompagnement). Le choix d\u2019une probl\u00e9matisation sous l\u2019angle de la jeunesse r\u00e9pond \u00e9galement au souci d\u2019int\u00e9grer les enjeux d\u2019autonomisation vis-\u00e0-vis de la cellule familiale. Il s\u2019agit de prendre en compte l\u2019engagement des parents dans la prise en charge du proche malade dans un moment de reformulation des relations d\u2019interd\u00e9pendance. Cette question est au carrefour de plusieurs champs de l\u2019intervention publique et de la recherche sociologique : celui de la sant\u00e9 mentale, celui du handicap, celui de la jeunesse et enfin celui de la famille. La \u00ab red\u00e9finition \u00bb n\u00e9cessaire d\u2019un objet hybride comme la prise en charge du handicap psychique n\u2019a ainsi pu \u00eatre op\u00e9r\u00e9e qu\u2019en confrontant plusieurs litt\u00e9ratures, majoritairement scientifiques, issues de ces diff\u00e9rents champs. (Pr\u00e9sentation de l&rsquo;\u00e9diteur)<\/p>\n<p>PARRON A.<\/p>\n<p>Editions de l&rsquo;INSHEA<\/p>\n<p>2015-400p-20\u20ac<\/p>\n<p>578gr<\/p>\n<p>ISBN\u00a0: 978-2-36616-032-1<\/p>\n<p>Cote doc\u00a0:\u00a04-90-PAR-V<\/p>\n<span class=\"et_bloom_bottom_trigger\"><\/span>","protected":false},"excerpt":{"rendered":"<p>L\u2019objectif de cet ouvrage est de comprendre les difficult\u00e9s sp\u00e9cifiques que des jeunes adultes atteints de troubles psychiques, sortant d\u2019institution ou au terme d\u2019une prise en charge dans le secteur infanto- juv\u00e9nile, pourraient rencontrer dans leur processus d\u2019autonomisation et d\u2019insertion sociale.<\/p>\n","protected":false},"featured_media":881,"comment_status":"open","ping_status":"closed","template":"","meta":{"_et_pb_use_builder":"","_et_pb_old_content":"","_et_gb_content_width":"","spay_email":""},"class_list":["post-882","product","type-product","status-publish","has-post-thumbnail","hentry","product_cat-livres","product_cat-livres-jeunesse","product_tag-adolescent-en-difficulte","product_tag-autonomie","product_tag-devenir-adulte","product_tag-handicap-mental","product_tag-maladie-mentale","product_tag-participation-sociale"],"jetpack_sharing_enabled":true,"jetpack_likes_enabled":true,"_links":{"self":[{"href":"https:\/\/www.parthages.be\/eboutique\/wp-json\/wp\/v2\/product\/882","targetHints":{"allow":["GET"]}}],"collection":[{"href":"https:\/\/www.parthages.be\/eboutique\/wp-json\/wp\/v2\/product"}],"about":[{"href":"https:\/\/www.parthages.be\/eboutique\/wp-json\/wp\/v2\/types\/product"}],"replies":[{"embeddable":true,"href":"https:\/\/www.parthages.be\/eboutique\/wp-json\/wp\/v2\/comments?post=882"}],"wp:featuredmedia":[{"embeddable":true,"href":"https:\/\/www.parthages.be\/eboutique\/wp-json\/wp\/v2\/media\/881"}],"wp:attachment":[{"href":"https:\/\/www.parthages.be\/eboutique\/wp-json\/wp\/v2\/media?parent=882"}],"curies":[{"name":"wp","href":"https:\/\/api.w.org\/{rel}","templated":true}]}}