{"id":886,"date":"2019-06-11T14:53:38","date_gmt":"2019-06-11T12:53:38","guid":{"rendered":"https:\/\/www.parthages.be\/wordpress\/produit\/moi-j-adore-la-pluie\/"},"modified":"2022-03-23T17:57:11","modified_gmt":"2022-03-23T16:57:11","slug":"moi-j-adore-la-pluie","status":"publish","type":"product","link":"https:\/\/www.parthages.be\/eboutique\/produit\/moi-j-adore-la-pluie\/","title":{"rendered":"Moi j&rsquo;adore la pluie!"},"content":{"rendered":"<p>Quand il pleut, tout le monde doit interrompre son pique-nique ou sa promenade en v\u00e9lo pour se mettre \u00e0 l&rsquo;abri. La pluie est vex\u00e9e d&rsquo;\u00eatre mal vue et d\u00e9cide de dispara\u00eetre, ce qui rend heureux les habitants du village. Sauf une petite fille qui adore danser sous la pluie et attend son retour avec impatience tandis que, sans eau, la nature d\u00e9p\u00e9rit. (Pr\u00e9sentation de l&rsquo;\u00e9diteur)<\/p>\n<p>\u00d6ZGE BAHAR SUNAR, UGUR A.<\/p>\n<p>Editions Rue Du Monde<\/p>\n<p>2019-36p-16\u20ac<\/p>\n<p>429gr<\/p>\n<p>ISBN\u00a0:\u00a0978-2-35504-544-8<\/p>\n<p>Cote doc\u00a0: 11-OZG-M<\/p>\n<span class=\"et_bloom_bottom_trigger\"><\/span>","protected":false},"excerpt":{"rendered":"<p>Quand il pleut, tout le monde doit interrompre son pique-nique ou sa promenade en v\u00e9lo pour se mettre \u00e0 l&rsquo;abri.<\/p>\n","protected":false},"featured_media":885,"comment_status":"open","ping_status":"closed","template":"","meta":{"_et_pb_use_builder":"","_et_pb_old_content":"","_et_gb_content_width":"","spay_email":""},"class_list":["post-886","product","type-product","status-publish","has-post-thumbnail","hentry","product_cat-livres","product_cat-livres-jeunesse","product_tag-enfant-handicape","product_tag-handicap","product_tag-musique","product_tag-sensibilisation","product_tag-surdite"],"jetpack_sharing_enabled":true,"jetpack_likes_enabled":true,"_links":{"self":[{"href":"https:\/\/www.parthages.be\/eboutique\/wp-json\/wp\/v2\/product\/886","targetHints":{"allow":["GET"]}}],"collection":[{"href":"https:\/\/www.parthages.be\/eboutique\/wp-json\/wp\/v2\/product"}],"about":[{"href":"https:\/\/www.parthages.be\/eboutique\/wp-json\/wp\/v2\/types\/product"}],"replies":[{"embeddable":true,"href":"https:\/\/www.parthages.be\/eboutique\/wp-json\/wp\/v2\/comments?post=886"}],"wp:featuredmedia":[{"embeddable":true,"href":"https:\/\/www.parthages.be\/eboutique\/wp-json\/wp\/v2\/media\/885"}],"wp:attachment":[{"href":"https:\/\/www.parthages.be\/eboutique\/wp-json\/wp\/v2\/media?parent=886"}],"curies":[{"name":"wp","href":"https:\/\/api.w.org\/{rel}","templated":true}]}}