{"id":888,"date":"2019-06-11T14:56:35","date_gmt":"2019-06-11T12:56:35","guid":{"rendered":"https:\/\/www.parthages.be\/wordpress\/produit\/animer-un-atelier-d-accompagnement-scolaire-par-le-jeu\/"},"modified":"2022-03-23T17:12:29","modified_gmt":"2022-03-23T16:12:29","slug":"animer-un-atelier-d-accompagnement-scolaire-par-le-jeu","status":"publish","type":"product","link":"https:\/\/www.parthages.be\/eboutique\/produit\/animer-un-atelier-d-accompagnement-scolaire-par-le-jeu\/","title":{"rendered":"Animer un atelier d&rsquo;accompagnement scolaire par le jeu"},"content":{"rendered":"<p>L&rsquo;\u00e9chec scolaire rencontr\u00e9 par certains \u00e9l\u00e8ves pr\u00e9occupe : l&rsquo;enfant concern\u00e9 lui-m\u00eame : ce n&rsquo;est pas dr\u00f4le d&rsquo;\u00eatre toujours le dernier, celui qui a des \u00ab\u00a0mauvaises\u00a0\u00bb notes, celui qui ne comprend pas ; les parents de ces enfants eux aussi souffrent de ne pas savoir quoi faire pour les aider, se sentant responsables ; les enseignants eux, ne r\u00e9ussissent pas toujours \u00e0 faire face \u00e0 ce qu&rsquo;ils consid\u00e8rent parfois comme un \u00e9chec personnel ; les accompagnateurs scolaires, souvent d\u00e9sarm\u00e9s, essayent de trouver des moyens les plus efficaces pour que leur action ne soit pas vaine. Ce livre propose une exp\u00e9rience d&rsquo;accompagnement par le jeu qui a \u00e9t\u00e9 men\u00e9e pendant une vingtaine d&rsquo;ann\u00e9es sous plusieurs formes et plus particuli\u00e8rement sous celle de la cr\u00e9ation d&rsquo;un atelier. Il d\u00e9crit avec pr\u00e9cision comment monter, animer et faire le bilan d&rsquo;un atelier d&rsquo;accompagnement scolaire. Il propose 30 fiches d&rsquo;activit\u00e9s. Cette formule a l&rsquo;avantage de r\u00e9concilier les enfants avec l&rsquo;apprentissage. Elle r\u00e9concilie aussi les parents avec l&rsquo;\u00e9cole sans \u00ab\u00a0marcher sur les plates-bandes\u00a0\u00bb ni des enseignants ni des parents. (Pr\u00e9sentation de l&rsquo;auteur)<\/p>\n<p>BOUSSAND-RIO D.<\/p>\n<p>Chronique Sociale<\/p>\n<p>2017-94p.-13\u20ac<\/p>\n<p>145gr<\/p>\n<p>ISBN\u00a0: 978-2-85008-977-0<\/p>\n<p>Cote doc\u00a0: 10-10-BOU-A<\/p>\n<span class=\"et_bloom_bottom_trigger\"><\/span>","protected":false},"excerpt":{"rendered":"<p>L&rsquo;\u00e9chec scolaire rencontr\u00e9 par certains \u00e9l\u00e8ves pr\u00e9occupe : l&rsquo;enfant concern\u00e9 lui-m\u00eame : ce n&rsquo;est pas dr\u00f4le d&rsquo;\u00eatre toujours le dernier, celui qui a des \u00ab\u00a0mauvaises\u00a0\u00bb notes, celui qui ne comprend pas ; les parents de ces enfants eux aussi souffrent de ne pas savoir quoi faire pour les aider, se sentant responsables&#8230;<\/p>\n","protected":false},"featured_media":887,"comment_status":"open","ping_status":"closed","template":"","meta":{"_et_pb_use_builder":"","_et_pb_old_content":"","_et_gb_content_width":"","spay_email":""},"class_list":["post-888","product","type-product","status-publish","has-post-thumbnail","hentry","product_cat-livres","product_tag-accompagnement","product_tag-apprentissage-scolaire","product_tag-atelier","product_tag-echec-scolaire","product_tag-enfant","product_tag-jeu","product_tag-methode-pedagogique","product_tag-outil","product_tag-parent","product_tag-scolarite"],"jetpack_sharing_enabled":true,"jetpack_likes_enabled":true,"_links":{"self":[{"href":"https:\/\/www.parthages.be\/eboutique\/wp-json\/wp\/v2\/product\/888","targetHints":{"allow":["GET"]}}],"collection":[{"href":"https:\/\/www.parthages.be\/eboutique\/wp-json\/wp\/v2\/product"}],"about":[{"href":"https:\/\/www.parthages.be\/eboutique\/wp-json\/wp\/v2\/types\/product"}],"replies":[{"embeddable":true,"href":"https:\/\/www.parthages.be\/eboutique\/wp-json\/wp\/v2\/comments?post=888"}],"wp:featuredmedia":[{"embeddable":true,"href":"https:\/\/www.parthages.be\/eboutique\/wp-json\/wp\/v2\/media\/887"}],"wp:attachment":[{"href":"https:\/\/www.parthages.be\/eboutique\/wp-json\/wp\/v2\/media?parent=888"}],"curies":[{"name":"wp","href":"https:\/\/api.w.org\/{rel}","templated":true}]}}