{"id":890,"date":"2019-06-11T14:58:31","date_gmt":"2019-06-11T12:58:31","guid":{"rendered":"https:\/\/www.parthages.be\/wordpress\/produit\/la-sexualite-des-personnes-handicapees\/"},"modified":"2019-06-11T14:58:31","modified_gmt":"2019-06-11T12:58:31","slug":"la-sexualite-des-personnes-handicapees","status":"publish","type":"product","link":"https:\/\/www.parthages.be\/eboutique\/produit\/la-sexualite-des-personnes-handicapees\/","title":{"rendered":"La sexualit\u00e9 des personnes handicap\u00e9es"},"content":{"rendered":"<p>La sexualit\u00e9 des personnes handicap\u00e9es sort de l&rsquo;ombre et fait actuellement l&rsquo;objet de nombreuses r\u00e9flexions pluridisciplinaires. Cet ouvrage propose une \u00e9tude juridique sur cette th\u00e9matique des plus d\u00e9licates que le l\u00e9gislateur s&rsquo;est abstenu de prendre en compte malgr\u00e9 les difficult\u00e9s qu&rsquo;elle pose. La sexualit\u00e9 ne peut exister qu&rsquo;en raison du consentement des partenaires sexuels. Or, la personne handicap\u00e9e est souvent la victime d&rsquo;actes sexuels qui lui sont impos\u00e9s. En outre, elle n\u2019a parfois aucune possibilit\u00e9 d\u2019avoir une sexualit\u00e9 en d\u00e9pit de sa volont\u00e9 d\u2019entretenir des relations sexuelles. Cette \u00e9tude propose donc la mise en place de dispositifs juridiques protecteurs de la personne handicap\u00e9e qui doit avoir la possibilit\u00e9 de vivre la sexualit\u00e9 \u2013 r\u00e9cr\u00e9ative ou procr\u00e9ative \u2013 de son choix. (Pr\u00e9sentation de l&rsquo;auteur)<\/p>\n<p>SELLAMI S.<\/p>\n<p>PUN- Editions universitaires de Lorraine<\/p>\n<p>2018-208p.-28\u20ac<\/p>\n<p>850gr<\/p>\n<p>ISBN\u00a0: 978-2-8143-0512-0<\/p>\n<p>Cote doc\u00a0: 4-20-SEL-S<\/p>\n<span class=\"et_bloom_bottom_trigger\"><\/span>","protected":false},"excerpt":{"rendered":"<p>La sexualit\u00e9 des personnes handicap\u00e9es sort de l&rsquo;ombre et fait actuellement l&rsquo;objet de nombreuses r\u00e9flexions pluridisciplinaires.<\/p>\n","protected":false},"featured_media":889,"comment_status":"open","ping_status":"closed","template":"","meta":{"_et_pb_use_builder":"","_et_pb_old_content":"","_et_gb_content_width":"","spay_email":""},"class_list":["post-890","product","type-product","status-publish","has-post-thumbnail","hentry","product_cat-livres","product_tag-accompagnement","product_tag-agression","product_tag-consente-ment-eclaire","product_tag-droit","product_tag-personne-handicapee","product_tag-procreation-assistee","product_tag-sexualite","product_tag-sterilisation","product_tag-vulnerabilite"],"jetpack_sharing_enabled":true,"jetpack_likes_enabled":true,"_links":{"self":[{"href":"https:\/\/www.parthages.be\/eboutique\/wp-json\/wp\/v2\/product\/890","targetHints":{"allow":["GET"]}}],"collection":[{"href":"https:\/\/www.parthages.be\/eboutique\/wp-json\/wp\/v2\/product"}],"about":[{"href":"https:\/\/www.parthages.be\/eboutique\/wp-json\/wp\/v2\/types\/product"}],"replies":[{"embeddable":true,"href":"https:\/\/www.parthages.be\/eboutique\/wp-json\/wp\/v2\/comments?post=890"}],"wp:featuredmedia":[{"embeddable":true,"href":"https:\/\/www.parthages.be\/eboutique\/wp-json\/wp\/v2\/media\/889"}],"wp:attachment":[{"href":"https:\/\/www.parthages.be\/eboutique\/wp-json\/wp\/v2\/media?parent=890"}],"curies":[{"name":"wp","href":"https:\/\/api.w.org\/{rel}","templated":true}]}}