{"id":892,"date":"2019-06-11T15:00:59","date_gmt":"2019-06-11T13:00:59","guid":{"rendered":"https:\/\/www.parthages.be\/wordpress\/produit\/psychologie-de-la-famille\/"},"modified":"2022-03-23T17:32:17","modified_gmt":"2022-03-23T16:32:17","slug":"psychologie-de-la-famille","status":"publish","type":"product","link":"https:\/\/www.parthages.be\/eboutique\/produit\/psychologie-de-la-famille\/","title":{"rendered":"Psychologie de la famille"},"content":{"rendered":"<p>Cet ouvrage pr\u00e9sente les notions essentielles de l\u2019approche psychologique de la famille. Sont d\u00e9crites les \u00e9volutions familiales des familles d\u2019antan aux familles plurielles. Puis la famille est abord\u00e9e du c\u00f4t\u00e9 des parents, du c\u00f4t\u00e9 des enfants et du c\u00f4t\u00e9 des autres partenaires tels que la fratrie, les grands-parents et les autres instances \u00e9ducatives. Enfin, le livre traite des probl\u00e9matiques plus singuli\u00e8res telles que l\u2019adoption, la pr\u00e9carit\u00e9, l\u2019exil ou encore les violences conjugales.<\/p>\n<p>Des apports th\u00e9oriques et des exemples de situations cliniques permettent de transmettre \u00e0 un public \u00e9tudiant les notions fondamentales \u00e0 la pratique et \u00e0 la recherche en psychologie de la famille.\u00a0 (Pr\u00e9sentation de l&rsquo;auteur)<\/p>\n<p>VINAY A.- ZAOUCHE G.<\/p>\n<p>Dunod<\/p>\n<p>2017-176p-18\u20ac<\/p>\n<p>280gr<\/p>\n<p>ISBN\u00a0: 978-2-10-076356-6<\/p>\n<p>Cote doc\u00a0: 4-10-VIN-P<\/p>\n<span class=\"et_bloom_bottom_trigger\"><\/span>","protected":false},"excerpt":{"rendered":"<p>Cet ouvrage pr\u00e9sente les notions essentielles de l\u2019approche psychologique de la famille. Sont d\u00e9crites les \u00e9volutions familiales des familles d\u2019antan aux familles plurielles.<\/p>\n","protected":false},"featured_media":891,"comment_status":"open","ping_status":"closed","template":"","meta":{"_et_pb_use_builder":"","_et_pb_old_content":"","_et_gb_content_width":"","spay_email":""},"class_list":["post-892","product","type-product","status-publish","has-post-thumbnail","hentry","product_cat-livres","product_tag-adoption","product_tag-enjeux","product_tag-evolution","product_tag-famille","product_tag-fratrie","product_tag-handicap","product_tag-psychologie","product_tag-relation-parent-adolescent","product_tag-relation-parent-enfant"],"jetpack_sharing_enabled":true,"jetpack_likes_enabled":true,"_links":{"self":[{"href":"https:\/\/www.parthages.be\/eboutique\/wp-json\/wp\/v2\/product\/892","targetHints":{"allow":["GET"]}}],"collection":[{"href":"https:\/\/www.parthages.be\/eboutique\/wp-json\/wp\/v2\/product"}],"about":[{"href":"https:\/\/www.parthages.be\/eboutique\/wp-json\/wp\/v2\/types\/product"}],"replies":[{"embeddable":true,"href":"https:\/\/www.parthages.be\/eboutique\/wp-json\/wp\/v2\/comments?post=892"}],"wp:featuredmedia":[{"embeddable":true,"href":"https:\/\/www.parthages.be\/eboutique\/wp-json\/wp\/v2\/media\/891"}],"wp:attachment":[{"href":"https:\/\/www.parthages.be\/eboutique\/wp-json\/wp\/v2\/media?parent=892"}],"curies":[{"name":"wp","href":"https:\/\/api.w.org\/{rel}","templated":true}]}}