{"id":90,"date":"2012-09-24T11:37:53","date_gmt":"2012-09-24T09:37:53","guid":{"rendered":"https:\/\/www.parthages.be\/wordpress\/produit\/legume-vert\/"},"modified":"2022-04-05T14:42:44","modified_gmt":"2022-04-05T12:42:44","slug":"legume-vert","status":"publish","type":"product","link":"https:\/\/www.parthages.be\/eboutique\/produit\/legume-vert\/","title":{"rendered":"L\u00e9gume vert"},"content":{"rendered":"<p>Ce livre est une sorte de journal de bord d&rsquo;un type qu&rsquo;on prend trop souvent pour un l\u00e9gume et qui ne trouve pas \u00e7a tr\u00e8s flatteur. Et puis, en ces temps de fi\u00e8vre \u00e9colo, le type se dit que, finalement, il consent \u00e0 \u00eatre un l\u00e9gume. Pourvu qu&rsquo;il soit vert. Parce que c&rsquo;est bon pour la sant\u00e9. P. V.<\/p>\n<p>Atteint du locked-in syndrom (ou syndrome de l&rsquo;enfermement) depuis vingt ans, Philippe Vigand est paralys\u00e9 des pieds \u00e0 la t\u00eate. Priv\u00e9 de l&rsquo;usage de la parole, il ne peut s&rsquo;exprimer que par battements de paupi\u00e8res. Le handicap est (tr\u00e8s) lourd, mais le cerveau intact, l&rsquo;esprit vif, le regard aigu, l&rsquo;humour corrosif&#8230; Et cela donne un livre tonique et d\u00e9capant. (Pr\u00e9sentation de l\u2019\u00e9diteur)<\/p>\n<p>VIGAND P.<\/p>\n<p>Anne Carri\u00e8re<\/p>\n<p>2011-160p.<\/p>\n<p>ISBN\u00a0: 978-2-8433-7593-4<\/p>\n<p>Cote doc: 2-60-VIG-L<\/p>\n<p><strong><em>Uniquement \u00e0 la location<\/em><\/strong><\/p>\n<span class=\"et_bloom_bottom_trigger\"><\/span>","protected":false},"excerpt":{"rendered":"<p>Ce livre est une sorte de journal de bord d&rsquo;un type qu&rsquo;on prend trop souvent pour un l\u00e9gume et qui ne trouve pas \u00e7a tr\u00e8s flatteur.<\/p>\n","protected":false},"featured_media":89,"comment_status":"open","ping_status":"closed","template":"","meta":{"_et_pb_use_builder":"","_et_pb_old_content":"","_et_gb_content_width":"","spay_email":""},"class_list":["post-90","product","type-product","status-publish","has-post-thumbnail","hentry","product_cat-livres","product_tag-humour","product_tag-locked-in-syndrome","product_tag-maladie-cerebro-vasculaire","product_tag-recit-de-vie"],"jetpack_sharing_enabled":true,"jetpack_likes_enabled":true,"_links":{"self":[{"href":"https:\/\/www.parthages.be\/eboutique\/wp-json\/wp\/v2\/product\/90","targetHints":{"allow":["GET"]}}],"collection":[{"href":"https:\/\/www.parthages.be\/eboutique\/wp-json\/wp\/v2\/product"}],"about":[{"href":"https:\/\/www.parthages.be\/eboutique\/wp-json\/wp\/v2\/types\/product"}],"replies":[{"embeddable":true,"href":"https:\/\/www.parthages.be\/eboutique\/wp-json\/wp\/v2\/comments?post=90"}],"wp:featuredmedia":[{"embeddable":true,"href":"https:\/\/www.parthages.be\/eboutique\/wp-json\/wp\/v2\/media\/89"}],"wp:attachment":[{"href":"https:\/\/www.parthages.be\/eboutique\/wp-json\/wp\/v2\/media?parent=90"}],"curies":[{"name":"wp","href":"https:\/\/api.w.org\/{rel}","templated":true}]}}